{"id":2192,"date":"2025-02-12T17:46:10","date_gmt":"2025-02-12T16:46:10","guid":{"rendered":"https:\/\/www.criadores.es\/producto\/criadores-adulto-light-frango-racao-para-caes-de-porte-mini\/"},"modified":"2025-06-12T12:57:44","modified_gmt":"2025-06-12T10:57:44","slug":"criadores-adulto-light-frango-racao-para-caes-de-porte-mini","status":"publish","type":"product","link":"https:\/\/www.criadores.es\/pt-pt\/producto\/criadores-adulto-light-frango-racao-para-caes-de-porte-mini\/","title":{"rendered":"Criadores Adulto Light Frango ra\u00e7\u00e3o para c\u00e3es de porte mini"},"content":{"rendered":"<h2>Ra\u00e7\u00e3o Criadores Light para c\u00e3es de ra\u00e7as pequenas<\/h2>\n<p>Para c\u00e3es de ra\u00e7a mini com tend\u00eancia para engordar ou esterilizados, Criadores Light Mini Breeds \u00e9 uma ra\u00e7\u00e3o feita \u00e0 medida, com um valor nutricional que os ajuda a ter vitalidade, mas a controlar o peso.<\/p>\n<p>\u00c9 uma receita sob a forma de ra\u00e7\u00e3o, preparada num processo de cozedura que preserva todos os nutrientes e sabores dos ingredientes, tornando-a um alimento mais suculento e completo.<\/p>\n<p><em>Com esta receita saborosa e completa, aliada a um estilo de vida ativo e a um bom passeio no parque, o seu c\u00e3o ficar\u00e1 em forma, \u00e1gil e n\u00e3o engordar\u00e1, para al\u00e9m de se divertirem muito juntos.<\/em><\/p>\n","protected":false},"excerpt":{"rendered":"<p>A ra\u00e7\u00e3o para c\u00e3es adultos Criadores Light Ra\u00e7as mini \u00e9 um alimento para c\u00e3es de ra\u00e7as pequenas com tend\u00eancia a engordar. Esta &#8230;<\/p>\n","protected":false},"featured_media":1790,"comment_status":"open","ping_status":"closed","template":"","meta":{"_acf_changed":false},"product_brand":[],"product_cat":[99,92,98],"product_tag":[],"class_list":{"0":"post-2192","1":"product","2":"type-product","3":"status-publish","4":"has-post-thumbnail","6":"product_cat-alimentacao-seca","7":"product_cat-cao","8":"product_cat-original-pt-pt","10":"first","11":"instock","12":"shipping-taxable","13":"product-type-simple"},"acf":[],"_links":{"self":[{"href":"https:\/\/www.criadores.es\/pt-pt\/wp-json\/wp\/v2\/product\/2192","targetHints":{"allow":["GET"]}}],"collection":[{"href":"https:\/\/www.criadores.es\/pt-pt\/wp-json\/wp\/v2\/product"}],"about":[{"href":"https:\/\/www.criadores.es\/pt-pt\/wp-json\/wp\/v2\/types\/product"}],"replies":[{"embeddable":true,"href":"https:\/\/www.criadores.es\/pt-pt\/wp-json\/wp\/v2\/comments?post=2192"}],"wp:featuredmedia":[{"embeddable":true,"href":"https:\/\/www.criadores.es\/pt-pt\/wp-json\/wp\/v2\/media\/1790"}],"wp:attachment":[{"href":"https:\/\/www.criadores.es\/pt-pt\/wp-json\/wp\/v2\/media?parent=2192"}],"wp:term":[{"taxonomy":"product_brand","embeddable":true,"href":"https:\/\/www.criadores.es\/pt-pt\/wp-json\/wp\/v2\/product_brand?post=2192"},{"taxonomy":"product_cat","embeddable":true,"href":"https:\/\/www.criadores.es\/pt-pt\/wp-json\/wp\/v2\/product_cat?post=2192"},{"taxonomy":"product_tag","embeddable":true,"href":"https:\/\/www.criadores.es\/pt-pt\/wp-json\/wp\/v2\/product_tag?post=2192"}],"curies":[{"name":"wp","href":"https:\/\/api.w.org\/{rel}","templated":true}]}}