{"id":2193,"date":"2025-02-10T16:03:58","date_gmt":"2025-02-10T15:03:58","guid":{"rendered":"https:\/\/www.criadores.es\/producto\/criadores-adulto-esterilizado-peixe-racao-para-gatos\/"},"modified":"2025-06-11T17:42:47","modified_gmt":"2025-06-11T15:42:47","slug":"criadores-adulto-esterilizado-peixe-racao-para-gatos","status":"publish","type":"product","link":"https:\/\/www.criadores.es\/pt-pt\/producto\/criadores-adulto-esterilizado-peixe-racao-para-gatos\/","title":{"rendered":"Criadores Adulto Esterilizado Peixe ra\u00e7\u00e3o para gatos"},"content":{"rendered":"<h2><strong>Ra\u00e7\u00e3o para gatos Criadores Esterilizado com peixe fresco<\/strong><\/h2>\n<p>A ra\u00e7\u00e3o para gatos esterilizados da Criadores com peixe \u00e9 um alimento completo e equilibrado que ajuda a cuidar da sa\u00fade do seu gato. A sua f\u00f3rmula especial tem um <strong>teor moderado de gordura para ajudar a manter um peso ideal<\/strong> ap\u00f3s a esteriliza\u00e7\u00e3o. Al\u00e9m disso, os seus <strong>ingredientes selecionados<\/strong> tamb\u00e9m promovem uma digest\u00e3o saud\u00e1vel.<\/p>\n<p>As necessidades nutricionais dos gatos esterilizados s\u00e3o especiais: necessitam de uma dieta com um teor moderado de calorias para <strong>manter a sua vitalidade<\/strong> e controlar o seu peso. A Criadores Esterilizado n\u00e3o se limita a oferecer um alimento com um teor moderado de gordura, mas tamb\u00e9m se preocupa com o sabor que os felinos gostam e com uma composi\u00e7\u00e3o que ajuda a manter a sa\u00fade. Elaborada com <strong>25% de peixe branco acabado de preparar<\/strong>, inclui ingredientes como ervilhas, ma\u00e7\u00e3s e chic\u00f3ria, bem como <strong>taurina<\/strong>, um elemento essencial da dieta de um gato.<\/p>\n<p><strong>A Criadores para gatos esterilizados<\/strong> \u00e9 um alimento de qualidade super premium que incorpora <strong>\u00e1cidos gordos \u00f3mega 3 e \u00f3mega 6<\/strong> para ajudar a cuidar da pele e do pelo. Al\u00e9m disso, o seu croquete seco extrudido \u00e9 altamente palat\u00e1vel e promove a sa\u00fade dent\u00e1ria.<\/p>\n","protected":false},"excerpt":{"rendered":"<p>O peixe branco, o arroz e os legumes s\u00e3o os ingredientes desta ra\u00e7\u00e3o da Criadores para gatos esterilizados.<\/p>\n","protected":false},"featured_media":1606,"comment_status":"open","ping_status":"closed","template":"","meta":{"_acf_changed":false},"product_brand":[],"product_cat":[105,111,106],"product_tag":[],"class_list":{"0":"post-2193","1":"product","2":"type-product","3":"status-publish","4":"has-post-thumbnail","6":"product_cat-alimentacao-seca-pt","7":"product_cat-gatos","8":"product_cat-original-gato-pt-pt","10":"first","11":"instock","12":"shipping-taxable","13":"product-type-simple"},"acf":[],"_links":{"self":[{"href":"https:\/\/www.criadores.es\/pt-pt\/wp-json\/wp\/v2\/product\/2193","targetHints":{"allow":["GET"]}}],"collection":[{"href":"https:\/\/www.criadores.es\/pt-pt\/wp-json\/wp\/v2\/product"}],"about":[{"href":"https:\/\/www.criadores.es\/pt-pt\/wp-json\/wp\/v2\/types\/product"}],"replies":[{"embeddable":true,"href":"https:\/\/www.criadores.es\/pt-pt\/wp-json\/wp\/v2\/comments?post=2193"}],"wp:featuredmedia":[{"embeddable":true,"href":"https:\/\/www.criadores.es\/pt-pt\/wp-json\/wp\/v2\/media\/1606"}],"wp:attachment":[{"href":"https:\/\/www.criadores.es\/pt-pt\/wp-json\/wp\/v2\/media?parent=2193"}],"wp:term":[{"taxonomy":"product_brand","embeddable":true,"href":"https:\/\/www.criadores.es\/pt-pt\/wp-json\/wp\/v2\/product_brand?post=2193"},{"taxonomy":"product_cat","embeddable":true,"href":"https:\/\/www.criadores.es\/pt-pt\/wp-json\/wp\/v2\/product_cat?post=2193"},{"taxonomy":"product_tag","embeddable":true,"href":"https:\/\/www.criadores.es\/pt-pt\/wp-json\/wp\/v2\/product_tag?post=2193"}],"curies":[{"name":"wp","href":"https:\/\/api.w.org\/{rel}","templated":true}]}}