{"id":2194,"date":"2025-02-13T10:43:10","date_gmt":"2025-02-13T09:43:10","guid":{"rendered":"https:\/\/www.criadores.es\/producto\/criadores-adulto-light-frango-racao-para-caes-de-porte-medio-e-grande\/"},"modified":"2025-06-11T15:41:29","modified_gmt":"2025-06-11T13:41:29","slug":"criadores-adulto-light-frango-racao-para-caes-de-porte-medio-e-grande","status":"publish","type":"product","link":"https:\/\/www.criadores.es\/pt-pt\/producto\/criadores-adulto-light-frango-racao-para-caes-de-porte-medio-e-grande\/","title":{"rendered":"Criadores Adulto Light Frango ra\u00e7\u00e3o para c\u00e3es de porte m\u00e9dio e grande"},"content":{"rendered":"<h2>Ra\u00e7\u00e3o Criadores Light para c\u00e3es com excesso de peso de ra\u00e7as m\u00e9dias e grandes<\/h2>\n<p>A ra\u00e7\u00e3o para c\u00e3es adultos <strong>Criadores Light Ra\u00e7as M\u00e9dias e Grandes<\/strong> \u00e9 um alimento natural super premium para c\u00e3es de ra\u00e7as m\u00e9dias e grandes com tend\u00eancia a ganhar peso. Esta ra\u00e7\u00e3o \u00e9 <strong>especialmente recomendada para animais esterilizados<\/strong>. \u00c9 a comida perfeita para que o seu animal de estima\u00e7\u00e3o mantenha sempre uma dieta saud\u00e1vel.<\/p>\n<p>A ra\u00e7\u00e3o light para c\u00e3es da Criadores \u00e9 um alimento apetitoso <strong>desenvolvido para aqueles animais que t\u00eam tend\u00eancia ao excesso de peso ou que levam um estilo de vida sedent\u00e1rio<\/strong>. Os seus nutrientes essenciais, com vitaminas e minerais, fortalecem o seu sistema imunit\u00e1rio. Cont\u00e9m carne de frango, o que proporciona uma grande quantidade de prote\u00ednas que promovem o crescimento muscular. O extrato de alecrim proporciona um poderoso efeito antioxidante e anti-inflamat\u00f3rio, ao mesmo tempo que estimula a atividade hep\u00e1tica e a secre\u00e7\u00e3o biliar. Al\u00e9m disso, o seu teor moderado de gordura evita que o seu c\u00e3o engorde.<\/p>\n<p>Esta ra\u00e7\u00e3o light natural super premium da marca Criadores, exclusiva da Tiendanimal, <strong>incorpora na sua f\u00f3rmula polpa de ma\u00e7\u00e3 e extrato de yuca para proporcionar ao seu animal de estima\u00e7\u00e3o uma boa sa\u00fade intestinal<\/strong>. A sua rela\u00e7\u00e3o de f\u00f3sforo e c\u00e1lcio, juntamente com o \u00f3leo de salm\u00e3o, contribuem para que o seu c\u00e3o mantenha articula\u00e7\u00f5es e ossos fortes, assim como melhora a flexibilidade das suas art\u00e9rias. Por sua vez, o \u00f3leo de salm\u00e3o ajuda o seu melhor amigo a exibir sempre um pelo brilhante.<\/p>\n<p>A comida light para c\u00e3es da Criadores oferece ao seu animal de estima\u00e7\u00e3o um alimento de qualidade super premium. O seu processo de fabrico e embalagem evita o armazenamento em silos, portanto, n\u00e3o ocorre perda de qualidade nem contamina\u00e7\u00e3o por \u00e1caros.<\/p>\n<p>Cuide o peso e a sa\u00fade do seu animal de estima\u00e7\u00e3o com o alimento seco para c\u00e3es adultos Criadores Light Ra\u00e7as m\u00e9dias e grandes.<\/p>\n<p><em><strong>A partir da data em que receber o seu produto, \u00e9 garantido um prazo de 3 meses antes do vencimento da sua data de validade ou de 1 m\u00eas no caso de produtos l\u00e1cteos e ra\u00e7\u00e3o ecol\u00f3gica.<\/strong><\/em><\/p>\n","protected":false},"excerpt":{"rendered":"<p>Ra\u00e7\u00e3o light para c\u00e3es de ra\u00e7as m\u00e9dias e grandes com tend\u00eancia para a obesidade ou que precisam de controlar o seu peso.<\/p>\n","protected":false},"featured_media":1839,"comment_status":"open","ping_status":"closed","template":"","meta":{"_acf_changed":false},"product_brand":[],"product_cat":[92],"product_tag":[],"class_list":{"0":"post-2194","1":"product","2":"type-product","3":"status-publish","4":"has-post-thumbnail","6":"product_cat-cao","8":"first","9":"instock","10":"shipping-taxable","11":"product-type-simple"},"acf":[],"_links":{"self":[{"href":"https:\/\/www.criadores.es\/pt-pt\/wp-json\/wp\/v2\/product\/2194","targetHints":{"allow":["GET"]}}],"collection":[{"href":"https:\/\/www.criadores.es\/pt-pt\/wp-json\/wp\/v2\/product"}],"about":[{"href":"https:\/\/www.criadores.es\/pt-pt\/wp-json\/wp\/v2\/types\/product"}],"replies":[{"embeddable":true,"href":"https:\/\/www.criadores.es\/pt-pt\/wp-json\/wp\/v2\/comments?post=2194"}],"wp:featuredmedia":[{"embeddable":true,"href":"https:\/\/www.criadores.es\/pt-pt\/wp-json\/wp\/v2\/media\/1839"}],"wp:attachment":[{"href":"https:\/\/www.criadores.es\/pt-pt\/wp-json\/wp\/v2\/media?parent=2194"}],"wp:term":[{"taxonomy":"product_brand","embeddable":true,"href":"https:\/\/www.criadores.es\/pt-pt\/wp-json\/wp\/v2\/product_brand?post=2194"},{"taxonomy":"product_cat","embeddable":true,"href":"https:\/\/www.criadores.es\/pt-pt\/wp-json\/wp\/v2\/product_cat?post=2194"},{"taxonomy":"product_tag","embeddable":true,"href":"https:\/\/www.criadores.es\/pt-pt\/wp-json\/wp\/v2\/product_tag?post=2194"}],"curies":[{"name":"wp","href":"https:\/\/api.w.org\/{rel}","templated":true}]}}