{"id":2195,"date":"2025-02-11T15:23:22","date_gmt":"2025-02-11T14:23:22","guid":{"rendered":"https:\/\/www.criadores.es\/producto\/criadores-adulto-frango-e-salmao-comida-humida-para-caes\/"},"modified":"2025-06-12T13:41:01","modified_gmt":"2025-06-12T11:41:01","slug":"criadores-adulto-frango-e-salmao-comida-humida-para-caes","status":"publish","type":"product","link":"https:\/\/www.criadores.es\/pt-pt\/producto\/criadores-adulto-frango-e-salmao-comida-humida-para-caes\/","title":{"rendered":"Criadores Adulto Frango e Salm\u00e3o comida h\u00famida para c\u00e3es"},"content":{"rendered":"<h2>Delicioso frango e salm\u00e3o sem aditivos artificiais para c\u00e3es<\/h2>\n<p>O seu animal de estima\u00e7\u00e3o vai adorar provar os ingredientes ricos que a <strong>receita fornecida pela Criadores<\/strong>, incluindo <strong>frango e salm\u00e3o com cenouras cozinhadas <\/strong>em altos n\u00edveis de qualidade, para que os elementos se mantenham frescos. Inclui <strong>uma variedade de vitaminas e minerais<\/strong> tais como ferro, cobre e zinco que ajudar\u00e3o o seu animal de estima\u00e7\u00e3o a estar mais forte e mais en\u00e9rgico a cada dia.<\/p>\n<p>Quando se abre a lata da Criadores, o seu amigo peludo sentir\u00e1 o cheiro do delicioso frango e das cenouras, por isso ir\u00e1 com\u00ea-la rapidamente. Os seus <strong>ingredientes equilibrados s\u00e3o f\u00e1ceis de digerir<\/strong> e s\u00e3o ideais para uma sa\u00fade intestinal \u00f3tima gra\u00e7as \u00e0 fibra e \u00e0 yucca schidigera que melhora o odor das fezes. Tratando-se dum alimento completo, ajudar\u00e1 a <strong>cuidar do pelo e da pele<\/strong> gra\u00e7as ao \u00f3leo de linha\u00e7a.<\/p>\n<p><strong><em>D\u00ea ao seu amigo peludo um alimento h\u00famido com as vitaminas de que ele necessita diariamente!<\/em><\/strong><\/p>\n","protected":false},"excerpt":{"rendered":"<p>O seu animal de estima\u00e7\u00e3o vai adorar gostar dos ingredientes ricos que a receita que a Criadores prepararam para ele, incluindo frango e salm\u00e3o com cenouras cozinhadas sob elevados n\u00edveis de qualidade.<\/p>\n","protected":false},"featured_media":1694,"comment_status":"open","ping_status":"closed","template":"","meta":{"_acf_changed":false},"product_brand":[],"product_cat":[92,94,98],"product_tag":[],"class_list":{"0":"post-2195","1":"product","2":"type-product","3":"status-publish","4":"has-post-thumbnail","6":"product_cat-cao","7":"product_cat-comida-humida","8":"product_cat-original-pt-pt","10":"first","11":"instock","12":"shipping-taxable","13":"product-type-simple"},"acf":[],"_links":{"self":[{"href":"https:\/\/www.criadores.es\/pt-pt\/wp-json\/wp\/v2\/product\/2195","targetHints":{"allow":["GET"]}}],"collection":[{"href":"https:\/\/www.criadores.es\/pt-pt\/wp-json\/wp\/v2\/product"}],"about":[{"href":"https:\/\/www.criadores.es\/pt-pt\/wp-json\/wp\/v2\/types\/product"}],"replies":[{"embeddable":true,"href":"https:\/\/www.criadores.es\/pt-pt\/wp-json\/wp\/v2\/comments?post=2195"}],"wp:featuredmedia":[{"embeddable":true,"href":"https:\/\/www.criadores.es\/pt-pt\/wp-json\/wp\/v2\/media\/1694"}],"wp:attachment":[{"href":"https:\/\/www.criadores.es\/pt-pt\/wp-json\/wp\/v2\/media?parent=2195"}],"wp:term":[{"taxonomy":"product_brand","embeddable":true,"href":"https:\/\/www.criadores.es\/pt-pt\/wp-json\/wp\/v2\/product_brand?post=2195"},{"taxonomy":"product_cat","embeddable":true,"href":"https:\/\/www.criadores.es\/pt-pt\/wp-json\/wp\/v2\/product_cat?post=2195"},{"taxonomy":"product_tag","embeddable":true,"href":"https:\/\/www.criadores.es\/pt-pt\/wp-json\/wp\/v2\/product_tag?post=2195"}],"curies":[{"name":"wp","href":"https:\/\/api.w.org\/{rel}","templated":true}]}}