{"id":2196,"date":"2025-02-13T09:37:22","date_gmt":"2025-02-13T08:37:22","guid":{"rendered":"https:\/\/www.criadores.es\/producto\/criadores-light-atum-e-mexilhoes-em-lata-para-gatos\/"},"modified":"2025-06-11T15:59:16","modified_gmt":"2025-06-11T13:59:16","slug":"criadores-light-atum-e-mexilhoes-em-lata-para-gatos","status":"publish","type":"product","link":"https:\/\/www.criadores.es\/pt-pt\/producto\/criadores-light-atum-e-mexilhoes-em-lata-para-gatos\/","title":{"rendered":"Criadores Light Atum e Mexilh\u00f5es em lata para gatos"},"content":{"rendered":"<h2><strong>Alimento h\u00famido reduzido em calorias para felinos adultos<\/strong><\/h2>\n<p>O <strong>alimento h\u00famido para gatos Criadores Light de atum com mexilh\u00f5es<\/strong> \u00e9 uma comida completa desenhada especificamente para alimentar gatos adultos de qualquer ra\u00e7a que tenham excesso de peso ou tend\u00eancia a engordar. Trata-se de uma comida com uma quantidade de calorias muito baixa com a qual o seu animal de estima\u00e7\u00e3o conseguir\u00e1 regular o seu peso.<\/p>\n<p>A sua f\u00f3rmula cont\u00e9m unicamente <strong>ingredientes de primeira qualidade<\/strong>, completamente naturais e t\u00e3o saud\u00e1veis que podem ser consumidos at\u00e9 mesmo por pessoas. Esta comida light para gatos inclui atum (40%), mexilh\u00f5es (4%), assim como <strong>c\u00e1lcio, f\u00f3sforo e <\/strong><strong>pot\u00e1ssio<\/strong>, para garantir uma dieta n\u00e3o apenas rica como tamb\u00e9m equilibrada e muito saud\u00e1vel, que garante um desenvolvimento \u00f3timo destes animais.<\/p>\n<p>Criadores Light de atum com mexilh\u00f5es est\u00e1 completamente <strong>livre de Organismos Modificados Geneticamente (OMG)<\/strong> e est\u00e1 preparada em lume baixo, para conseguir um sabor e cheiro intensos que o seu animal de estima\u00e7\u00e3o vai adorar. A sele\u00e7\u00e3o de ingredientes favorece a palatabilidade do produto, o apetite do seu melhor amigo vai ser saciado rapidamente para que n\u00e3o continue a comer e, ao mesmo tempo, ajuda no funcionamento do aparelho digestivo.<\/p>\n<p>Criadores \u00e9 uma <strong>marca pr\u00f3pria de<\/strong> <strong>Tiendanimal<\/strong>, est\u00e1 fabricada na Espanha e as suas receitas incluem ingredientes locais da mais alta qualidade. Trata-se de uma comida feita sob estritas normas de fabrica\u00e7\u00e3o para dar-lhe ao seu animal de estima\u00e7\u00e3o o que merece: um <strong>excelente alimento<\/strong>. Pode ser adquirido de forma exclusiva connosco a um pre\u00e7o incompar\u00e1vel.<\/p>\n<p align=\"\"><strong><em>O alimento h\u00famido para gatos Criadores Light de atum com mexilh\u00f5es far\u00e1 as del\u00edcias do seu gato ao mesmo tempo em que ir\u00e1 manter um peso \u00f3timo.<\/em><\/strong><\/p>\n<p><em>A partir da data em que os receba \u00e9 garantido um prazo de 3 meses antes do vencimento da data de validade, ou de 1 m\u00eas no caso dos produtos l\u00b4cteos e a ra\u00e7\u00e3o ecol\u00f3gica.<\/em><\/p>\n","protected":false},"excerpt":{"rendered":"<p>Alimento h\u00famido para gatos com excesso de peso que necessitam de uma refei\u00e7\u00e3o com baixo teor de gordura, saciante e rica em prote\u00ednas, sem comprometer o sabor e a sucul\u00eancia.<\/p>\n","protected":false},"featured_media":1818,"comment_status":"open","ping_status":"closed","template":"","meta":{"_acf_changed":false},"product_brand":[],"product_cat":[110,111,106],"product_tag":[],"class_list":{"0":"post-2196","1":"product","2":"type-product","3":"status-publish","4":"has-post-thumbnail","6":"product_cat-comida-humida-pt","7":"product_cat-gatos","8":"product_cat-original-gato-pt-pt","10":"first","11":"instock","12":"shipping-taxable","13":"product-type-simple"},"acf":[],"_links":{"self":[{"href":"https:\/\/www.criadores.es\/pt-pt\/wp-json\/wp\/v2\/product\/2196","targetHints":{"allow":["GET"]}}],"collection":[{"href":"https:\/\/www.criadores.es\/pt-pt\/wp-json\/wp\/v2\/product"}],"about":[{"href":"https:\/\/www.criadores.es\/pt-pt\/wp-json\/wp\/v2\/types\/product"}],"replies":[{"embeddable":true,"href":"https:\/\/www.criadores.es\/pt-pt\/wp-json\/wp\/v2\/comments?post=2196"}],"wp:featuredmedia":[{"embeddable":true,"href":"https:\/\/www.criadores.es\/pt-pt\/wp-json\/wp\/v2\/media\/1818"}],"wp:attachment":[{"href":"https:\/\/www.criadores.es\/pt-pt\/wp-json\/wp\/v2\/media?parent=2196"}],"wp:term":[{"taxonomy":"product_brand","embeddable":true,"href":"https:\/\/www.criadores.es\/pt-pt\/wp-json\/wp\/v2\/product_brand?post=2196"},{"taxonomy":"product_cat","embeddable":true,"href":"https:\/\/www.criadores.es\/pt-pt\/wp-json\/wp\/v2\/product_cat?post=2196"},{"taxonomy":"product_tag","embeddable":true,"href":"https:\/\/www.criadores.es\/pt-pt\/wp-json\/wp\/v2\/product_tag?post=2196"}],"curies":[{"name":"wp","href":"https:\/\/api.w.org\/{rel}","templated":true}]}}