{"id":2197,"date":"2025-02-13T17:39:20","date_gmt":"2025-02-13T16:39:20","guid":{"rendered":"https:\/\/www.criadores.es\/producto\/criadores-light-atum-e-sardinhas-lata-para-gatos\/"},"modified":"2025-06-11T13:57:37","modified_gmt":"2025-06-11T11:57:37","slug":"criadores-light-atum-e-sardinhas-lata-para-gatos","status":"publish","type":"product","link":"https:\/\/www.criadores.es\/pt-pt\/producto\/criadores-light-atum-e-sardinhas-lata-para-gatos\/","title":{"rendered":"Criadores Light Atum e Sardinhas lata para gatos"},"content":{"rendered":"<h2>Lata de atum e sardinhas para gatos Criadores<\/h2>\n<p>A lata de atum com sardinhas para gatos da Criadores Light \u00e9 um alimento projetado especificamente para alimentar gatos adultos de qualquer ra\u00e7a que estejam com sobrepeso ou tenham tend\u00eancia a engordar. Trata-se de uma refei\u00e7\u00e3o com um <strong>baixo teor de calorias<\/strong>, com a qual o seu animal de estima\u00e7\u00e3o conseguir\u00e1 regular o seu peso.<\/p>\n<p>A sua f\u00f3rmula cont\u00e9m apenas <strong>ingredientes de primeira qualidade, completamente naturais e t\u00e3o saud\u00e1veis que podem ser consumidos at\u00e9 por pessoas<\/strong>. Esta comida light para gatos inclui atum (35%), sardinhas (17%), assim como c\u00e1lcio, f\u00f3sforo e pot\u00e1ssio, para assegurar uma dieta n\u00e3o apenas rica, mas tamb\u00e9m equilibrada e muito saud\u00e1vel, que garante o \u00f3timo desenvolvimento dos seus animais.<\/p>\n<p>Criadores Light de atum com sardinhas para gato est\u00e1 completamente livre de Organismos Geneticamente Modificados (OGM) e \u00e9 cozinhado em lume brando, para obter um <strong>sabor e aroma intensos que v\u00e3o encantar o seu animal de estima\u00e7\u00e3o<\/strong>. A sele\u00e7\u00e3o de ingredientes favorece a palatabilidade do produto, fazendo com que o apetite do seu melhor amigo seja satisfeito rapidamente, para que ele n\u00e3o continue a comer em excesso, e ao mesmo tempo, ajuda no funcionamento do trato digestivo.<\/p>\n<p>Criadores \u00e9 uma marca pr\u00f3pria da Tiendanimal, \u00e9 fabricada em Espanha e as suas receitas incluem ingredientes locais da mais alta qualidade. Trata-se de uma comida produzida de acordo com rigorosas normas de fabrico para dar ao seu animal de estima\u00e7\u00e3o o que ele merece: uma excelente alimenta\u00e7\u00e3o. Pode adquiri-la exclusivamente connosco a um pre\u00e7o imbat\u00edvel.<\/p>\n<p><strong> D\u00ea ao seu gato uma dieta com os seus ingredientes favoritos com as latas de atum e sardinhas para gatos da Criadores que pode encontrar na Tiendanimal. Para al\u00e9m de serem muito nutritivas, s\u00e3o deliciosas!<\/strong><\/p>\n","protected":false},"excerpt":{"rendered":"<p>O alimento h\u00famido para gatos Criadores Light de atum com sardinhas \u00e9 uma comida desenhada especificamente para alimentar gatos adultos de qualquer ra\u00e7a que tenham &#8230;<\/p>\n","protected":false},"featured_media":1974,"comment_status":"open","ping_status":"closed","template":"","meta":{"_acf_changed":false},"product_brand":[],"product_cat":[110,111,106],"product_tag":[],"class_list":{"0":"post-2197","1":"product","2":"type-product","3":"status-publish","4":"has-post-thumbnail","6":"product_cat-comida-humida-pt","7":"product_cat-gatos","8":"product_cat-original-gato-pt-pt","10":"first","11":"instock","12":"shipping-taxable","13":"product-type-simple"},"acf":[],"_links":{"self":[{"href":"https:\/\/www.criadores.es\/pt-pt\/wp-json\/wp\/v2\/product\/2197","targetHints":{"allow":["GET"]}}],"collection":[{"href":"https:\/\/www.criadores.es\/pt-pt\/wp-json\/wp\/v2\/product"}],"about":[{"href":"https:\/\/www.criadores.es\/pt-pt\/wp-json\/wp\/v2\/types\/product"}],"replies":[{"embeddable":true,"href":"https:\/\/www.criadores.es\/pt-pt\/wp-json\/wp\/v2\/comments?post=2197"}],"wp:featuredmedia":[{"embeddable":true,"href":"https:\/\/www.criadores.es\/pt-pt\/wp-json\/wp\/v2\/media\/1974"}],"wp:attachment":[{"href":"https:\/\/www.criadores.es\/pt-pt\/wp-json\/wp\/v2\/media?parent=2197"}],"wp:term":[{"taxonomy":"product_brand","embeddable":true,"href":"https:\/\/www.criadores.es\/pt-pt\/wp-json\/wp\/v2\/product_brand?post=2197"},{"taxonomy":"product_cat","embeddable":true,"href":"https:\/\/www.criadores.es\/pt-pt\/wp-json\/wp\/v2\/product_cat?post=2197"},{"taxonomy":"product_tag","embeddable":true,"href":"https:\/\/www.criadores.es\/pt-pt\/wp-json\/wp\/v2\/product_tag?post=2197"}],"curies":[{"name":"wp","href":"https:\/\/api.w.org\/{rel}","templated":true}]}}