{"id":2198,"date":"2025-02-13T10:01:14","date_gmt":"2025-02-13T09:01:14","guid":{"rendered":"https:\/\/www.criadores.es\/producto\/2198\/"},"modified":"2025-06-11T15:56:05","modified_gmt":"2025-06-11T13:56:05","slug":"2198","status":"publish","type":"product","link":"https:\/\/www.criadores.es\/pt-pt\/producto\/2198\/","title":{"rendered":"Criadores comida h\u00famida c\u00e3o vitela com ab\u00f3bora"},"content":{"rendered":"<h2>Alimento h\u00famido para c\u00e3es Criadores: saboroso e com carne de elevada qualidade<\/h2>\n<p>O <strong>alimento h\u00famido para c\u00e3es Criadores vitela com ab\u00f3bora 400 g<\/strong> \u00e9 uma <strong>refei\u00e7\u00e3o completa e equilibrada<\/strong>, confecionada com <strong>carne de excelente qualidade<\/strong>, sem farinhas ou ossos, e de sabor irresist\u00edvel. \u00c9 adequada para todos os c\u00e3es adultos em bom estado de sa\u00fade.<\/p>\n<p>Sem d\u00favida, deseja que o seu c\u00e3o tenha sa\u00fade e bem-estar, pelo que os nutrientes s\u00e3o cruciais na escolha da sua alimenta\u00e7\u00e3o. Nada melhor do que proporcionar ao seu fiel companheiro uma <strong>alimenta\u00e7\u00e3o h\u00famida super premium<\/strong>.<\/p>\n<p>Diferentemente de outras marcas, os ingredientes da gama Criadores prov\u00eam diretamente de explora\u00e7\u00f5es agr\u00edcolas locais, que s\u00e3o regularmente inspecionadas para assegurar a m\u00e1xima qualidade das mat\u00e9rias-primas. S\u00f3 monitorizando a qualidade dos ingredientes \u00e9 que se pode alcan\u00e7ar um produto t\u00e3o excecional como o da Criadores. Adicionalmente, todas as receitas s\u00e3o formuladas por veterin\u00e1rios e especialistas em nutri\u00e7\u00e3o animal, garantindo assim uma dieta adequada para o seu c\u00e3o.<\/p>\n<p>Este alimento \u00e9 preparado com uma generosa quantidade de carne, sem aditivos, aromas artificiais, conservantes, corantes, cereais (fontes de gl\u00faten) ou substitutos de prote\u00edna, como a soja. \u00c9 um alimento monoproteico \u00e0 base de vitela, enriquecido com <strong>minerais e vitaminas<\/strong>.<\/p>\n<p>Analise a lista de ingredientes e perceber\u00e1 que a sua composi\u00e7\u00e3o n\u00e3o poderia ser mais completa. A carne de vitela \u00e9 rica em prote\u00ednas, tem baixo teor de gordura e \u00e9 abundante em minerais. Os legumes, incluindo a ab\u00f3bora, fornecem fibras, vitaminas e minerais que favorecem o tr\u00e2nsito intestinal do seu c\u00e3o. O equil\u00edbrio de minerais contraria quaisquer car\u00eancias nutricionais no seu animal de estima\u00e7\u00e3o. A receita \u00e9 complementada com \u00f3leos, como o de linha\u00e7a, que nutrem a pele e o pelo do seu c\u00e3o.<\/p>\n<p>As instala\u00e7\u00f5es onde este alimento \u00e9 produzido est\u00e3o munidas de equipamento de alta tecnologia, assegurando um processamento r\u00e1pido dos ingredientes e a manuten\u00e7\u00e3o da sua frescura e dos seus nutrientes, especialmente as vitaminas.<\/p>\n<p>O processamento destas latas de alimento obedece ao C\u00f3digo HACCP (princ\u00edpios gerais que asseguram n\u00edveis elevados de higiene e seguran\u00e7a alimentar) e ao IFS Food Standard (norma reconhecida por auditar a qualidade e seguran\u00e7a nas empresas de alimentos). Importa tamb\u00e9m salientar que estes produtos seguem os mesmos padr\u00f5es de higiene adotados na produ\u00e7\u00e3o de alimentos destinados ao <strong>consumo humano<\/strong>. Os produtos finais s\u00e3o submetidos a inspe\u00e7\u00f5es veterin\u00e1rias regulares.<\/p>\n<p>Ap\u00f3s o seu animal de estima\u00e7\u00e3o degustar a <strong>deliciosa vitela com ab\u00f3bora<\/strong>, pode experimentar outros sabores dispon\u00edveis. As latas est\u00e3o preparadas para serem conservadas no frigor\u00edfico por alguns dias sem perderem as suas propriedades. Opte pela qualidade super premium e escolha o formato que melhor lhe conv\u00e9m (1, 6 ou 12 unidades).<\/p>\n<p><em><strong>Todo o sabor da carne de elevada qualidade no alimento h\u00famido para c\u00e3es Criadores vitela com ab\u00f3bora 400 gr. Os c\u00e3es mais exigentes confirmam a sua excel\u00eancia.<\/strong><\/em><\/p>\n<p><em>Ap\u00f3s a rece\u00e7\u00e3o, \u00e9 garantido um prazo de 3 meses at\u00e9 ao vencimento da data de validade, ou de 1 m\u00eas no caso de produtos l\u00e1cteos e ra\u00e7\u00e3o org\u00e2nica.<\/em><\/p>\n","protected":false},"excerpt":{"rendered":"<p>O alimento h\u00famido da Criadores para c\u00e3es, com vitela e ab\u00f3bora 400 g, \u00e9 um alimento completo e equilibrado elaborado com carne de qualidade superior sem farinha nem ossos, e muito saboroso.<\/p>\n","protected":false},"featured_media":1825,"comment_status":"open","ping_status":"closed","template":"","meta":{"_acf_changed":false},"product_brand":[],"product_cat":[92,94,98],"product_tag":[],"class_list":{"0":"post-2198","1":"product","2":"type-product","3":"status-publish","4":"has-post-thumbnail","6":"product_cat-cao","7":"product_cat-comida-humida","8":"product_cat-original-pt-pt","10":"first","11":"instock","12":"shipping-taxable","13":"product-type-simple"},"acf":[],"_links":{"self":[{"href":"https:\/\/www.criadores.es\/pt-pt\/wp-json\/wp\/v2\/product\/2198","targetHints":{"allow":["GET"]}}],"collection":[{"href":"https:\/\/www.criadores.es\/pt-pt\/wp-json\/wp\/v2\/product"}],"about":[{"href":"https:\/\/www.criadores.es\/pt-pt\/wp-json\/wp\/v2\/types\/product"}],"replies":[{"embeddable":true,"href":"https:\/\/www.criadores.es\/pt-pt\/wp-json\/wp\/v2\/comments?post=2198"}],"wp:featuredmedia":[{"embeddable":true,"href":"https:\/\/www.criadores.es\/pt-pt\/wp-json\/wp\/v2\/media\/1825"}],"wp:attachment":[{"href":"https:\/\/www.criadores.es\/pt-pt\/wp-json\/wp\/v2\/media?parent=2198"}],"wp:term":[{"taxonomy":"product_brand","embeddable":true,"href":"https:\/\/www.criadores.es\/pt-pt\/wp-json\/wp\/v2\/product_brand?post=2198"},{"taxonomy":"product_cat","embeddable":true,"href":"https:\/\/www.criadores.es\/pt-pt\/wp-json\/wp\/v2\/product_cat?post=2198"},{"taxonomy":"product_tag","embeddable":true,"href":"https:\/\/www.criadores.es\/pt-pt\/wp-json\/wp\/v2\/product_tag?post=2198"}],"curies":[{"name":"wp","href":"https:\/\/api.w.org\/{rel}","templated":true}]}}