{"id":2199,"date":"2025-02-11T17:42:01","date_gmt":"2025-02-11T16:42:01","guid":{"rendered":"https:\/\/www.criadores.es\/producto\/criadores-kitten-frango-atum-comida-humida-gatos\/"},"modified":"2025-06-12T13:50:34","modified_gmt":"2025-06-12T11:50:34","slug":"criadores-kitten-frango-atum-comida-humida-gatos","status":"publish","type":"product","link":"https:\/\/www.criadores.es\/pt-pt\/producto\/criadores-kitten-frango-atum-comida-humida-gatos\/","title":{"rendered":"Criadores Kitten frango-atum comida h\u00famida gatos"},"content":{"rendered":"<h2><strong>Alimento h\u00famido para gatinhos de at\u00e9 12 meses<\/strong><\/h2>\n<p>O <strong>alimento h\u00famido para gatos Criadores Kitten de frango com atum<\/strong> \u00e9 uma comida completa, desenhada especificamente para alimentar gatinhos de at\u00e9 12 meses de idade. Trata-se de uma comida completa, saud\u00e1vel e muito saborosa para que o seu animal de estima\u00e7\u00e3o obtenha uma boa nutri\u00e7\u00e3o <strong>durante o seu primeiro ano de vida<\/strong>.<\/p>\n<p>A sua f\u00f3rmula cont\u00e9m unicamente <strong>ingredientes de primeira qualidade<\/strong>, completamente naturais e t\u00e3o saud\u00e1veis que podem ser consumidos at\u00e9 mesmo por pessoas. Esta comida para gatinhos \u00e9 um alimento equilibrado que inclui frango (38%), atum (14%), porco (7%), carne de vaca (5%) e \u00f3leo de salm\u00e3o, al\u00e9m de arroz, ingrediente que garante que o seu animal de estima\u00e7\u00e3o se sinta saciado depois de comer e lhe oferece uma <strong>quantidade adequada de hidratos de carbono<\/strong>.<\/p>\n<p>Criadores Kitten de frango com atum est\u00e1 completamente <strong>livre de<\/strong> <strong>Organismos Modificados Geneticamente (OMG) <\/strong>e est\u00e1 realizada a lume brando para conseguir um <strong>sabor e cheiro intensos<\/strong> que o seu animal de estima\u00e7\u00e3o vai adorar. A sele\u00e7\u00e3o de ingredientes favorece a palatabilidade do produto, o apetite do seu melhor amigo vai ser saciado rapidamente para que n\u00e3o continue a comer e, ao mesmo tempo, ajuda no funcionamento do aparelho digestivo.<\/p>\n<p>Criadores \u00e9 uma <strong>marca pr\u00f3pria de Tiendanimal<\/strong>, est\u00e1 fabricada na Espanha e as suas receitas incluem ingredientes locais da mais alta qualidade. Trata-se de uma comida feita sob estritas normas de fabrica\u00e7\u00e3o para dar-lhe ao seu animal de estima\u00e7\u00e3o o que merece: um <strong>excelente alimento<\/strong>. Pode ser adquirido de forma exclusiva connosco a um pre\u00e7o incompar\u00e1vel.<\/p>\n<p align=\"\"><strong><em>O alimento h\u00famido para gatos Criadores Kitten de frango com atum \u00e9 a receita perfeita para gatinhos de at\u00e9 12 meses de idade. De certeza v\u00e3o adorar o seu delicioso sabor!<\/em><\/strong><\/p>\n<p><em>A partir da data em que os receba \u00e9 garantido um prazo de 3 meses antes do vencimento da data de validade, ou de 1 m\u00eas no caso dos produtos l\u00b4cteos e a ra\u00e7\u00e3o ecol\u00f3gica.<\/em><\/p>\n","protected":false},"excerpt":{"rendered":"<p>O alimento h\u00famido para gatos Criadores Kitten de frango com atum \u00e9 uma comida completa, desenhada especificamente para alimentar gatinhos de at\u00e9 12 meses de idade. Trata-se de &#8230;<\/p>\n","protected":false},"featured_media":1705,"comment_status":"open","ping_status":"closed","template":"","meta":{"_acf_changed":false},"product_brand":[],"product_cat":[110,111,106],"product_tag":[],"class_list":{"0":"post-2199","1":"product","2":"type-product","3":"status-publish","4":"has-post-thumbnail","6":"product_cat-comida-humida-pt","7":"product_cat-gatos","8":"product_cat-original-gato-pt-pt","10":"first","11":"instock","12":"shipping-taxable","13":"product-type-simple"},"acf":[],"_links":{"self":[{"href":"https:\/\/www.criadores.es\/pt-pt\/wp-json\/wp\/v2\/product\/2199","targetHints":{"allow":["GET"]}}],"collection":[{"href":"https:\/\/www.criadores.es\/pt-pt\/wp-json\/wp\/v2\/product"}],"about":[{"href":"https:\/\/www.criadores.es\/pt-pt\/wp-json\/wp\/v2\/types\/product"}],"replies":[{"embeddable":true,"href":"https:\/\/www.criadores.es\/pt-pt\/wp-json\/wp\/v2\/comments?post=2199"}],"wp:featuredmedia":[{"embeddable":true,"href":"https:\/\/www.criadores.es\/pt-pt\/wp-json\/wp\/v2\/media\/1705"}],"wp:attachment":[{"href":"https:\/\/www.criadores.es\/pt-pt\/wp-json\/wp\/v2\/media?parent=2199"}],"wp:term":[{"taxonomy":"product_brand","embeddable":true,"href":"https:\/\/www.criadores.es\/pt-pt\/wp-json\/wp\/v2\/product_brand?post=2199"},{"taxonomy":"product_cat","embeddable":true,"href":"https:\/\/www.criadores.es\/pt-pt\/wp-json\/wp\/v2\/product_cat?post=2199"},{"taxonomy":"product_tag","embeddable":true,"href":"https:\/\/www.criadores.es\/pt-pt\/wp-json\/wp\/v2\/product_tag?post=2199"}],"curies":[{"name":"wp","href":"https:\/\/api.w.org\/{rel}","templated":true}]}}