{"id":2201,"date":"2025-02-13T17:27:49","date_gmt":"2025-02-13T16:27:49","guid":{"rendered":"https:\/\/www.criadores.es\/producto\/criadores-adulto-frango-em-lata-para-gatos\/"},"modified":"2025-06-11T13:26:26","modified_gmt":"2025-06-11T11:26:26","slug":"criadores-adulto-frango-em-lata-para-gatos","status":"publish","type":"product","link":"https:\/\/www.criadores.es\/pt-pt\/producto\/criadores-adulto-frango-em-lata-para-gatos\/","title":{"rendered":"Criadores Adulto Frango em lata para gatos"},"content":{"rendered":"<p>&nbsp;<\/p>\n<h2><strong>Alimento h\u00famido para felinos adultos a partir dos 12 meses<\/strong><\/h2>\n<p style=\"text-align: justify;\">O <strong>alimento h\u00famido para gatos Criadores Adulto de frango<\/strong> \u00e9 uma comida completa, desenhada especificamente para alimentar gatos a partir dos 12 meses de idade. Trata-se de uma <strong>comida completa, saud\u00e1vel e muito saborosa<\/strong>, enriquecida com minerais e nutrientes, para que o seu animal de estima\u00e7\u00e3o obtenha uma boa alimenta\u00e7\u00e3o e se mantenha saud\u00e1vel e feliz durante o seu desenvolvimento.<\/p>\n<p style=\"text-align: justify;\">A sua f\u00f3rmula cont\u00e9m unicamente <strong>ingredientes de primeira qualidade<\/strong>, completamente naturais e t\u00e3o saud\u00e1veis que podem ser consumidos at\u00e9 mesmo por pessoas. Esta comida para gatos adultos inclui frango (60%) como \u00fanica fonte de carne, al\u00e9m do arroz, ingrediente que garante que o seu animal de estima\u00e7\u00e3o se sinta saciado depois de comer e lhe oferece uma <strong>quantidade adequada de hidratos de carbono<\/strong>.<\/p>\n<p style=\"text-align: justify;\">Criadores Adulto com frango est\u00e1 completamente <strong>livre de Organismos Modificados Geneticamente (OMG) <\/strong>e est\u00e1 realizada a lume brando para conseguir um <strong>sabor e cheiro intensos<\/strong> que o seu animal de estima\u00e7\u00e3o vai adorar. A sele\u00e7\u00e3o de ingredientes favorece a palatabilidade do produto, o apetite do seu melhor amigo vai ser saciado rapidamente para que n\u00e3o continue a comer e, ao mesmo tempo, ajuda no funcionamento do aparelho digestivo.<\/p>\n<p style=\"text-align: justify;\">Criadores \u00e9 uma <strong>marca pr\u00f3pria de Tiendanimal<\/strong>, est\u00e1 fabricada na Espanha e as suas receitas incluem ingredientes locais da mais alta qualidade. Trata-se de uma comida feita sob estritas normas de fabrica\u00e7\u00e3o para dar-lhe ao seu animal de estima\u00e7\u00e3o o que merece: um <strong>excelente alimento<\/strong>. Pode ser adquirido de forma exclusiva connosco a um pre\u00e7o incompar\u00e1vel.<\/p>\n<p><strong>VANTAGENS:<\/strong><\/p>\n<ul>\n<li>Comida h\u00famida para gatos adultos a partir dos 12 meses de idade.<\/li>\n<li>Alimento completo que cont\u00e9m um 60% de carne de frango.<\/li>\n<li>Fabricado com ingredientes de primeira qualidade e completamente naturais.<\/li>\n<li>Est\u00e1 livre de Organismos Modificados Geneticamente (OMG).<\/li>\n<li>Realizado em lume baixo para intensificar o seu sabor e cheiro.<\/li>\n<\/ul>\n<p><strong>UTILIZA\u00c7\u00c3O E ESPECIFICA\u00c7\u00d5ES:<\/strong><\/p>\n<ul>\n<li>Alimento h\u00famido completamente natural e enriquecido com minerais e nutrientes para alimentar gatos adultos a partir dos 12 meses de idade.<\/li>\n<\/ul>\n<p><strong>Descri\u00e7\u00e3o nutricional:<\/strong><\/p>\n<ul>\n<li>Ingredientes: frango (60%), subst\u00e2ncias minerais, \u00e1gua de cozedura.<\/li>\n<li>Componentes anal\u00edticos: prote\u00edna bruta (9%), gorduras (4%), cinza bruta (2%), fibra bruta (0,5%), humidade (81%).<\/li>\n<li>Aditivos: vitamina E (30 mg\/kg).<\/li>\n<\/ul>\n<p><strong>Dosagem: <\/strong><\/p>\n<ul>\n<li>Sirva o alimento tendo como guia a tabela que se apresenta a seguir. Estas quantidades di\u00e1rias para o seu animal de estima\u00e7\u00e3o s\u00e3o apenas uma indica\u00e7\u00e3o, lembre-se de que cada animal \u00e9 diferente e com necessidades energ\u00e9ticas pr\u00f3prias, pelo que deve ajustar estas medidas segundo aquilo que o seu gato precisar.<\/li>\n<li>O fabricante aconselha dividir a por\u00e7\u00e3o apresentada na tabela em duas tomas ao dia.<\/li>\n<li>Lembre-se de colocar sempre \u00e1gua limpa e fresca a disposi\u00e7\u00e3o do seu animal de estima\u00e7\u00e3o.<\/li>\n<li>Conserve este alimento em um local seco, fresco e longe da luz solar direta. Uma vez aberto pode conserv\u00e1-lo no frigor\u00edfico por at\u00e9 2 dias como m\u00e1ximo.<\/li>\n<\/ul>\n<table class=\"TAtable\" border=\"1\" cellspacing=\"1\" cellpadding=\"1\">\n<thead>\n<tr>\n<th scope=\"row\">\u00a0Peso do gato<\/th>\n<th scope=\"col\">\u00a0Latas por d\u00eda<\/th>\n<\/tr>\n<\/thead>\n<tbody>\n<tr>\n<th scope=\"row\">2 kg<\/th>\n<td>1,5<\/td>\n<\/tr>\n<tr>\n<th scope=\"row\">4 kg<\/th>\n<td>3<\/td>\n<\/tr>\n<tr>\n<th scope=\"row\">6 kg<\/th>\n<td>4,5<\/td>\n<\/tr>\n<\/tbody>\n<\/table>\n<p><strong>Tamanho\/formato:<\/strong><\/p>\n<ul>\n<li>Dispon\u00edvel em latas de 170 g.<\/li>\n<\/ul>\n<p align=\"center\"><strong><em>O alimento h\u00famido para gatos Criadores Adulto de frango far\u00e1 as delicias do seu gato e ao mesmo tempo vai aportar os nutrientes e minerais essenciais que precisa para um \u00f3timo desenvolvimento.<\/em><\/strong><\/p>\n<p><em>A partir da data em que os receba \u00e9 garantido um prazo de 3 meses antes do vencimento da data de validade, ou de 1 m\u00eas no caso dos produtos l\u00b4cteos e a ra\u00e7\u00e3o ecol\u00f3gica.<\/em><\/p>\n","protected":false},"excerpt":{"rendered":"<p>Alimento h\u00famido para gatos adultos com mais de 12 meses de idade com ingredientes naturais de alta qualidade.<\/p>\n","protected":false},"featured_media":1968,"comment_status":"open","ping_status":"closed","template":"","meta":{"_acf_changed":false},"product_brand":[],"product_cat":[110,111,106],"product_tag":[],"class_list":{"0":"post-2201","1":"product","2":"type-product","3":"status-publish","4":"has-post-thumbnail","6":"product_cat-comida-humida-pt","7":"product_cat-gatos","8":"product_cat-original-gato-pt-pt","10":"first","11":"instock","12":"shipping-taxable","13":"product-type-simple"},"acf":[],"_links":{"self":[{"href":"https:\/\/www.criadores.es\/pt-pt\/wp-json\/wp\/v2\/product\/2201","targetHints":{"allow":["GET"]}}],"collection":[{"href":"https:\/\/www.criadores.es\/pt-pt\/wp-json\/wp\/v2\/product"}],"about":[{"href":"https:\/\/www.criadores.es\/pt-pt\/wp-json\/wp\/v2\/types\/product"}],"replies":[{"embeddable":true,"href":"https:\/\/www.criadores.es\/pt-pt\/wp-json\/wp\/v2\/comments?post=2201"}],"wp:featuredmedia":[{"embeddable":true,"href":"https:\/\/www.criadores.es\/pt-pt\/wp-json\/wp\/v2\/media\/1968"}],"wp:attachment":[{"href":"https:\/\/www.criadores.es\/pt-pt\/wp-json\/wp\/v2\/media?parent=2201"}],"wp:term":[{"taxonomy":"product_brand","embeddable":true,"href":"https:\/\/www.criadores.es\/pt-pt\/wp-json\/wp\/v2\/product_brand?post=2201"},{"taxonomy":"product_cat","embeddable":true,"href":"https:\/\/www.criadores.es\/pt-pt\/wp-json\/wp\/v2\/product_cat?post=2201"},{"taxonomy":"product_tag","embeddable":true,"href":"https:\/\/www.criadores.es\/pt-pt\/wp-json\/wp\/v2\/product_tag?post=2201"}],"curies":[{"name":"wp","href":"https:\/\/api.w.org\/{rel}","templated":true}]}}