{"id":2202,"date":"2025-02-12T12:29:36","date_gmt":"2025-02-12T11:29:36","guid":{"rendered":"https:\/\/www.criadores.es\/producto\/criadores-comida-humida-caes-frango-com-batatas\/"},"modified":"2025-06-11T16:37:27","modified_gmt":"2025-06-11T14:37:27","slug":"criadores-comida-humida-caes-frango-com-batatas","status":"publish","type":"product","link":"https:\/\/www.criadores.es\/pt-pt\/producto\/criadores-comida-humida-caes-frango-com-batatas\/","title":{"rendered":"Criadores comida h\u00famida c\u00e3es frango com batatas"},"content":{"rendered":"<h2>Comida h\u00famida com sabor a frango e batata para c\u00e3es adultos<\/h2>\n<p>A Criadores traz um alimento h\u00famido para c\u00e3es adultos, feito com frango e batatas. Cont\u00e9m <strong>carne de primeira qualidade<\/strong>, <strong>sem ossos ou farinha<\/strong>. <strong>Os ingredientes s\u00e3o completamente naturais<\/strong>.<\/p>\n<p>Os alimentos s\u00e3o importantes n\u00e3o s\u00f3 para as pessoas, mas tamb\u00e9m para os animais de estima\u00e7\u00e3o. Nutri\u00e7\u00e3o e sa\u00fade s\u00e3o dois conceitos que andam de m\u00e3os dadas, por isso com este produto n\u00e3o h\u00e1 necessidade dum suplemento vitam\u00ednico. \u00c9 um alimento <strong>monoproteico completo e equilibrado<\/strong>, com <strong>nutrientes e minerais essenciais selecionados<\/strong>.<\/p>\n<p>N\u00e3o cont\u00e9m aditivos, aromatizantes artificiais, atrativos qu\u00edmicos, conservantes, corantes ou gr\u00e3os adicionados. Outro aspeto a ter em conta \u00e9 que no processo de produ\u00e7\u00e3o s\u00e3o aplicadas as mesmas normas higi\u00e9nicas que s\u00e3o utilizadas no fabrico de alimentos para consumo humano.<\/p>\n<p>Al\u00e9m de preparar alimentos org\u00e2nicos sob regulamentos e controlos rigorosos, a Criadores caracteriza-se pelo seu <strong>sabor requintado<\/strong>. Al\u00e9m disso, a embalagem tamb\u00e9m \u00e9 genu\u00edna: a lata \u00e9 f\u00e1cil de abrir para que possa ser guardada no frigor\u00edfico.<\/p>\n<p><em><strong>Ofere\u00e7a este delicioso e saud\u00e1vel alimento da Criadores ao seu c\u00e3o e satisfa\u00e7a as suas necessidades na vida adulta!<\/strong><\/em><\/p>\n","protected":false},"excerpt":{"rendered":"<p>A Criadores traz um alimento h\u00famido para c\u00e3es adultos, feito com frango e batatas. Cont\u00e9m carne de primeira qualidade , sem ossos ou farinha . Os ingredientes s\u00e3&#8230;<\/p>\n","protected":false},"featured_media":1723,"comment_status":"open","ping_status":"closed","template":"","meta":{"_acf_changed":false},"product_brand":[],"product_cat":[92,94,98],"product_tag":[],"class_list":{"0":"post-2202","1":"product","2":"type-product","3":"status-publish","4":"has-post-thumbnail","6":"product_cat-cao","7":"product_cat-comida-humida","8":"product_cat-original-pt-pt","10":"first","11":"instock","12":"shipping-taxable","13":"product-type-simple"},"acf":[],"_links":{"self":[{"href":"https:\/\/www.criadores.es\/pt-pt\/wp-json\/wp\/v2\/product\/2202","targetHints":{"allow":["GET"]}}],"collection":[{"href":"https:\/\/www.criadores.es\/pt-pt\/wp-json\/wp\/v2\/product"}],"about":[{"href":"https:\/\/www.criadores.es\/pt-pt\/wp-json\/wp\/v2\/types\/product"}],"replies":[{"embeddable":true,"href":"https:\/\/www.criadores.es\/pt-pt\/wp-json\/wp\/v2\/comments?post=2202"}],"wp:featuredmedia":[{"embeddable":true,"href":"https:\/\/www.criadores.es\/pt-pt\/wp-json\/wp\/v2\/media\/1723"}],"wp:attachment":[{"href":"https:\/\/www.criadores.es\/pt-pt\/wp-json\/wp\/v2\/media?parent=2202"}],"wp:term":[{"taxonomy":"product_brand","embeddable":true,"href":"https:\/\/www.criadores.es\/pt-pt\/wp-json\/wp\/v2\/product_brand?post=2202"},{"taxonomy":"product_cat","embeddable":true,"href":"https:\/\/www.criadores.es\/pt-pt\/wp-json\/wp\/v2\/product_cat?post=2202"},{"taxonomy":"product_tag","embeddable":true,"href":"https:\/\/www.criadores.es\/pt-pt\/wp-json\/wp\/v2\/product_tag?post=2202"}],"curies":[{"name":"wp","href":"https:\/\/api.w.org\/{rel}","templated":true}]}}