{"id":2205,"date":"2025-02-14T09:26:31","date_gmt":"2025-02-14T08:26:31","guid":{"rendered":"https:\/\/www.criadores.es\/producto\/criadores-adulto-frango-e-vaca-em-lata-para-gatos\/"},"modified":"2025-06-11T17:13:38","modified_gmt":"2025-06-11T15:13:38","slug":"criadores-adulto-frango-e-vaca-em-lata-para-gatos","status":"publish","type":"product","link":"https:\/\/www.criadores.es\/pt-pt\/producto\/criadores-adulto-frango-e-vaca-em-lata-para-gatos\/","title":{"rendered":"Criadores Adulto Frango e Vaca em lata para gatos"},"content":{"rendered":"<h2><strong>Alimento h\u00famido para felinos adultos a partir dos 12 meses<\/strong><\/h2>\n<p style=\"text-align: justify;\">O <strong>alimento h\u00famido para gatos Criadores Adulto de carne de vaca <\/strong>\u00e9 uma comida completa, desenhada especificamente para alimentar gatos a partir dos 12 meses de idade. Trata-se de uma <strong>comida completa, saud\u00e1vel e muito saborosa<\/strong>, enriquecida com minerais e nutrientes, para que o seu animal de estima\u00e7\u00e3o obtenha uma boa alimenta\u00e7\u00e3o e se mantenha saud\u00e1vel e feliz durante o seu desenvolvimento.<\/p>\n<p style=\"text-align: justify;\">A sua f\u00f3rmula cont\u00e9m unicamente <strong>ingredientes de primeira qualidade<\/strong>, completamente naturais e t\u00e3o saud\u00e1veis que podem ser consumidos at\u00e9 mesmo por pessoas. Esta comida para gatos adultos inclui frango (30%) e carne de vaca (15%), como fonte de carne, al\u00e9m do arroz, ingrediente que garante que o seu animal de estima\u00e7\u00e3o se sinta saciado depois de comer e lhe oferece uma <strong>quantidade adequada de hidratos de carbono<\/strong>.<\/p>\n<p style=\"text-align: justify;\">Criadores Adulto com carne de vaca est\u00e1 completamente <strong>livre de Organismos Modificados Geneticamente (OMG) <\/strong>e est\u00e1 realizada a lume brando para conseguir um <strong>sabor e cheiro intensos<\/strong> que o seu animal de estima\u00e7\u00e3o vai adorar. A sele\u00e7\u00e3o de ingredientes favorece a palatabilidade do produto, o apetite do seu melhor amigo vai ser saciado rapidamente para que n\u00e3o continue a comer e, ao mesmo tempo, ajuda no funcionamento do aparelho digestivo.<\/p>\n<p style=\"text-align: justify;\">Criadores \u00e9 uma <strong>marca pr\u00f3pria de Tiendanimal<\/strong>, est\u00e1 fabricada na Espanha e as suas receitas incluem ingredientes locais da mais alta qualidade. Trata-se de uma comida feita sob estritas normas de fabrica\u00e7\u00e3o para dar-lhe ao seu animal de estima\u00e7\u00e3o o que merece: um <strong>excelente alimento<\/strong>. Pode ser adquirido de forma exclusiva connosco a um pre\u00e7o incompar\u00e1vel.<\/p>\n<p align=\"center\"><strong><em>O alimento h\u00famido para gatos Criadores Adulto de frango com carne de vaca far\u00e1 as delicias do seu gato e ao mesmo tempo vai aportar os nutrientes e minerais essenciais que precisa para um \u00f3timo desenvolvimento.<\/em><\/strong><\/p>\n<p><em>A partir da data em que os receba \u00e9 garantido um prazo de 3 meses antes do vencimento da data de validade, ou de 1 m\u00eas no caso dos produtos l\u00b4cteos e a ra\u00e7\u00e3o ecol\u00f3gica.<\/em><\/p>\n","protected":false},"excerpt":{"rendered":"<p>Alimento da Criadores para gatos adultos, muito saboroso e nutritivo. Com carne de vaca e frango, o que faz deste alimento um alimento h\u00famido completo e equilibrado.<\/p>\n","protected":false},"featured_media":2011,"comment_status":"open","ping_status":"closed","template":"","meta":{"_acf_changed":false},"product_brand":[],"product_cat":[110,111,106],"product_tag":[],"class_list":{"0":"post-2205","1":"product","2":"type-product","3":"status-publish","4":"has-post-thumbnail","6":"product_cat-comida-humida-pt","7":"product_cat-gatos","8":"product_cat-original-gato-pt-pt","10":"first","11":"instock","12":"shipping-taxable","13":"product-type-simple"},"acf":[],"_links":{"self":[{"href":"https:\/\/www.criadores.es\/pt-pt\/wp-json\/wp\/v2\/product\/2205","targetHints":{"allow":["GET"]}}],"collection":[{"href":"https:\/\/www.criadores.es\/pt-pt\/wp-json\/wp\/v2\/product"}],"about":[{"href":"https:\/\/www.criadores.es\/pt-pt\/wp-json\/wp\/v2\/types\/product"}],"replies":[{"embeddable":true,"href":"https:\/\/www.criadores.es\/pt-pt\/wp-json\/wp\/v2\/comments?post=2205"}],"wp:featuredmedia":[{"embeddable":true,"href":"https:\/\/www.criadores.es\/pt-pt\/wp-json\/wp\/v2\/media\/2011"}],"wp:attachment":[{"href":"https:\/\/www.criadores.es\/pt-pt\/wp-json\/wp\/v2\/media?parent=2205"}],"wp:term":[{"taxonomy":"product_brand","embeddable":true,"href":"https:\/\/www.criadores.es\/pt-pt\/wp-json\/wp\/v2\/product_brand?post=2205"},{"taxonomy":"product_cat","embeddable":true,"href":"https:\/\/www.criadores.es\/pt-pt\/wp-json\/wp\/v2\/product_cat?post=2205"},{"taxonomy":"product_tag","embeddable":true,"href":"https:\/\/www.criadores.es\/pt-pt\/wp-json\/wp\/v2\/product_tag?post=2205"}],"curies":[{"name":"wp","href":"https:\/\/api.w.org\/{rel}","templated":true}]}}