{"id":2206,"date":"2025-02-10T16:40:54","date_gmt":"2025-02-10T15:40:54","guid":{"rendered":"https:\/\/www.criadores.es\/producto\/criadores-dietetic-renal-racao-para-caes\/"},"modified":"2025-06-11T17:39:00","modified_gmt":"2025-06-11T15:39:00","slug":"criadores-dietetic-renal-racao-para-caes","status":"publish","type":"product","link":"https:\/\/www.criadores.es\/pt-pt\/producto\/criadores-dietetic-renal-racao-para-caes\/","title":{"rendered":"Criadores Dietetic Renal ra\u00e7\u00e3o para c\u00e3es"},"content":{"rendered":"<h2>Ra\u00e7\u00e3o Criadores Renal Adulto para c\u00e3es<\/h2>\n<p>C\u00e3es que sofrem de insufici\u00eancia renal cr\u00f3nica necessitam de uma alimenta\u00e7\u00e3o com baixo teor de f\u00f3sforo e prote\u00ednas moderadas para n\u00e3o sobrecarregar os rins e melhorar o seu bem-estar.<\/p>\n<p>A ra\u00e7\u00e3o para c\u00e3es Criadores Dietetic Renal leva isso em considera\u00e7\u00e3o e enriquece a sua receita com <strong>antioxidantes naturais<\/strong> para prote\u00e7\u00e3o do sistema imunit\u00e1rio e <strong>\u00e1cidos gordos<\/strong> que estimulam a absor\u00e7\u00e3o de nutrientes e ajudam na regenera\u00e7\u00e3o de tecidos e c\u00e9lulas.<\/p>\n<p>Esta ra\u00e7\u00e3o \u00e9 destinada a c\u00e3es com doen\u00e7as renais cr\u00f3nicas. Cont\u00e9m prote\u00ednas de alta qualidade para garantir a correta manuten\u00e7\u00e3o do tecido muscular.<\/p>\n<p>A insufici\u00eancia renal cr\u00f3nica \u00e9 a perda irrevers\u00edvel da fun\u00e7\u00e3o renal devido \u00e0 perda de tecido renal saud\u00e1vel. A ra\u00e7\u00e3o Criadores Dietetic Renal \u00e9 a melhor forma de aliviar esta insufici\u00eancia e proporcionar uma melhor qualidade de vida ao seu animal de estima\u00e7\u00e3o.<\/p>\n<p>\u00c9 fundamental que saiba que a ra\u00e7\u00e3o renal Criadores <strong>deve ser servida como complemento<\/strong> \u00e0 medica\u00e7\u00e3o prescrita pelo veterin\u00e1rio para garantir um tratamento completo da doen\u00e7a, nunca como tratamento principal.<\/p>\n<p>Este alimento para c\u00e3es \u00e9 o melhor alimento para complementar o tratamento m\u00e9dico que cuida da sua sa\u00fade renal, fornecendo nutrientes que fortalecem o sistema imunit\u00e1rio.<\/p>\n","protected":false},"excerpt":{"rendered":"<p>A ra\u00e7\u00e3o Criadores Dietetic Renal para c\u00e3es \u00e9 um alimento diet\u00e9tico completo que favorece o bom funcionamento dos rins em casos de insufici\u00eancia renal &#8230;<\/p>\n","protected":false},"featured_media":1612,"comment_status":"open","ping_status":"closed","template":"","meta":{"_acf_changed":false},"product_brand":[],"product_cat":[99,92,95],"product_tag":[],"class_list":{"0":"post-2206","1":"product","2":"type-product","3":"status-publish","4":"has-post-thumbnail","6":"product_cat-alimentacao-seca","7":"product_cat-cao","8":"product_cat-dietas-veterinarias-pt-pt","10":"first","11":"instock","12":"shipping-taxable","13":"product-type-simple"},"acf":[],"_links":{"self":[{"href":"https:\/\/www.criadores.es\/pt-pt\/wp-json\/wp\/v2\/product\/2206","targetHints":{"allow":["GET"]}}],"collection":[{"href":"https:\/\/www.criadores.es\/pt-pt\/wp-json\/wp\/v2\/product"}],"about":[{"href":"https:\/\/www.criadores.es\/pt-pt\/wp-json\/wp\/v2\/types\/product"}],"replies":[{"embeddable":true,"href":"https:\/\/www.criadores.es\/pt-pt\/wp-json\/wp\/v2\/comments?post=2206"}],"wp:featuredmedia":[{"embeddable":true,"href":"https:\/\/www.criadores.es\/pt-pt\/wp-json\/wp\/v2\/media\/1612"}],"wp:attachment":[{"href":"https:\/\/www.criadores.es\/pt-pt\/wp-json\/wp\/v2\/media?parent=2206"}],"wp:term":[{"taxonomy":"product_brand","embeddable":true,"href":"https:\/\/www.criadores.es\/pt-pt\/wp-json\/wp\/v2\/product_brand?post=2206"},{"taxonomy":"product_cat","embeddable":true,"href":"https:\/\/www.criadores.es\/pt-pt\/wp-json\/wp\/v2\/product_cat?post=2206"},{"taxonomy":"product_tag","embeddable":true,"href":"https:\/\/www.criadores.es\/pt-pt\/wp-json\/wp\/v2\/product_tag?post=2206"}],"curies":[{"name":"wp","href":"https:\/\/api.w.org\/{rel}","templated":true}]}}