{"id":2207,"date":"2025-02-13T10:22:39","date_gmt":"2025-02-13T09:22:39","guid":{"rendered":"https:\/\/www.criadores.es\/producto\/criadores-adulto-salmao-e-arroz-racao-para-caes-de-porte-medio-e-grande\/"},"modified":"2025-06-11T15:53:31","modified_gmt":"2025-06-11T13:53:31","slug":"criadores-adulto-salmao-e-arroz-racao-para-caes-de-porte-medio-e-grande","status":"publish","type":"product","link":"https:\/\/www.criadores.es\/pt-pt\/producto\/criadores-adulto-salmao-e-arroz-racao-para-caes-de-porte-medio-e-grande\/","title":{"rendered":"Criadores Adulto Salm\u00e3o e Arroz ra\u00e7\u00e3o para c\u00e3es de porte m\u00e9dio e grande"},"content":{"rendered":"<h2>Ra\u00e7\u00e3o de salm\u00e3o Criadores para ra\u00e7as m\u00e9dias e grandes<\/h2>\n<p>A ra\u00e7\u00e3o Criadores Adulto Salm\u00e3o e arroz \u00e9 um<strong> alimento completo e equilibrado<\/strong> formulado para c\u00e3es adultos, a partir dos 12 meses, de ra\u00e7as m\u00e9dias e grandes. A sua f\u00f3rmula adaptada satisfaz as necessidades nutricionais e energ\u00e9ticas deste tipo de c\u00e3es. Est\u00e1 elaborada com<strong> ingredientes naturais selecionados<\/strong> com numerosos benef\u00edcios para a sa\u00fade do seu animal de estima\u00e7\u00e3o, como uma<strong> excelente digest\u00e3o<\/strong>, cuidado do pelo e da pele e cuidado articular.<\/p>\n<p>Criadores Adulto Salm\u00e3o e arroz cont\u00e9m <strong>26% de prote\u00edna de salm\u00e3o desidratada<\/strong> como primeiro ingrediente. O salm\u00e3o \u00e9 um peixe<strong> rico em \u00e1cidos gordos \u00f3mega 3<\/strong> que refor\u00e7am o sistema imunit\u00e1rio e contribuem para manter uma pelagem sedosa e brilhante, al\u00e9m de uma pele saud\u00e1vel. Na receita tamb\u00e9m se utiliza o arroz, a polpa de ma\u00e7\u00e3, o azeite e o alecrim. Estes ingredientes aportam valor ao alimento, como a polpa de ma\u00e7\u00e3, que favorece o tr\u00e2nsito intestinal, ou o<strong> azeite<\/strong>, que \u00e9 rico em vitaminas A, D, E e K, em \u00e1cidos gordos e tem efeito antioxidante que ajuda a prevenir o envelhecimento das c\u00e9lulas. Por outro lado, a ra\u00e7\u00e3o Criadores sabor salm\u00e3o incorpora<strong> glucosamina<\/strong>, um suplemento que contribui para a forma\u00e7\u00e3o e a manuten\u00e7\u00e3o das cartilagens, favorecendo a mobilidade das articula\u00e7\u00f5es.<\/p>\n<p>A ra\u00e7\u00e3o apresenta-se em<strong> croquetes secos extrudidos, muito saborosos,<\/strong> para que os c\u00e3es desfrutem mais do que nunca com a sua comida. Al\u00e9m do mais, t\u00eam uma textura que ajuda a manter os <strong>dentes limpos<\/strong>. Os croquetes t\u00eam um tamanho adaptado aos dentes dos c\u00e3es de ra\u00e7as m\u00e9dias e grandes.<\/p>\n<p><strong><em>Proporcione ao seu melhor amigo uma alimenta\u00e7\u00e3o saborosa e de qualidade adaptada \u00e0s suas necessidades nutricionais com a ra\u00e7\u00e3o Criadores Adulto Salm\u00e3o e arroz.<\/em><\/strong><\/p>\n<p><em>A partir da data em que os receber, \u00e9 garantido um prazo de 3 meses antes do fim da data de validade, ou de 1 m\u00eas no caso dos produtos l\u00e1cteos e da ra\u00e7\u00e3o org\u00e2nica.<\/em><\/p>\n","protected":false},"excerpt":{"rendered":"<p>Ra\u00e7\u00e3o com arroz e salm\u00e3o para c\u00e3es adultos de porte m\u00e9dio e grande.<\/p>\n","protected":false},"featured_media":1831,"comment_status":"open","ping_status":"closed","template":"","meta":{"_acf_changed":false},"product_brand":[],"product_cat":[99,92,98],"product_tag":[],"class_list":{"0":"post-2207","1":"product","2":"type-product","3":"status-publish","4":"has-post-thumbnail","6":"product_cat-alimentacao-seca","7":"product_cat-cao","8":"product_cat-original-pt-pt","10":"first","11":"instock","12":"shipping-taxable","13":"product-type-simple"},"acf":[],"_links":{"self":[{"href":"https:\/\/www.criadores.es\/pt-pt\/wp-json\/wp\/v2\/product\/2207","targetHints":{"allow":["GET"]}}],"collection":[{"href":"https:\/\/www.criadores.es\/pt-pt\/wp-json\/wp\/v2\/product"}],"about":[{"href":"https:\/\/www.criadores.es\/pt-pt\/wp-json\/wp\/v2\/types\/product"}],"replies":[{"embeddable":true,"href":"https:\/\/www.criadores.es\/pt-pt\/wp-json\/wp\/v2\/comments?post=2207"}],"wp:featuredmedia":[{"embeddable":true,"href":"https:\/\/www.criadores.es\/pt-pt\/wp-json\/wp\/v2\/media\/1831"}],"wp:attachment":[{"href":"https:\/\/www.criadores.es\/pt-pt\/wp-json\/wp\/v2\/media?parent=2207"}],"wp:term":[{"taxonomy":"product_brand","embeddable":true,"href":"https:\/\/www.criadores.es\/pt-pt\/wp-json\/wp\/v2\/product_brand?post=2207"},{"taxonomy":"product_cat","embeddable":true,"href":"https:\/\/www.criadores.es\/pt-pt\/wp-json\/wp\/v2\/product_cat?post=2207"},{"taxonomy":"product_tag","embeddable":true,"href":"https:\/\/www.criadores.es\/pt-pt\/wp-json\/wp\/v2\/product_tag?post=2207"}],"curies":[{"name":"wp","href":"https:\/\/api.w.org\/{rel}","templated":true}]}}