{"id":2208,"date":"2025-02-13T09:07:15","date_gmt":"2025-02-13T08:07:15","guid":{"rendered":"https:\/\/www.criadores.es\/producto\/criadores-frutas-e-legumes-racao-para-caes-racas-medias-e-grandes\/"},"modified":"2025-06-12T12:52:52","modified_gmt":"2025-06-12T10:52:52","slug":"criadores-frutas-e-legumes-racao-para-caes-racas-medias-e-grandes","status":"publish","type":"product","link":"https:\/\/www.criadores.es\/pt-pt\/producto\/criadores-frutas-e-legumes-racao-para-caes-racas-medias-e-grandes\/","title":{"rendered":"Criadores Frutas e Legumes ra\u00e7\u00e3o para c\u00e3es ra\u00e7as m\u00e9dias e grandes"},"content":{"rendered":"<h2>Alimento de gama alta CRIADORES com Frutas e Verduras<\/h2>\n<p><strong>\u00c9 a \u00fanica ra\u00e7\u00e3o para c\u00e3es em que 100% dos ingredientes s\u00e3o aptos para consumo humano.<\/strong><\/p>\n<p>A maioria dos alimentos para animais de estima\u00e7\u00e3o \u00e9 fabricada com os res\u00edduos de alimentos, ou seja, o que resta depois de se separarem as partes adequadas para consumo humano. Estes ingredientes apresentam qualidade inferior.<\/p>\n<p>Existem ra\u00e7\u00f5es que incorporam ingredientes aptos para humanos, mas a marca Criadores destaca-se por ser a <strong>\u00fanica produzida integralmente em Espanha<\/strong>. Utiliza-se <strong>ingredientes 100% de primeira qualidade<\/strong>, sem incluir subprodutos ou transg\u00e9nicos.<\/p>\n<p>Agora, temos a possibilidade de oferecer uma ra\u00e7\u00e3o para c\u00e3es super premium a um pre\u00e7o muito mais acess\u00edvel do que outros alimentos semelhantes. Esta not\u00e1vel vantagem no pre\u00e7o deve-se ao facto de este alimento ser vendido diretamente. N\u00e3o existem custos adicionais com marketing, publicidade ou distribui\u00e7\u00e3o que acabam por encarecer o produto final de outras marcas renomadas.<\/p>\n<p>Ap\u00f3s uma investiga\u00e7\u00e3o rigorosa, foi desenvolvida uma ra\u00e7\u00e3o de alt\u00edssima qualidade que nada fica a dever \u00e0s marcas mais conceituadas do mercado, mas com a vantagem adicional de ter um pre\u00e7o significativamente mais baixo. <strong>Criadores \u00e9 um alimento que imita o que o animal consumiria no seu estado natural<\/strong>.<\/p>\n<p><strong>&#8220;&#8221;&#8221;&#8221;Criadores&#8221;&#8221;&#8221;&#8221;<\/strong> \u00e9 uma marca vendida exclusivamente na TiendAnimal e que proporciona uma ra\u00e7\u00e3o de gama alta a um pre\u00e7o muito competitivo (at\u00e9 metade do pre\u00e7o comparado com marcas tradicionais). Basta experimentar para comprovar.<\/p>\n<p><strong>CRIADORES com Frutas e Verduras<\/strong> \u00e9 um alimento completo, preparado a partir de ingredientes de primeira qualidade. Est\u00e1 formulado a pensar <strong>na sa\u00fade dos c\u00e3es<\/strong>. Os ingredientes incluem <strong>mais de 20 frutas e verduras<\/strong>, satisfazendo assim as necessidades do animal e atuando como <strong>ingredientes funcionais<\/strong>. Ajudam a controlar o colesterol e possuem propriedades antioxidantes. Esta ra\u00e7\u00e3o tamb\u00e9m cont\u00e9m <strong>Prebi\u00f3ticos e Probi\u00f3ticos<\/strong>, com 9 estirpes vivas de bifidobact\u00e9rias e lactobacilos.<\/p>\n<p>Os <strong>\u00e1cidos gordos vegetais e condroprotetores naturais<\/strong> est\u00e3o tamb\u00e9m presentes neste alimento. Assim, Criadores Frutas e Verduras responde \u00e0s necessidades nutricionais de c\u00e3es adultos e saud\u00e1veis de todas as ra\u00e7as e tamanhos. Para al\u00e9m disso, \u00e9 um alimento de alta qualidade, muito apetitoso e com uma excelente aceita\u00e7\u00e3o por parte dos c\u00e3es.<\/p>\n<p><em>A partir da data em que os receber, \u00e9 garantido um prazo de 3 meses antes do fim da data de validade, ou de 1 m\u00eas no caso dos produtos l\u00e1cteos e da ra\u00e7\u00e3o org\u00e2nica.<\/em><\/p>\n","protected":false},"excerpt":{"rendered":"<p>\u00c9 a \u00fanica ra\u00e7\u00e3o para c\u00e3es em que 100% dos ingredientes s\u00e3o aptos para consumo humano.<\/p>\n","protected":false},"featured_media":1810,"comment_status":"open","ping_status":"closed","template":"","meta":{"_acf_changed":false},"product_brand":[],"product_cat":[99,92,98],"product_tag":[],"class_list":{"0":"post-2208","1":"product","2":"type-product","3":"status-publish","4":"has-post-thumbnail","6":"product_cat-alimentacao-seca","7":"product_cat-cao","8":"product_cat-original-pt-pt","10":"first","11":"instock","12":"shipping-taxable","13":"product-type-simple"},"acf":[],"_links":{"self":[{"href":"https:\/\/www.criadores.es\/pt-pt\/wp-json\/wp\/v2\/product\/2208","targetHints":{"allow":["GET"]}}],"collection":[{"href":"https:\/\/www.criadores.es\/pt-pt\/wp-json\/wp\/v2\/product"}],"about":[{"href":"https:\/\/www.criadores.es\/pt-pt\/wp-json\/wp\/v2\/types\/product"}],"replies":[{"embeddable":true,"href":"https:\/\/www.criadores.es\/pt-pt\/wp-json\/wp\/v2\/comments?post=2208"}],"wp:featuredmedia":[{"embeddable":true,"href":"https:\/\/www.criadores.es\/pt-pt\/wp-json\/wp\/v2\/media\/1810"}],"wp:attachment":[{"href":"https:\/\/www.criadores.es\/pt-pt\/wp-json\/wp\/v2\/media?parent=2208"}],"wp:term":[{"taxonomy":"product_brand","embeddable":true,"href":"https:\/\/www.criadores.es\/pt-pt\/wp-json\/wp\/v2\/product_brand?post=2208"},{"taxonomy":"product_cat","embeddable":true,"href":"https:\/\/www.criadores.es\/pt-pt\/wp-json\/wp\/v2\/product_cat?post=2208"},{"taxonomy":"product_tag","embeddable":true,"href":"https:\/\/www.criadores.es\/pt-pt\/wp-json\/wp\/v2\/product_tag?post=2208"}],"curies":[{"name":"wp","href":"https:\/\/api.w.org\/{rel}","templated":true}]}}