{"id":2209,"date":"2025-02-12T18:02:55","date_gmt":"2025-02-12T17:02:55","guid":{"rendered":"https:\/\/www.criadores.es\/producto\/criadores-senior-frango-e-arroz-racao-para-caes-de-racas-medias-e-grandes\/"},"modified":"2025-06-12T12:53:34","modified_gmt":"2025-06-12T10:53:34","slug":"criadores-senior-frango-e-arroz-racao-para-caes-de-racas-medias-e-grandes","status":"publish","type":"product","link":"https:\/\/www.criadores.es\/pt-pt\/producto\/criadores-senior-frango-e-arroz-racao-para-caes-de-racas-medias-e-grandes\/","title":{"rendered":"Criadores Senior Frango e Arroz ra\u00e7\u00e3o para c\u00e3es de ra\u00e7as m\u00e9dias e grandes"},"content":{"rendered":"<h2>Ra\u00e7\u00e3o de frango e arroz para c\u00e3es de ra\u00e7as m\u00e9dias e grandes da Criadores Senior<\/h2>\n<p>A <strong>ra\u00e7\u00e3o natural super premium da Criadores Senior<\/strong> \u00e9 indicada para c\u00e3es com mais de 7 anos de idade de qualquer ra\u00e7a. Al\u00e9m disso, \u00e9 uma ra\u00e7\u00e3o equilibrada e muito saborosa. Esta <strong>ra\u00e7\u00e3o para c\u00e3es seniores<\/strong> tem a qualidade nutricional certa para promover os cuidados com a sa\u00fade dent\u00e1ria, articular e intestinal do seu animal de estima\u00e7\u00e3o. Tamb\u00e9m inclui <strong>\u00f3leo de salm\u00e3o<\/strong>, uma fonte de \u00e1cidos gordos essenciais, que ajudam a manter a pele e o pelo saud\u00e1veis.<\/p>\n<p>A <strong>ra\u00e7\u00e3o para c\u00e3es<\/strong> idosos cont\u00e9m carne de frango desidratada que fornece prote\u00ednas f\u00e1ceis de metabolizar, necess\u00e1rias para o fortalecimento muscular. O arroz fornece a energia que o seu c\u00e3o precisa. Por outro lado, os extratos de mandioca promovem a manuten\u00e7\u00e3o de uma adequada <strong>sa\u00fade digestiva.<\/strong> Este <strong>alimento para c\u00e3es mais velhos <\/strong>tem antioxidantes naturais, que ajudam a combater os danos oxidativos a n\u00edvel celular, e vitaminas e minerais que ajudam a fortalecer o sistema imunit\u00e1rio.<\/p>\n<p><em>D\u00ea ao seu c\u00e3o com mais de 7 anos de idade, um alimento nutritivo, saud\u00e1vel e saboroso com a Criadores Senior!<\/em><\/p>\n<p><em>**A partir da data de rece\u00e7\u00e3o do seu produto, \u00e9 garantido um per\u00edodo de 3 meses antes do termo do prazo de validade, ou de 1 m\u00eas no caso dos produtos l\u00e1cteos e dos alimentos biol\u00f3gicos para animais.<\/em><\/p>\n","protected":false},"excerpt":{"rendered":"<p>Ra\u00e7\u00e3o da Criadores Senior de frango para c\u00e3es com mais de 7 anos de idade.<\/p>\n","protected":false},"featured_media":1805,"comment_status":"open","ping_status":"closed","template":"","meta":{"_acf_changed":false},"product_brand":[],"product_cat":[99,92,98],"product_tag":[],"class_list":{"0":"post-2209","1":"product","2":"type-product","3":"status-publish","4":"has-post-thumbnail","6":"product_cat-alimentacao-seca","7":"product_cat-cao","8":"product_cat-original-pt-pt","10":"first","11":"instock","12":"shipping-taxable","13":"product-type-simple"},"acf":[],"_links":{"self":[{"href":"https:\/\/www.criadores.es\/pt-pt\/wp-json\/wp\/v2\/product\/2209","targetHints":{"allow":["GET"]}}],"collection":[{"href":"https:\/\/www.criadores.es\/pt-pt\/wp-json\/wp\/v2\/product"}],"about":[{"href":"https:\/\/www.criadores.es\/pt-pt\/wp-json\/wp\/v2\/types\/product"}],"replies":[{"embeddable":true,"href":"https:\/\/www.criadores.es\/pt-pt\/wp-json\/wp\/v2\/comments?post=2209"}],"wp:featuredmedia":[{"embeddable":true,"href":"https:\/\/www.criadores.es\/pt-pt\/wp-json\/wp\/v2\/media\/1805"}],"wp:attachment":[{"href":"https:\/\/www.criadores.es\/pt-pt\/wp-json\/wp\/v2\/media?parent=2209"}],"wp:term":[{"taxonomy":"product_brand","embeddable":true,"href":"https:\/\/www.criadores.es\/pt-pt\/wp-json\/wp\/v2\/product_brand?post=2209"},{"taxonomy":"product_cat","embeddable":true,"href":"https:\/\/www.criadores.es\/pt-pt\/wp-json\/wp\/v2\/product_cat?post=2209"},{"taxonomy":"product_tag","embeddable":true,"href":"https:\/\/www.criadores.es\/pt-pt\/wp-json\/wp\/v2\/product_tag?post=2209"}],"curies":[{"name":"wp","href":"https:\/\/api.w.org\/{rel}","templated":true}]}}