{"id":2210,"date":"2025-02-10T15:39:35","date_gmt":"2025-02-10T14:39:35","guid":{"rendered":"https:\/\/www.criadores.es\/producto\/criadores-dietetic-adulto-dermatose-racao-para-caes\/"},"modified":"2025-06-11T17:45:31","modified_gmt":"2025-06-11T15:45:31","slug":"criadores-dietetic-adulto-dermatose-racao-para-caes","status":"publish","type":"product","link":"https:\/\/www.criadores.es\/pt-pt\/producto\/criadores-dietetic-adulto-dermatose-racao-para-caes\/","title":{"rendered":"Criadores Dietetic Adulto Dermatose ra\u00e7\u00e3o para c\u00e3es"},"content":{"rendered":"<h2>Comida para c\u00e3es com problemas de pele Criadores Dietetic Dermatosis<\/h2>\n<p>A ra\u00e7\u00e3o Criadores Dietetic Dermatosis para c\u00e3es \u00e9 um alimento diet\u00e9tico completo que <strong>cuida da pele dos c\u00e3es mais sens\u00edveis<\/strong>, al\u00e9m de atuar contra a perda de pelo excessiva. A sua f\u00f3rmula especial, elaborada por veterin\u00e1rios especializados, favorece a sa\u00fade geral do seu animal de estima\u00e7\u00e3o para que tenha uma pelagem brilhante, que demostre o seu bem-estar.<\/p>\n<p>Esta variedade de Criadores mant\u00e9m a fun\u00e7\u00e3o d\u00e9rmica da pele em <strong>casos de dermatose<\/strong>. Cont\u00e9m um alto conte\u00fado de <strong>\u00e1cidos gordos \u00f3mega 3 e \u00f3mega 6<\/strong> que mant\u00eam a pele e o pelo saud\u00e1veis, al\u00e9m de fortalec\u00ea-los. A receita tamb\u00e9m favorece a sa\u00fade digestiva com ingredientes selecionados, que facilita a absor\u00e7\u00e3o de nutrientes para uma digest\u00e3o harm\u00f4nica. Criadores Dermatosis \u00e9 elaborada com <strong>salm\u00e3o fresco<\/strong>, um alimento com prote\u00ednas de alta qualidade, minerais e vitaminas. Os antioxidantes naturais tamb\u00e9m fortalecem o sistema imunol\u00f3gico e retardam o envelhecimento celular.<\/p>\n<p>A dermatose inclui todas as <strong>doen\u00e7as da pele, do pelo e das unhas<\/strong>. Com uma correta alimenta\u00e7\u00e3o poder\u00e1 prevenir ou melhorar os sintomas das doen\u00e7as dermatol\u00f3gicas causadas por desequil\u00edbrios nutricionais ou alergias \u00e0s picadas e determinados alimentos. Alguns dos sintomas desta doen\u00e7a s\u00e3o a <strong>comich\u00e3o, a descama\u00e7\u00e3o, a queda de pelo<\/strong>, lamber em excesso e outras infe\u00e7\u00f5es secund\u00e1rias da pele.<\/p>\n<p><strong>A<\/strong> <strong>ra\u00e7\u00e3o Criadores Dietetic Dermatosis para c\u00e3es cuida da pele e pelagem do seu animal de estima\u00e7\u00e3o desde dentro.<\/strong><\/p>\n<p><em>A partir da data em que os receba \u00e9 garantido um prazo de 3 meses antes do vencimento da data de validade, ou de 1 m\u00eas no caso dos produtos l\u00b4cteos e a ra\u00e7\u00e3o ecol\u00f3gica.<\/em><\/p>\n","protected":false},"excerpt":{"rendered":"<p>A ra\u00e7\u00e3o Criadores Dietetic Dermatosis para c\u00e3es \u00e9 um alimento diet\u00e9tico completo que cuida da pele dos c\u00e3es mais sens\u00edveis , al\u00e9m de atuar&#8230;<\/p>\n","protected":false},"featured_media":1600,"comment_status":"open","ping_status":"closed","template":"","meta":{"_acf_changed":false},"product_brand":[],"product_cat":[99,92,95],"product_tag":[],"class_list":{"0":"post-2210","1":"product","2":"type-product","3":"status-publish","4":"has-post-thumbnail","6":"product_cat-alimentacao-seca","7":"product_cat-cao","8":"product_cat-dietas-veterinarias-pt-pt","10":"first","11":"instock","12":"shipping-taxable","13":"product-type-simple"},"acf":[],"_links":{"self":[{"href":"https:\/\/www.criadores.es\/pt-pt\/wp-json\/wp\/v2\/product\/2210","targetHints":{"allow":["GET"]}}],"collection":[{"href":"https:\/\/www.criadores.es\/pt-pt\/wp-json\/wp\/v2\/product"}],"about":[{"href":"https:\/\/www.criadores.es\/pt-pt\/wp-json\/wp\/v2\/types\/product"}],"replies":[{"embeddable":true,"href":"https:\/\/www.criadores.es\/pt-pt\/wp-json\/wp\/v2\/comments?post=2210"}],"wp:featuredmedia":[{"embeddable":true,"href":"https:\/\/www.criadores.es\/pt-pt\/wp-json\/wp\/v2\/media\/1600"}],"wp:attachment":[{"href":"https:\/\/www.criadores.es\/pt-pt\/wp-json\/wp\/v2\/media?parent=2210"}],"wp:term":[{"taxonomy":"product_brand","embeddable":true,"href":"https:\/\/www.criadores.es\/pt-pt\/wp-json\/wp\/v2\/product_brand?post=2210"},{"taxonomy":"product_cat","embeddable":true,"href":"https:\/\/www.criadores.es\/pt-pt\/wp-json\/wp\/v2\/product_cat?post=2210"},{"taxonomy":"product_tag","embeddable":true,"href":"https:\/\/www.criadores.es\/pt-pt\/wp-json\/wp\/v2\/product_tag?post=2210"}],"curies":[{"name":"wp","href":"https:\/\/api.w.org\/{rel}","templated":true}]}}