{"id":2211,"date":"2025-02-12T17:57:48","date_gmt":"2025-02-12T16:57:48","guid":{"rendered":"https:\/\/www.criadores.es\/producto\/criadores-adulto-alta-energia-frango-racao-para-caes-de-porte-medio-e-grande\/"},"modified":"2025-06-12T12:55:05","modified_gmt":"2025-06-12T10:55:05","slug":"criadores-adulto-alta-energia-frango-racao-para-caes-de-porte-medio-e-grande","status":"publish","type":"product","link":"https:\/\/www.criadores.es\/pt-pt\/producto\/criadores-adulto-alta-energia-frango-racao-para-caes-de-porte-medio-e-grande\/","title":{"rendered":"Criadores Adulto Alta Energia Frango ra\u00e7\u00e3o para c\u00e3es de porte m\u00e9dio e grande"},"content":{"rendered":"<h2>Ra\u00e7\u00e3o de alta qualidade CRIADORES Energia.<\/h2>\n<p><strong>\u00c9 a \u00fanica ra\u00e7\u00e3o para c\u00e3es em que 100% dos ingredientes s\u00e3o aptos para consumo humano.<\/strong><\/p>\n<p>Muitos alimentos para animais de estima\u00e7\u00e3o s\u00e3o produzidos a partir de res\u00edduos alimentares, isto \u00e9, o que resta ap\u00f3s separar as partes adequadas para o consumo humano. Estes ingredientes s\u00e3o, muitas vezes, de qualidade inferior.<\/p>\n<p>Existem ra\u00e7\u00f5es que incluem ingredientes adequados para consumo humano, mas a marca <strong>Criadores \u00e9 a \u00fanica integralmente fabricada em Espanha<\/strong>. Utiliza-se <strong>ingredientes 100% de alta qualidade<\/strong>, sem a inclus\u00e3o de subprodutos ou transg\u00e9nicos.<\/p>\n<p>Agora, temos a possibilidade de oferecer uma ra\u00e7\u00e3o para c\u00e3es de qualidade super premium a um pre\u00e7o bem mais acess\u00edvel em compara\u00e7\u00e3o com outros alimentos similares. Este vantajoso pre\u00e7o \u00e9 resultado da sua venda direta. N\u00e3o h\u00e1 investimento em marketing, publicidade ou distribui\u00e7\u00e3o que, frequentemente, aumentam o custo final de produtos de marcas conceituadas.<\/p>\n<p>Ap\u00f3s uma investiga\u00e7\u00e3o detalhada, foi desenvolvida uma ra\u00e7\u00e3o de excelente qualidade que nada fica a dever \u00e0s marcas mais reconhecidas no mercado. A vantagem? Um pre\u00e7o muito mais competitivo. <strong>Criadores \u00e9 um alimento que mimetiza o que o animal consumiria em seu estado natural.<\/strong><\/p>\n<p>Criadores \u00e9 uma marca exclusiva da TiendAnimal. Esta proporciona uma ra\u00e7\u00e3o de alta gama por um pre\u00e7o bastante atrativo, podendo ser at\u00e9 metade do pre\u00e7o de marcas tradicionais. Vale a pena experimentar para verificar.<\/p>\n<p>CRIADORES Energia \u00e9 uma ra\u00e7\u00e3o completa para c\u00e3es adultos, balanceada e saborosa, com uma densidade energ\u00e9tica elevada (3967,5 kcal\/kg). Foi criada para atender \u00e0s necessidades de c\u00e3es altamente ativos. Devido \u00e0 sua alta concentra\u00e7\u00e3o energ\u00e9tica, \u00e9 tamb\u00e9m ideal para c\u00e3es de ra\u00e7as grandes, prevenindo digest\u00f5es complicadas.<\/p>\n<p><em>A partir da data em que os receber, \u00e9 garantido um prazo de 3 meses antes do fim da data de validade, ou de 1 m\u00eas no caso dos produtos l\u00e1cteos e da ra\u00e7\u00e3o org\u00e2nica.<\/em><\/p>\n","protected":false},"excerpt":{"rendered":"<p>\u00c9 a \u00fanica ra\u00e7\u00e3o para c\u00e3es em que 100% dos ingredientes s\u00e3o aptos para consumo humano.<\/p>\n","protected":false},"featured_media":1803,"comment_status":"open","ping_status":"closed","template":"","meta":{"_acf_changed":false},"product_brand":[],"product_cat":[99,92,98],"product_tag":[],"class_list":{"0":"post-2211","1":"product","2":"type-product","3":"status-publish","4":"has-post-thumbnail","6":"product_cat-alimentacao-seca","7":"product_cat-cao","8":"product_cat-original-pt-pt","10":"first","11":"instock","12":"shipping-taxable","13":"product-type-simple"},"acf":[],"_links":{"self":[{"href":"https:\/\/www.criadores.es\/pt-pt\/wp-json\/wp\/v2\/product\/2211","targetHints":{"allow":["GET"]}}],"collection":[{"href":"https:\/\/www.criadores.es\/pt-pt\/wp-json\/wp\/v2\/product"}],"about":[{"href":"https:\/\/www.criadores.es\/pt-pt\/wp-json\/wp\/v2\/types\/product"}],"replies":[{"embeddable":true,"href":"https:\/\/www.criadores.es\/pt-pt\/wp-json\/wp\/v2\/comments?post=2211"}],"wp:featuredmedia":[{"embeddable":true,"href":"https:\/\/www.criadores.es\/pt-pt\/wp-json\/wp\/v2\/media\/1803"}],"wp:attachment":[{"href":"https:\/\/www.criadores.es\/pt-pt\/wp-json\/wp\/v2\/media?parent=2211"}],"wp:term":[{"taxonomy":"product_brand","embeddable":true,"href":"https:\/\/www.criadores.es\/pt-pt\/wp-json\/wp\/v2\/product_brand?post=2211"},{"taxonomy":"product_cat","embeddable":true,"href":"https:\/\/www.criadores.es\/pt-pt\/wp-json\/wp\/v2\/product_cat?post=2211"},{"taxonomy":"product_tag","embeddable":true,"href":"https:\/\/www.criadores.es\/pt-pt\/wp-json\/wp\/v2\/product_tag?post=2211"}],"curies":[{"name":"wp","href":"https:\/\/api.w.org\/{rel}","templated":true}]}}