{"id":2212,"date":"2025-02-13T16:25:44","date_gmt":"2025-02-13T15:25:44","guid":{"rendered":"https:\/\/www.criadores.es\/producto\/criadores-dietetic-obesity-adulto-racao-para-caes\/"},"modified":"2025-06-12T10:05:40","modified_gmt":"2025-06-12T08:05:40","slug":"criadores-dietetic-obesity-adulto-racao-para-caes","status":"publish","type":"product","link":"https:\/\/www.criadores.es\/pt-pt\/producto\/criadores-dietetic-obesity-adulto-racao-para-caes\/","title":{"rendered":"Criadores Dietetic Obesity Adulto ra\u00e7\u00e3o para c\u00e3es"},"content":{"rendered":"<h2>Comida para c\u00e3es com excesso de peso Criadores Dietetic Obesity<\/h2>\n<p>A ra\u00e7\u00e3o Criadores Dietetic Obesity para c\u00e3es \u00e9 um alimento diet\u00e9tico completo que ajuda a <strong>reduzir o excesso de peso<\/strong> para que o seu animal de estima\u00e7\u00e3o tenha uma sa\u00fade \u00f3ptima. A f\u00f3rmula baixa em energia facilita o emagrecimento para que o c\u00e3o consiga chegar ao <strong>peso ideal<\/strong>. Uma ra\u00e7\u00e3o elaborada por veterin\u00e1rios especializados na nutri\u00e7\u00e3o canina <strong>recomendada para c\u00e3es com excesso de peso<\/strong>, com tend\u00eancia a engordar ou esterilizados.<\/p>\n<p>Criadores Dietetic Obesity cont\u00e9m ingredientes selecionados com baixo conte\u00fado cal\u00f3rico para o <strong>controlo de peso e a saciedade<\/strong>. Desta forma o seu c\u00e3o vai emagrecer, mas n\u00e3o passar\u00e1 fome. Acrescenta tamb\u00e9m <strong>condroprotetores <\/strong>para fortalecer as cartilagens, para assim manter as <strong>articula\u00e7\u00f5es saud\u00e1veis<\/strong>, e antioxidantes naturais para refor\u00e7ar o sistema imunit\u00e1rio e retardar o envelhecimento das c\u00e9lulas.<\/p>\n<p>Os ingredientes especiais da ra\u00e7\u00e3o Criadores Obesity cuidam da sa\u00fade e do estado f\u00edsico do seu c\u00e3o. O alto conte\u00fado em fibras e o amido de milho aumentam a sensa\u00e7\u00e3o de saciedade para controlar a fome. Al\u00e9m disso, inclui \u00f3leo de peixe e semente de linho, ricos em \u00e1cidos <strong>gordos \u00f3mega 3 para cuidar da pele<\/strong>, da pelagem e da sa\u00fade articular. Ajudam tamb\u00e9m a diminuir o colesterol.<\/p>\n<p><strong>A obesidade \u00e9 um transtorno nutricional muito frequente<\/strong> nos animais de estima\u00e7\u00e3o, que consiste numa acumula\u00e7\u00e3o excessiva de gordura corporal. As principais causas do excesso de peso nos c\u00e3es \u00e9 uma vida sedent\u00e1ria e a ingesta excessiva de comida. A obesidade pode <strong>desenvolver algumas patologias<\/strong> como: intoler\u00e2ncia \u00e0 glicose e diabetes, problemas respirat\u00f3rios, doen\u00e7as cardiovasculares, problemas articulares, intoler\u00e2ncia ao calor e ao exerc\u00edcio, menos esperan\u00e7a de vida e maior risco anest\u00e9sico e cir\u00fargico.<\/p>\n<p><strong>A ra\u00e7\u00e3o Criadores Dietetic Obesity ajuda o seu c\u00e3o a conseguir um peso adequado para ter uma sa\u00fade \u00f3ptima. <\/strong><\/p>\n<p><em>A partir da data em que os receba \u00e9 garantido um prazo de 3 meses antes do vencimento da data de validade, ou de 1 m\u00eas no caso dos produtos l\u00e1cteos e da ra\u00e7\u00e3o ecol\u00f3gica.<\/em><\/p>\n","protected":false},"excerpt":{"rendered":"<p>Ra\u00e7\u00e3o light para c\u00e3es adultos com tend\u00eancia para o excesso de peso, esterilizados ou em dieta para controlo de peso.<\/p>\n","protected":false},"featured_media":2647,"comment_status":"open","ping_status":"closed","template":"","meta":{"_acf_changed":false},"product_brand":[],"product_cat":[99,92,95],"product_tag":[],"class_list":{"0":"post-2212","1":"product","2":"type-product","3":"status-publish","4":"has-post-thumbnail","6":"product_cat-alimentacao-seca","7":"product_cat-cao","8":"product_cat-dietas-veterinarias-pt-pt","10":"first","11":"instock","12":"shipping-taxable","13":"product-type-simple"},"acf":[],"_links":{"self":[{"href":"https:\/\/www.criadores.es\/pt-pt\/wp-json\/wp\/v2\/product\/2212","targetHints":{"allow":["GET"]}}],"collection":[{"href":"https:\/\/www.criadores.es\/pt-pt\/wp-json\/wp\/v2\/product"}],"about":[{"href":"https:\/\/www.criadores.es\/pt-pt\/wp-json\/wp\/v2\/types\/product"}],"replies":[{"embeddable":true,"href":"https:\/\/www.criadores.es\/pt-pt\/wp-json\/wp\/v2\/comments?post=2212"}],"wp:featuredmedia":[{"embeddable":true,"href":"https:\/\/www.criadores.es\/pt-pt\/wp-json\/wp\/v2\/media\/2647"}],"wp:attachment":[{"href":"https:\/\/www.criadores.es\/pt-pt\/wp-json\/wp\/v2\/media?parent=2212"}],"wp:term":[{"taxonomy":"product_brand","embeddable":true,"href":"https:\/\/www.criadores.es\/pt-pt\/wp-json\/wp\/v2\/product_brand?post=2212"},{"taxonomy":"product_cat","embeddable":true,"href":"https:\/\/www.criadores.es\/pt-pt\/wp-json\/wp\/v2\/product_cat?post=2212"},{"taxonomy":"product_tag","embeddable":true,"href":"https:\/\/www.criadores.es\/pt-pt\/wp-json\/wp\/v2\/product_tag?post=2212"}],"curies":[{"name":"wp","href":"https:\/\/api.w.org\/{rel}","templated":true}]}}