{"id":2213,"date":"2025-02-11T13:28:39","date_gmt":"2025-02-11T12:28:39","guid":{"rendered":"https:\/\/www.criadores.es\/producto\/criadores-adulto-frango-e-arroz-racao-para-caes-de-racas-mini\/"},"modified":"2025-06-12T13:46:48","modified_gmt":"2025-06-12T11:46:48","slug":"criadores-adulto-frango-e-arroz-racao-para-caes-de-racas-mini","status":"publish","type":"product","link":"https:\/\/www.criadores.es\/pt-pt\/producto\/criadores-adulto-frango-e-arroz-racao-para-caes-de-racas-mini\/","title":{"rendered":"Criadores Adulto Frango e Arroz ra\u00e7\u00e3o para c\u00e3es de ra\u00e7as mini"},"content":{"rendered":"<h2>Ra\u00e7\u00e3o Criadores Maintenance Ra\u00e7as Mini para c\u00e3es de pequeno porte<\/h2>\n<p>A ra\u00e7\u00e3o <strong>Criadores Maintenance Ra\u00e7as Mini<\/strong> \u00e9 um alimento premium de origem natural e bastante saboroso, especialmente formulado para c\u00e3es de ra\u00e7a e tamanho pequeno. Elaborada com mat\u00e9rias-primas de alta qualidade, esta ra\u00e7\u00e3o atende \u00e0s necessidades nutricionais destes c\u00e3es, em parte gra\u00e7as ao pequeno tamanho dos seus croquetes. Ingredientes como arroz, milho e carne fornecem a energia necess\u00e1ria e ajudam a manter m\u00fasculos robustos. Al\u00e9m disso, cont\u00e9m ingredientes de f\u00e1cil digest\u00e3o e alto valor nutritivo que beneficiam o tr\u00e2nsito intestinal e t\u00eam um sabor muito apreciado pelos animais.<\/p>\n<p>Esta ra\u00e7\u00e3o \u00e9 enriquecida com componentes como o DHA, essencial para a <strong>sa\u00fade da pele<\/strong>. O equil\u00edbrio entre os \u00e1cidos gordos \u00f3mega 3 e \u00f3mega 6 beneficia a <strong>sa\u00fade do pelo do c\u00e3o<\/strong>, reduzindo irrita\u00e7\u00f5es cut\u00e2neas. Adicionalmente, a presen\u00e7a de glucosamina \u00e9 eficaz no tratamento da artrose.<\/p>\n<p>Durante o <strong>processo de fabrica\u00e7\u00e3o<\/strong>, o alimento Criadores n\u00e3o \u00e9 armazenado em silos; em vez disso, \u00e9 imediatamente embalado para assegurar a sua qualidade. Os ingredientes usados s\u00e3o de <strong>alta qualidade<\/strong>. Criadores \u00e9 vendido exclusivamente na Tiendanimal.<\/p>\n<p><i>Com a ra\u00e7\u00e3o Criadores Maintenance Ra\u00e7as Mini,<\/i> <strong><em>o seu c\u00e3o ter\u00e1 m\u00fasculos robustos e toda a energia de que precisa.<\/em><\/strong><\/p>\n<p><em>Ap\u00f3s receber os produtos, garantimos um prazo m\u00ednimo de 3 meses at\u00e9 ao vencimento da data de validade, ou de 1 m\u00eas no caso de produtos l\u00e1cteos e ra\u00e7\u00e3o org\u00e2nica.<\/em><\/p>\n","protected":false},"excerpt":{"rendered":"<p>A ra\u00e7\u00e3o Criadores Maintenance Ra\u00e7as Mini \u00e9 um alimento seco premium de origem natural e muito saboroso, especialmente formulado para a sa\u00fade dos c\u00e3es de ra\u00e7a pequena.<\/p>\n","protected":false},"featured_media":1686,"comment_status":"open","ping_status":"closed","template":"","meta":{"_acf_changed":false},"product_brand":[],"product_cat":[99,92,98],"product_tag":[],"class_list":{"0":"post-2213","1":"product","2":"type-product","3":"status-publish","4":"has-post-thumbnail","6":"product_cat-alimentacao-seca","7":"product_cat-cao","8":"product_cat-original-pt-pt","10":"first","11":"instock","12":"shipping-taxable","13":"product-type-simple"},"acf":[],"_links":{"self":[{"href":"https:\/\/www.criadores.es\/pt-pt\/wp-json\/wp\/v2\/product\/2213","targetHints":{"allow":["GET"]}}],"collection":[{"href":"https:\/\/www.criadores.es\/pt-pt\/wp-json\/wp\/v2\/product"}],"about":[{"href":"https:\/\/www.criadores.es\/pt-pt\/wp-json\/wp\/v2\/types\/product"}],"replies":[{"embeddable":true,"href":"https:\/\/www.criadores.es\/pt-pt\/wp-json\/wp\/v2\/comments?post=2213"}],"wp:featuredmedia":[{"embeddable":true,"href":"https:\/\/www.criadores.es\/pt-pt\/wp-json\/wp\/v2\/media\/1686"}],"wp:attachment":[{"href":"https:\/\/www.criadores.es\/pt-pt\/wp-json\/wp\/v2\/media?parent=2213"}],"wp:term":[{"taxonomy":"product_brand","embeddable":true,"href":"https:\/\/www.criadores.es\/pt-pt\/wp-json\/wp\/v2\/product_brand?post=2213"},{"taxonomy":"product_cat","embeddable":true,"href":"https:\/\/www.criadores.es\/pt-pt\/wp-json\/wp\/v2\/product_cat?post=2213"},{"taxonomy":"product_tag","embeddable":true,"href":"https:\/\/www.criadores.es\/pt-pt\/wp-json\/wp\/v2\/product_tag?post=2213"}],"curies":[{"name":"wp","href":"https:\/\/api.w.org\/{rel}","templated":true}]}}