{"id":2214,"date":"2025-02-12T16:37:57","date_gmt":"2025-02-12T15:37:57","guid":{"rendered":"https:\/\/www.criadores.es\/producto\/criadores-adulto-mini-cordeiro-racao-para-caes\/"},"modified":"2025-06-12T13:05:24","modified_gmt":"2025-06-12T11:05:24","slug":"criadores-adulto-mini-cordeiro-racao-para-caes","status":"publish","type":"product","link":"https:\/\/www.criadores.es\/pt-pt\/producto\/criadores-adulto-mini-cordeiro-racao-para-caes\/","title":{"rendered":"Criadores Adulto Mini Cordeiro ra\u00e7\u00e3o para c\u00e3es"},"content":{"rendered":"<h2>Alimento de alta qualidade CRIADORES Cordeiro e Arroz para Ra\u00e7as Mini.<\/h2>\n<p>A ra\u00e7\u00e3o Criadores Adulto Cordeiro e Arroz foi especialmente formulada para <strong>c\u00e3es pequenos com problemas digestivos ou alergias alimentares<\/strong>.<\/p>\n<p>Em muitos alimentos para animais de estima\u00e7\u00e3o, <strong>utilizam-se subprodutos ou restos de alimentos<\/strong>, ou seja, aquilo que sobra ap\u00f3s separar as partes adequadas para consumo humano. Estes ingredientes s\u00e3o de qualidade inferior. Por outro lado, <strong>Criadores destaca-se por usar ingredientes de elevada qualidade<\/strong>, sem recorrer a mat\u00e9rias-primas duvidosas ou subprodutos. N\u00e3o inclui transg\u00e9nicos na sua composi\u00e7\u00e3o.<\/p>\n<p>Agora \u00e9 poss\u00edvel oferecer uma <strong>ra\u00e7\u00e3o para c\u00e3es de qualidade super-premium a um pre\u00e7o muito mais acess\u00edvel<\/strong> do que outras op\u00e7\u00f5es similares no mercado. Este pre\u00e7o competitivo \u00e9 resultado da venda direta do produto. N\u00e3o h\u00e1 custos adicionais com marketing, publicidade ou distribui\u00e7\u00e3o, que frequentemente encarecem o pre\u00e7o final de outras marcas mais reconhecidas.<\/p>\n<p>Ap\u00f3s extensa pesquisa, foi desenvolvida uma <strong>ra\u00e7\u00e3o de alta qualidade<\/strong> que n\u00e3o fica atr\u00e1s das marcas mais prestigiadas do mercado, com a <strong>vantagem de ter um pre\u00e7o consideravelmente mais baixo. Criadores \u00e9 um alimento que se assemelha ao que o animal consumiria no seu estado natural<\/strong>.<\/p>\n<p><strong>&#8220;&#8221;&#8221;&#8221;Criadores&#8221;&#8221;&#8221;&#8221; \u00e9 uma marca vendida exclusivamente pela TiendAnimal<\/strong>, proporcionando uma ra\u00e7\u00e3o de alta qualidade a um pre\u00e7o muito mais acess\u00edvel (podendo ser at\u00e9 metade do pre\u00e7o em compara\u00e7\u00e3o a algumas marcas tradicionais). Experimente e comprove.<\/p>\n<p>CRIADORES Cordeiro e Arroz \u00e9 um alimento completo e hipoalerg\u00e9nico, elaborado a partir de mat\u00e9rias-primas selecionadas de primeira qualidade, pensando na sa\u00fade do c\u00e3o. Est\u00e1 desenhado para satisfazer as necessidades nutricionais de <strong>c\u00e3es com paladar exigente, propensos a problemas digestivos ou alergias alimentares, ou at\u00e9 para aqueles que necessitam melhorar a sa\u00fade da pele e\/ou pelo<\/strong>. \u00c9 adequado para animais de todas as ra\u00e7as de tamanho pequeno devido ao tamanho reduzido das croquetes. \u00c9 tamb\u00e9m um alimento saboroso e com \u00f3tima aceita\u00e7\u00e3o por parte dos c\u00e3es.<\/p>\n<p><em>A partir da data em que os receber, \u00e9 garantido um prazo de 3 meses antes do fim da data de validade, ou de 1 m\u00eas no caso dos produtos l\u00e1cteos e da ra\u00e7\u00e3o org\u00e2nica.<\/em><\/p>\n","protected":false},"excerpt":{"rendered":"<p>A ra\u00e7\u00e3o Criadores Adulto Cordeiro e Arroz foi especialmente formulada para c\u00e3es pequenos que sofrem de problemas digestivos ou alergias nutricionais.<\/p>\n","protected":false},"featured_media":1771,"comment_status":"open","ping_status":"closed","template":"","meta":{"_acf_changed":false},"product_brand":[],"product_cat":[99,92,98],"product_tag":[],"class_list":{"0":"post-2214","1":"product","2":"type-product","3":"status-publish","4":"has-post-thumbnail","6":"product_cat-alimentacao-seca","7":"product_cat-cao","8":"product_cat-original-pt-pt","10":"first","11":"instock","12":"shipping-taxable","13":"product-type-simple"},"acf":[],"_links":{"self":[{"href":"https:\/\/www.criadores.es\/pt-pt\/wp-json\/wp\/v2\/product\/2214","targetHints":{"allow":["GET"]}}],"collection":[{"href":"https:\/\/www.criadores.es\/pt-pt\/wp-json\/wp\/v2\/product"}],"about":[{"href":"https:\/\/www.criadores.es\/pt-pt\/wp-json\/wp\/v2\/types\/product"}],"replies":[{"embeddable":true,"href":"https:\/\/www.criadores.es\/pt-pt\/wp-json\/wp\/v2\/comments?post=2214"}],"wp:featuredmedia":[{"embeddable":true,"href":"https:\/\/www.criadores.es\/pt-pt\/wp-json\/wp\/v2\/media\/1771"}],"wp:attachment":[{"href":"https:\/\/www.criadores.es\/pt-pt\/wp-json\/wp\/v2\/media?parent=2214"}],"wp:term":[{"taxonomy":"product_brand","embeddable":true,"href":"https:\/\/www.criadores.es\/pt-pt\/wp-json\/wp\/v2\/product_brand?post=2214"},{"taxonomy":"product_cat","embeddable":true,"href":"https:\/\/www.criadores.es\/pt-pt\/wp-json\/wp\/v2\/product_cat?post=2214"},{"taxonomy":"product_tag","embeddable":true,"href":"https:\/\/www.criadores.es\/pt-pt\/wp-json\/wp\/v2\/product_tag?post=2214"}],"curies":[{"name":"wp","href":"https:\/\/api.w.org\/{rel}","templated":true}]}}