{"id":2215,"date":"2025-02-13T16:53:13","date_gmt":"2025-02-13T15:53:13","guid":{"rendered":"https:\/\/www.criadores.es\/producto\/criadores-dietetic-adulto-mobility-racao-para-caes\/"},"modified":"2025-06-12T10:18:37","modified_gmt":"2025-06-12T08:18:37","slug":"criadores-dietetic-adulto-mobility-racao-para-caes","status":"publish","type":"product","link":"https:\/\/www.criadores.es\/pt-pt\/producto\/criadores-dietetic-adulto-mobility-racao-para-caes\/","title":{"rendered":"Criadores Dietetic Adulto Mobility ra\u00e7\u00e3o para c\u00e3es"},"content":{"rendered":"<h2>Comida para c\u00e3es Criadores Dietetic Mobility para a sa\u00fade articular<\/h2>\n<p>A ra\u00e7\u00e3o Criadores Dietetic Mobility para c\u00e3es \u00e9 um alimento diet\u00e9tico completo que <strong>melhora a mobilidade dos animais com artrose<\/strong>. A sua f\u00f3rmula \u00e9 elaborada por veterin\u00e1rios especialistas na nutri\u00e7\u00e3o dos c\u00e3es para <strong>melhorar a qualidade de vida. <\/strong>A composi\u00e7\u00e3o especial desta ra\u00e7\u00e3o ajuda o metabolismo das articula\u00e7\u00f5es para favorecer o bom funcionamento.<\/p>\n<p>Criadores Dietetic Mobility n\u00e3o \u00e9 apenas elaborada com ingredientes de qualidade como a <strong>carne de frango fresca<\/strong>, mas tamb\u00e9m inclui alimentos especiais para uma sa\u00fade \u00f3ptima. Os condroprotetores como a <strong>glucosamina e condroitina <\/strong>fortalecem as cartilagens das articula\u00e7\u00f5es para melhorar a mobilidade, bem como os lip\u00eddios de soja e de abacate contribuem a evitar a perda dos mesmos. Al\u00e9m disso, a receita tem um aporte de prote\u00ednas adequado e de f\u00e1cil absor\u00e7\u00e3o para <strong>manter a massa muscular. <\/strong><\/p>\n<p>A comida para c\u00e3es Criadores Mobility <strong>cuida tamb\u00e9m da sa\u00fade digestiva<\/strong>, com ingredientes selecionados que facilitam a absor\u00e7\u00e3o dos nutrientes. A f\u00f3rmula apoia o sistema imunit\u00e1rio e retarda o envelhecimento celular atrav\u00e9s de antioxidantes naturais. Al\u00e9m disso, cont\u00e9m prebi\u00f3ticos para favorecer o crescimento das bact\u00e9rias ben\u00e9ficas do intestino. A adi\u00e7\u00e3o de \u00f3leo de peixe \u00e9 uma rica fonte de <strong>\u00e1cidos gordos \u00f3mega 3 <\/strong>que, al\u00e9m de cuidar a pele e a pelagem, tem um efeito anti-inflamat\u00f3rio que favorece a sa\u00fade articular.<br \/>\nOs problemas articulares como a artrose costumam aparecer em c\u00e3es de ra\u00e7a grande ou idosos. \u00c9 uma <strong>doen\u00e7a degenerativa muito frequente<\/strong> a qual \u00e9 produzida pelo desgaste das cartilagens, provoca inflama\u00e7\u00e3o, dor e reduz a mobilidade. Embora no in\u00edcio apare\u00e7am sinais leves, com o passar do tempo estes sintomas agravam-se. Com uma <strong>nutri\u00e7\u00e3o adequada, como Criadores Dietetic Mobility<\/strong>, voc\u00ea pode prevenir ou reduzir a gravidade deste tipo de doen\u00e7as. Alguns sintomas da artrose s\u00e3o: dificuldade para caminhar, levantar-se ou deitar-se, movimentos lentos, menos atividade, perda da musculatura, coxeadura e dor.<\/p>\n<p><strong>A ra\u00e7\u00e3o Criadores Dietetic Mobilitys melhora a sa\u00fade articular dos c\u00e3es com artrose para favorecer a mobilidade.<\/strong><\/p>\n<p><em>A partir da data em que os receba \u00e9 garantido um prazo de 3 meses antes do vencimento da data de validade, ou de 1 m\u00eas no caso dos produtos l\u00b4cteos e a ra\u00e7\u00e3o ecol\u00f3gica.<\/em><\/p>\n","protected":false},"excerpt":{"rendered":"<p>Os problemas articulares como a artrose costumam aparecer em c\u00e3es de ra\u00e7a grande ou idosos. \u00c9 uma doen\u00e7a degenerativa muito frequente a qual \u00e9 produzida pelo &#8230;<\/p>\n","protected":false},"featured_media":2659,"comment_status":"open","ping_status":"closed","template":"","meta":{"_acf_changed":false},"product_brand":[],"product_cat":[99,92,95],"product_tag":[],"class_list":{"0":"post-2215","1":"product","2":"type-product","3":"status-publish","4":"has-post-thumbnail","6":"product_cat-alimentacao-seca","7":"product_cat-cao","8":"product_cat-dietas-veterinarias-pt-pt","10":"first","11":"instock","12":"shipping-taxable","13":"product-type-simple"},"acf":[],"_links":{"self":[{"href":"https:\/\/www.criadores.es\/pt-pt\/wp-json\/wp\/v2\/product\/2215","targetHints":{"allow":["GET"]}}],"collection":[{"href":"https:\/\/www.criadores.es\/pt-pt\/wp-json\/wp\/v2\/product"}],"about":[{"href":"https:\/\/www.criadores.es\/pt-pt\/wp-json\/wp\/v2\/types\/product"}],"replies":[{"embeddable":true,"href":"https:\/\/www.criadores.es\/pt-pt\/wp-json\/wp\/v2\/comments?post=2215"}],"wp:featuredmedia":[{"embeddable":true,"href":"https:\/\/www.criadores.es\/pt-pt\/wp-json\/wp\/v2\/media\/2659"}],"wp:attachment":[{"href":"https:\/\/www.criadores.es\/pt-pt\/wp-json\/wp\/v2\/media?parent=2215"}],"wp:term":[{"taxonomy":"product_brand","embeddable":true,"href":"https:\/\/www.criadores.es\/pt-pt\/wp-json\/wp\/v2\/product_brand?post=2215"},{"taxonomy":"product_cat","embeddable":true,"href":"https:\/\/www.criadores.es\/pt-pt\/wp-json\/wp\/v2\/product_cat?post=2215"},{"taxonomy":"product_tag","embeddable":true,"href":"https:\/\/www.criadores.es\/pt-pt\/wp-json\/wp\/v2\/product_tag?post=2215"}],"curies":[{"name":"wp","href":"https:\/\/api.w.org\/{rel}","templated":true}]}}