{"id":2216,"date":"2025-02-13T11:39:24","date_gmt":"2025-02-13T10:39:24","guid":{"rendered":"https:\/\/www.criadores.es\/producto\/criadores-frango-e-arroz-racao-para-cachorros-de-racas-grandes\/"},"modified":"2025-06-12T12:21:52","modified_gmt":"2025-06-12T10:21:52","slug":"criadores-frango-e-arroz-racao-para-cachorros-de-racas-grandes","status":"publish","type":"product","link":"https:\/\/www.criadores.es\/pt-pt\/producto\/criadores-frango-e-arroz-racao-para-cachorros-de-racas-grandes\/","title":{"rendered":"Criadores Frango e Arroz ra\u00e7\u00e3o para cachorros de ra\u00e7as grandes"},"content":{"rendered":"<h2>Ra\u00e7\u00e3o Criadores para Cachorros de Ra\u00e7as Grandes<\/h2>\n<p>A ra\u00e7\u00e3o <strong>Criadores Cachorros de Ra\u00e7a Grande<\/strong> \u00e9 uma alimenta\u00e7\u00e3o natural completa para filhotes de ra\u00e7as grandes (&gt;25 kg de peso adulto) com idade entre 2 e 24 meses. \u00c9 elaborada com ingredientes de alta qualidade e apresentada na forma de <strong>croquetes de tamanho grande<\/strong> para adaptar-se \u00e0 boca desses animais. A alta digestibilidade deste alimento permite um desenvolvimento saud\u00e1vel do sistema digestivo do seu filhote durante a fase de crescimento.<\/p>\n<p>Cont\u00e9m <strong>c\u00e1lcio e f\u00f3sforo<\/strong> para uma forma\u00e7\u00e3o saud\u00e1vel do esqueleto, permitindo que ele cres\u00e7a com ossos fortes capazes de suportar seu peso. O alto teor de prote\u00ednas e gorduras promove um crescimento mais r\u00e1pido, e a adi\u00e7\u00e3o de DHA favorece o <strong>desenvolvimento do sistema nervoso<\/strong>, especialmente do c\u00e9rebro. Al\u00e9m disso, com esta ra\u00e7\u00e3o rica em \u00e1cidos gordos \u00f3mega 3 e 6, a pelagem do seu filhote estar\u00e1 saud\u00e1vel e macia, e tamb\u00e9m auxilia no correto desenvolvimento da fun\u00e7\u00e3o imunit\u00e1ria.<\/p>\n<p><strong>Criadores<\/strong> produz a \u00fanica ra\u00e7\u00e3o para filhotes de ra\u00e7as grandes com 100% de ingredientes naturais e sem o uso de subprodutos de qualidade inferior. Esta marca \u00e9 exclusivamente comercializada na Tiendanimal. Eles tamb\u00e9m cuidam do processo de fabrica\u00e7\u00e3o, embalando diretamente conforme \u00e9 produzido para evitar a presen\u00e7a de \u00e1caros (causadores de muitas alergias alimentares) e a perda de qualidade.<\/p>\n<p><em><strong>Garanta que o seu c\u00e3o tenha uma dieta saud\u00e1vel desde os primeiros dias de vida com a ra\u00e7\u00e3o Criadores para cachorros de ra\u00e7as grandes.<\/strong><\/em><\/p>\n<p><em>A partir da data em que receber o seu produto, garantimos um prazo de 3 meses antes da data de validade, ou 1 m\u00eas no caso de produtos l\u00e1cteos e ra\u00e7\u00e3o ecol\u00f3gica.<\/em><\/p>\n","protected":false},"excerpt":{"rendered":"<p>Ra\u00e7\u00e3o para c\u00e3es de ra\u00e7a grande, recomendada at\u00e9 aos 24 meses de idade.<\/p>\n","protected":false},"featured_media":1861,"comment_status":"open","ping_status":"closed","template":"","meta":{"_acf_changed":false},"product_brand":[],"product_cat":[99,92,98],"product_tag":[],"class_list":{"0":"post-2216","1":"product","2":"type-product","3":"status-publish","4":"has-post-thumbnail","6":"product_cat-alimentacao-seca","7":"product_cat-cao","8":"product_cat-original-pt-pt","10":"first","11":"instock","12":"shipping-taxable","13":"product-type-simple"},"acf":[],"_links":{"self":[{"href":"https:\/\/www.criadores.es\/pt-pt\/wp-json\/wp\/v2\/product\/2216","targetHints":{"allow":["GET"]}}],"collection":[{"href":"https:\/\/www.criadores.es\/pt-pt\/wp-json\/wp\/v2\/product"}],"about":[{"href":"https:\/\/www.criadores.es\/pt-pt\/wp-json\/wp\/v2\/types\/product"}],"replies":[{"embeddable":true,"href":"https:\/\/www.criadores.es\/pt-pt\/wp-json\/wp\/v2\/comments?post=2216"}],"wp:featuredmedia":[{"embeddable":true,"href":"https:\/\/www.criadores.es\/pt-pt\/wp-json\/wp\/v2\/media\/1861"}],"wp:attachment":[{"href":"https:\/\/www.criadores.es\/pt-pt\/wp-json\/wp\/v2\/media?parent=2216"}],"wp:term":[{"taxonomy":"product_brand","embeddable":true,"href":"https:\/\/www.criadores.es\/pt-pt\/wp-json\/wp\/v2\/product_brand?post=2216"},{"taxonomy":"product_cat","embeddable":true,"href":"https:\/\/www.criadores.es\/pt-pt\/wp-json\/wp\/v2\/product_cat?post=2216"},{"taxonomy":"product_tag","embeddable":true,"href":"https:\/\/www.criadores.es\/pt-pt\/wp-json\/wp\/v2\/product_tag?post=2216"}],"curies":[{"name":"wp","href":"https:\/\/api.w.org\/{rel}","templated":true}]}}