{"id":2217,"date":"2025-02-10T13:32:19","date_gmt":"2025-02-10T12:32:19","guid":{"rendered":"https:\/\/www.criadores.es\/producto\/criadores-dietetic-digestive-racao-para-caes\/"},"modified":"2025-06-11T17:48:44","modified_gmt":"2025-06-11T15:48:44","slug":"criadores-dietetic-digestive-racao-para-caes","status":"publish","type":"product","link":"https:\/\/www.criadores.es\/pt-pt\/producto\/criadores-dietetic-digestive-racao-para-caes\/","title":{"rendered":"Criadores Dietetic Digestive ra\u00e7\u00e3o para c\u00e3es"},"content":{"rendered":"<h2>Ra\u00e7\u00e3o para c\u00e3es com intoler\u00e2ncia alimentar Criadores Dietetic Digestive<\/h2>\n<p>A ra\u00e7\u00e3o Criadores Dietetic Digestive para c\u00e3es \u00e9 uma ra\u00e7\u00e3o diet\u00e9tica completa, ideal para reduzir a intoler\u00e2ncia a ingredientes e nutrientes. \u00c9 formulada por veterin\u00e1rios especialistas em nutri\u00e7\u00e3o canina para melhorar a vida dos animais que apresentam sintomas digestivos associados a uma <strong>intoler\u00e2ncia alimentar<\/strong>. Por ser uma dieta medicada, deve-se sempre consultar o veterin\u00e1rio quanto ao uso e dura\u00e7\u00e3o, al\u00e9m de realizar um acompanhamento adequado.<\/p>\n<p>Esta ra\u00e7\u00e3o para <strong>c\u00e3es com intoler\u00e2ncia alimentar<\/strong> \u00e9 elaborada com fontes selecionadas de prote\u00ednas e carboidratos para contribuir com uma \u00f3tima digest\u00e3o do c\u00e3o. Sua <strong>f\u00f3rmula especial<\/strong> reduz a ocorr\u00eancia de problemas digestivos relacionados \u00e0 intoler\u00e2ncia a certos alimentos. A receita utiliza uma \u00fanica fonte de prote\u00edna animal, proveniente de <strong>aves, acompanhada de arroz e milho<\/strong> como carboidratos; a limita\u00e7\u00e3o dos ingredientes e a qualidade dos mesmos s\u00e3o a forma de controlar poss\u00edveis intoler\u00e2ncias.<\/p>\n<p>A ra\u00e7\u00e3o digestiva para c\u00e3es Criadores Dietetic favorece a absor\u00e7\u00e3o dos nutrientes e a fun\u00e7\u00e3o intestinal, gra\u00e7as a seus ingredientes selecionados. A f\u00f3rmula tamb\u00e9m incorpora <strong>glucosamina e condroitina<\/strong> para articula\u00e7\u00f5es saud\u00e1veis, e antioxidantes naturais para refor\u00e7ar o sistema imunol\u00f3gico e retardar o envelhecimento celular. Al\u00e9m disso, o <strong>gengibre<\/strong> contribui para aliviar poss\u00edveis desconfortos digestivos.<\/p>\n<p>A <strong>intoler\u00e2ncia alimentar<\/strong> produz rea\u00e7\u00f5es adversas a algum componente da dieta, mas n\u00e3o provoca uma resposta imunol\u00f3gica. N\u00e3o \u00e9 o mesmo que uma alergia alimentar, que sim produz uma rea\u00e7\u00e3o imunol\u00f3gica, embora ambas as patologias sejam parecidas. As intoler\u00e2ncias podem produzir <strong>sintomas digestivos e cut\u00e2neos<\/strong>, como v\u00f4mitos e diarreia, coceira e lambidas excessivas, coceira ou at\u00e9 mesmo perda de pelo<\/p>\n<p><strong>O alimento diet\u00e9tico para c\u00e3es dos Criadores ser\u00e1 menos apetec\u00edvel para o meu animal?<\/strong><\/p>\n<p>N\u00e3o necessariamente, depender\u00e1 da qualidade das mat\u00e9rias-primas. Se estas forem de boa qualidade, n\u00e3o tem porque afetar a palatabilidade.<\/p>\n<p><strong>O alimento digestivo dos Criadores Dietetic Intestinal para c\u00e3es cuida da sa\u00fade digestiva do seu animal de estima\u00e7\u00e3o.<\/strong><\/p>\n<p><em>A partir da data em que recebe o seu produto, garante-se um prazo de 3 meses antes do vencimento da sua data de validade, ou de 1 m\u00eas no caso dos produtos l\u00e1cteos e do alimento biol\u00f3gico.<\/em><\/p>\n","protected":false},"excerpt":{"rendered":"<p>Alimento diet\u00e9tico Digestivo Criadores para c\u00e3es com intoler\u00e2ncia alimentar<\/p>\n","protected":false},"featured_media":1566,"comment_status":"open","ping_status":"closed","template":"","meta":{"_acf_changed":false},"product_brand":[],"product_cat":[99,92,95],"product_tag":[],"class_list":{"0":"post-2217","1":"product","2":"type-product","3":"status-publish","4":"has-post-thumbnail","6":"product_cat-alimentacao-seca","7":"product_cat-cao","8":"product_cat-dietas-veterinarias-pt-pt","10":"first","11":"instock","12":"shipping-taxable","13":"product-type-simple"},"acf":[],"_links":{"self":[{"href":"https:\/\/www.criadores.es\/pt-pt\/wp-json\/wp\/v2\/product\/2217","targetHints":{"allow":["GET"]}}],"collection":[{"href":"https:\/\/www.criadores.es\/pt-pt\/wp-json\/wp\/v2\/product"}],"about":[{"href":"https:\/\/www.criadores.es\/pt-pt\/wp-json\/wp\/v2\/types\/product"}],"replies":[{"embeddable":true,"href":"https:\/\/www.criadores.es\/pt-pt\/wp-json\/wp\/v2\/comments?post=2217"}],"wp:featuredmedia":[{"embeddable":true,"href":"https:\/\/www.criadores.es\/pt-pt\/wp-json\/wp\/v2\/media\/1566"}],"wp:attachment":[{"href":"https:\/\/www.criadores.es\/pt-pt\/wp-json\/wp\/v2\/media?parent=2217"}],"wp:term":[{"taxonomy":"product_brand","embeddable":true,"href":"https:\/\/www.criadores.es\/pt-pt\/wp-json\/wp\/v2\/product_brand?post=2217"},{"taxonomy":"product_cat","embeddable":true,"href":"https:\/\/www.criadores.es\/pt-pt\/wp-json\/wp\/v2\/product_cat?post=2217"},{"taxonomy":"product_tag","embeddable":true,"href":"https:\/\/www.criadores.es\/pt-pt\/wp-json\/wp\/v2\/product_tag?post=2217"}],"curies":[{"name":"wp","href":"https:\/\/api.w.org\/{rel}","templated":true}]}}