{"id":2218,"date":"2025-02-10T16:35:50","date_gmt":"2025-02-10T15:35:50","guid":{"rendered":"https:\/\/www.criadores.es\/producto\/criadores-comida-humida-gatos-natural\/"},"modified":"2025-06-11T17:39:24","modified_gmt":"2025-06-11T15:39:24","slug":"criadores-comida-humida-gatos-natural","status":"publish","type":"product","link":"https:\/\/www.criadores.es\/pt-pt\/producto\/criadores-comida-humida-gatos-natural\/","title":{"rendered":"Criadores comida h\u00famida gatos natural"},"content":{"rendered":"<h2>Lata de atum com camar\u00e3o para gatos Criadores<\/h2>\n<p>Esta lata de alimento h\u00famido \u00e0 base de atum com camar\u00e3o para gatos adultos \u00e9 uma dieta muito saborosa e de f\u00e1cil digest\u00e3o para cuidar da sa\u00fade do seu gato.<\/p>\n<p>Os gatos adoram refei\u00e7\u00f5es \u00e0 base de peixe, mas cabe a si escolher aquela que, al\u00e9m de suculenta, \u00e9 a mais ben\u00e9fica para o seu organismo.<\/p>\n<p>Os ingredientes naturais que s\u00e3o originalmente adequados para o consumo humano garantem que quando o seu gato consumir este alimento h\u00famido, estar\u00e1 a receber um <strong>alimento \u00fanico e nutricionalmente completo<\/strong>, livre de subprodutos ou res\u00edduos da ind\u00fastria alimentar. <strong>N\u00e3o cont\u00e9m gl\u00faten nem organismos geneticamente modificados (OGM)<\/strong>.<\/p>\n<p>Esta completa comida em lata da Criadores \u00e0 base de atum e camar\u00e3o para gatos cont\u00e9m 45% de <strong>atum de qualidade premium<\/strong>: ou seja, peixe real, sem farinhas. Al\u00e9m disso, o peixe possui <strong>prote\u00ednas de excelente qualidade<\/strong> e \u00e9 <strong>pobre em gordura<\/strong>, para que o seu gato mantenha seu peso ideal. Tamb\u00e9m <strong>cuida da sa\u00fade do pelo e proporciona brilho \u00e0 pele.<\/strong> Para completar o cuidado com a sa\u00fade do seu gato, o alto teor de \u00e1gua deste alimento ajuda a promover uma sa\u00fade urin\u00e1ria adequada.<\/p>\n<p>Projetado para animais de estima\u00e7\u00e3o adultos, est\u00e1 dispon\u00edvel em embalagens com uma ou v\u00e1rias unidades.<\/p>\n<h3><strong style=\"font-size: 16px;\">D\u00ea ao seu gato uma alimenta\u00e7\u00e3o de qualidade, saborosa e rica em nutrientes, com as latas de atum e camar\u00e3o Criadores. Para al\u00e9m de serem deliciosas, cont\u00eam todos os nutrientes que o seu animal de estima\u00e7\u00e3o necessita.<\/strong><\/h3>\n","protected":false},"excerpt":{"rendered":"<p>Lata de atum com camar\u00e3o para gatos Criadores Esta lata  [&#8230;]<\/p>\n","protected":false},"featured_media":1611,"comment_status":"open","ping_status":"closed","template":"","meta":{"_acf_changed":false},"product_brand":[],"product_cat":[110,111,106],"product_tag":[],"class_list":{"0":"post-2218","1":"product","2":"type-product","3":"status-publish","4":"has-post-thumbnail","6":"product_cat-comida-humida-pt","7":"product_cat-gatos","8":"product_cat-original-gato-pt-pt","10":"first","11":"instock","12":"shipping-taxable","13":"product-type-simple"},"acf":[],"_links":{"self":[{"href":"https:\/\/www.criadores.es\/pt-pt\/wp-json\/wp\/v2\/product\/2218","targetHints":{"allow":["GET"]}}],"collection":[{"href":"https:\/\/www.criadores.es\/pt-pt\/wp-json\/wp\/v2\/product"}],"about":[{"href":"https:\/\/www.criadores.es\/pt-pt\/wp-json\/wp\/v2\/types\/product"}],"replies":[{"embeddable":true,"href":"https:\/\/www.criadores.es\/pt-pt\/wp-json\/wp\/v2\/comments?post=2218"}],"wp:featuredmedia":[{"embeddable":true,"href":"https:\/\/www.criadores.es\/pt-pt\/wp-json\/wp\/v2\/media\/1611"}],"wp:attachment":[{"href":"https:\/\/www.criadores.es\/pt-pt\/wp-json\/wp\/v2\/media?parent=2218"}],"wp:term":[{"taxonomy":"product_brand","embeddable":true,"href":"https:\/\/www.criadores.es\/pt-pt\/wp-json\/wp\/v2\/product_brand?post=2218"},{"taxonomy":"product_cat","embeddable":true,"href":"https:\/\/www.criadores.es\/pt-pt\/wp-json\/wp\/v2\/product_cat?post=2218"},{"taxonomy":"product_tag","embeddable":true,"href":"https:\/\/www.criadores.es\/pt-pt\/wp-json\/wp\/v2\/product_tag?post=2218"}],"curies":[{"name":"wp","href":"https:\/\/api.w.org\/{rel}","templated":true}]}}