{"id":2219,"date":"2025-02-11T10:42:18","date_gmt":"2025-02-11T09:42:18","guid":{"rendered":"https:\/\/www.criadores.es\/producto\/criadores-snack-stick-dental-de-frango-para-caes\/"},"modified":"2025-06-11T17:30:49","modified_gmt":"2025-06-11T15:30:49","slug":"criadores-snack-stick-dental-de-frango-para-caes","status":"publish","type":"product","link":"https:\/\/www.criadores.es\/pt-pt\/producto\/criadores-snack-stick-dental-de-frango-para-caes\/","title":{"rendered":"Criadores snack stick dental de frango para c\u00e3es"},"content":{"rendered":"<h2>Dental Sticks Criadores de frango e arroz<\/h2>\n<p>Estes dental sticks da marca Criadores com frango e arroz auxiliar\u00e3o a manter os dentes do seu animal de estima\u00e7\u00e3o limpos e saud\u00e1veis. Opte pela m\u00e1xima qualidade na <strong>higiene e sa\u00fade oral<\/strong> do seu melhor amigo com os nossos <strong>apetitosos limpadores dent\u00e1rios<\/strong>, que removem o t\u00e1rtaro acumulado e fortalecem os m\u00fasculos mastigat\u00f3rios.<\/p>\n<p>Esta iguaria dent\u00e1ria para c\u00e3es \u00e9 ideal para <strong>cuidar da sa\u00fade oral<\/strong> do seu melhor amigo, pois ajuda a remover o t\u00e1rtaro acumulado e a fortalecer a mand\u00edbula. Utilize diariamente para assegurar que os dentes do seu animal de estima\u00e7\u00e3o se mantenham saud\u00e1veis e limpos. O snack Criadores \u00e9 um mimo <strong>altamente nutritivo<\/strong>, perfeito para presentear o seu animal durante o treino ou para surpreend\u00ea-lo a qualquer momento do dia com um saboroso petisco.<\/p>\n<p>Os snacks dent\u00e1rios Criadores integram uma gama de excel\u00eancia e <strong>alta qualidade<\/strong> em petiscos para c\u00e3es, satisfazendo plenamente o seu melhor amigo. Estas sticks saud\u00e1veis s\u00e3o extremamente tenras, sendo <strong>ideais para todos os c\u00e3es, desde os cachorros aos mais velhos<\/strong>. S\u00e3o apresentadas numa embalagem de pl\u00e1stico que <strong>assegura a sua frescura<\/strong>. Uma vez esgotadas, pode reutilizar a embalagem para conservar outros petiscos do seu animal, mantendo-os frescos.<\/p>\n<p style=\"text-align: center;\" align=\"\"><strong><em>Assegure a correta higiene oral do seu c\u00e3o com estas deliciosas iguarias de alta qualidade.<\/em><\/strong><\/p>\n<p><em>A partir da data de rece\u00e7\u00e3o, \u00e9 garantida uma validade de 3 meses at\u00e9 ao seu vencimento, ou de 1 m\u00eas no caso de produtos l\u00e1cteos e ra\u00e7\u00e3o org\u00e2nica.<\/em><\/p>\n","protected":false},"excerpt":{"rendered":"<p>Sticks de frango para c\u00e3es de todas as ra\u00e7as e idades, preparados com ingredientes naturais e f\u00e1ceis de digerir, estimulam a mastiga\u00e7\u00e3o e ajudam a limpar os dentes e gengivas.<\/p>\n","protected":false},"featured_media":1658,"comment_status":"open","ping_status":"closed","template":"","meta":{"_acf_changed":false},"product_brand":[],"product_cat":[92,98,101],"product_tag":[],"class_list":{"0":"post-2219","1":"product","2":"type-product","3":"status-publish","4":"has-post-thumbnail","6":"product_cat-cao","7":"product_cat-original-pt-pt","8":"product_cat-snacks-pt-pt","10":"first","11":"instock","12":"shipping-taxable","13":"product-type-simple"},"acf":[],"_links":{"self":[{"href":"https:\/\/www.criadores.es\/pt-pt\/wp-json\/wp\/v2\/product\/2219","targetHints":{"allow":["GET"]}}],"collection":[{"href":"https:\/\/www.criadores.es\/pt-pt\/wp-json\/wp\/v2\/product"}],"about":[{"href":"https:\/\/www.criadores.es\/pt-pt\/wp-json\/wp\/v2\/types\/product"}],"replies":[{"embeddable":true,"href":"https:\/\/www.criadores.es\/pt-pt\/wp-json\/wp\/v2\/comments?post=2219"}],"wp:featuredmedia":[{"embeddable":true,"href":"https:\/\/www.criadores.es\/pt-pt\/wp-json\/wp\/v2\/media\/1658"}],"wp:attachment":[{"href":"https:\/\/www.criadores.es\/pt-pt\/wp-json\/wp\/v2\/media?parent=2219"}],"wp:term":[{"taxonomy":"product_brand","embeddable":true,"href":"https:\/\/www.criadores.es\/pt-pt\/wp-json\/wp\/v2\/product_brand?post=2219"},{"taxonomy":"product_cat","embeddable":true,"href":"https:\/\/www.criadores.es\/pt-pt\/wp-json\/wp\/v2\/product_cat?post=2219"},{"taxonomy":"product_tag","embeddable":true,"href":"https:\/\/www.criadores.es\/pt-pt\/wp-json\/wp\/v2\/product_tag?post=2219"}],"curies":[{"name":"wp","href":"https:\/\/api.w.org\/{rel}","templated":true}]}}