{"id":2220,"date":"2025-02-13T12:35:28","date_gmt":"2025-02-13T11:35:28","guid":{"rendered":"https:\/\/www.criadores.es\/producto\/criadores-adulto-frango-e-peru-lata-para-gatos\/"},"modified":"2025-06-11T15:32:35","modified_gmt":"2025-06-11T13:32:35","slug":"criadores-adulto-frango-e-peru-lata-para-gatos","status":"publish","type":"product","link":"https:\/\/www.criadores.es\/pt-pt\/producto\/criadores-adulto-frango-e-peru-lata-para-gatos\/","title":{"rendered":"Criadores Adulto frango e peru lata para gatos"},"content":{"rendered":"<h2>Alimento h\u00famido para gatos Criadores<\/h2>\n<p>Este alimento para gatos \u00e9 uma comida completa e equilibrada para os gatos adultos. \u00c9 elaborado com <strong>ingredientes naturais<\/strong> de modo a fornecer ao seu gato nutrientes de grande qualidade, isentos de gl\u00faten e de <strong>organismos geneticamente modificados<\/strong> (transg\u00e9nicos). Os seus ingredientes selecionados garantem um excelente sabor.<\/p>\n<p>O <strong>alimento h\u00famido para gatos Criadores frango e peru 170 gr<\/strong>, com <strong>50% de frango<\/strong>, ao qual se junta o peru, faz com que o seu gato fa\u00e7a boas digest\u00f5es e ao mesmo tempo tenha uma boa condi\u00e7\u00e3o f\u00edsica.<\/p>\n<p>Este alimento para gatos tem, como ingredientes nutritivos que completam a sua f\u00f3rmula exclusiva, vegetais <strong>ricos em vitaminas<\/strong> como a batata, a cenoura, os br\u00f3colos e o alho franc\u00eas. Al\u00e9m disso, o alto teor de \u00e1gua favorece o correto estado de hidrata\u00e7\u00e3o e a sa\u00fade urin\u00e1ria do seu gato.<\/p>\n<p>Apenas a marca <strong>Criadores<\/strong> d\u00e1 tanta import\u00e2ncia \u00e0 sa\u00fade do seu gato, verificando de perto todo o processo de fabrico, desde o in\u00edcio at\u00e9 ao fim para garantir que nenhum dos ingredientes perde as suas propriedades nutricionais, especialmente as prote\u00ednas que conservam inalteradas a sua estrutura molecular.<\/p>\n<p>Pode adquirir este alimento h\u00famido para gatos em embalagens de 1, 6 e 12 unidades.<\/p>\n<p style=\"text-align: left;\"><em><strong>Metade da composi\u00e7\u00e3o do alimento h\u00famido para gatos Criadores frango e peru 170 gr \u00e9 frango, adequado para o consumo humano. Os seus ingredientes naturais ir\u00e3o proteger a sa\u00fade do seu animal de estima\u00e7\u00e3o pois \u00e9 um produto totalmente livre de transg\u00e9nicos.<\/strong><\/em><\/p>\n<p><em>A partir da data em que os receba \u00e9 garantido um prazo de 3 meses antes do vencimento da data de validade, ou de 1 m\u00eas no caso dos produtos l\u00b4cteos e a ra\u00e7\u00e3o ecol\u00f3gica.<\/em><\/p>\n","protected":false},"excerpt":{"rendered":"<p>Este alimento para gatos \u00e9 uma comida completa e equilibrada para os gatos adultos. \u00c9 elaborado com ingredientes naturais de modo a fornecer ao seu gato nutrientes de grande qualidade, &#8230;<\/p>\n","protected":false},"featured_media":1888,"comment_status":"open","ping_status":"closed","template":"","meta":{"_acf_changed":false},"product_brand":[],"product_cat":[110,111,106],"product_tag":[],"class_list":{"0":"post-2220","1":"product","2":"type-product","3":"status-publish","4":"has-post-thumbnail","6":"product_cat-comida-humida-pt","7":"product_cat-gatos","8":"product_cat-original-gato-pt-pt","10":"first","11":"instock","12":"shipping-taxable","13":"product-type-simple"},"acf":[],"_links":{"self":[{"href":"https:\/\/www.criadores.es\/pt-pt\/wp-json\/wp\/v2\/product\/2220","targetHints":{"allow":["GET"]}}],"collection":[{"href":"https:\/\/www.criadores.es\/pt-pt\/wp-json\/wp\/v2\/product"}],"about":[{"href":"https:\/\/www.criadores.es\/pt-pt\/wp-json\/wp\/v2\/types\/product"}],"replies":[{"embeddable":true,"href":"https:\/\/www.criadores.es\/pt-pt\/wp-json\/wp\/v2\/comments?post=2220"}],"wp:featuredmedia":[{"embeddable":true,"href":"https:\/\/www.criadores.es\/pt-pt\/wp-json\/wp\/v2\/media\/1888"}],"wp:attachment":[{"href":"https:\/\/www.criadores.es\/pt-pt\/wp-json\/wp\/v2\/media?parent=2220"}],"wp:term":[{"taxonomy":"product_brand","embeddable":true,"href":"https:\/\/www.criadores.es\/pt-pt\/wp-json\/wp\/v2\/product_brand?post=2220"},{"taxonomy":"product_cat","embeddable":true,"href":"https:\/\/www.criadores.es\/pt-pt\/wp-json\/wp\/v2\/product_cat?post=2220"},{"taxonomy":"product_tag","embeddable":true,"href":"https:\/\/www.criadores.es\/pt-pt\/wp-json\/wp\/v2\/product_tag?post=2220"}],"curies":[{"name":"wp","href":"https:\/\/api.w.org\/{rel}","templated":true}]}}