{"id":2221,"date":"2025-02-12T16:54:16","date_gmt":"2025-02-12T15:54:16","guid":{"rendered":"https:\/\/www.criadores.es\/producto\/criadores-snack-sticks-cordeiro-arroz-para-caes\/"},"modified":"2025-06-12T13:02:40","modified_gmt":"2025-06-12T11:02:40","slug":"criadores-snack-sticks-cordeiro-arroz-para-caes","status":"publish","type":"product","link":"https:\/\/www.criadores.es\/pt-pt\/producto\/criadores-snack-sticks-cordeiro-arroz-para-caes\/","title":{"rendered":"Criadores snack sticks cordeiro-arroz para c\u00e3es"},"content":{"rendered":"<h2>Guloseima semi-\u00famido c\u00e3o super-luxo com cordeiro, arroz e frango.<\/h2>\n<p>Essas varas delicioso snack para c\u00e3es \u00e9 um alimento complementar ideal para cuidar da sa\u00fade do seu c\u00e3o ao mesmo tempo que recebe um lanche delicioso. <strong>Essas varas moles s\u00e3o feitas com ingredientes de excelente qualidade, com uma elevada percentagem de carne<\/strong> (at\u00e9 70% de carne fresca em sua composi\u00e7\u00e3o), o que garante um sabor natural sem aditivos artificiais. <strong>\u00e9 um produto feito em Espanha, a frescura e a garantia de qualidade.<\/strong><\/p>\n<p>\u00c9 uma Bugiganga do filhote de cachorro para idosos apropriados para <strong>c\u00e3es de todas as idades e tamanhos<\/strong>. <strong>Eles s\u00e3o muito macios e f\u00e1ceis de dividir, s\u00e3o naturalmente gostoso, tentador e f\u00e1cil de digerir<\/strong>. Eles s\u00e3o perfeitos para dar como recompensa durante o treinamento ou simplesmente como uma recompensa para o seu c\u00e3o a qualquer hora do dia.<\/p>\n<p><em>A partir da data em que os receba \u00e9 garantido um prazo de 3 meses antes do vencimento da data de validade, ou de 1 m\u00eas no caso dos produtos l\u00b4cteos e a ra\u00e7\u00e3o ecol\u00f3gica.<\/em><\/p>\n","protected":false},"excerpt":{"rendered":"<p>Barras de carneiro e arroz para c\u00e3es, feitas com alta prote\u00edna e baixas gorduras, a sua textura \u00e9 crocante, s\u00e3o ideais para oferecer como lanche ou recompensa.<\/p>\n","protected":false},"featured_media":1776,"comment_status":"open","ping_status":"closed","template":"","meta":{"_acf_changed":false},"product_brand":[],"product_cat":[92,98,101],"product_tag":[],"class_list":{"0":"post-2221","1":"product","2":"type-product","3":"status-publish","4":"has-post-thumbnail","6":"product_cat-cao","7":"product_cat-original-pt-pt","8":"product_cat-snacks-pt-pt","10":"first","11":"instock","12":"shipping-taxable","13":"product-type-simple"},"acf":[],"_links":{"self":[{"href":"https:\/\/www.criadores.es\/pt-pt\/wp-json\/wp\/v2\/product\/2221","targetHints":{"allow":["GET"]}}],"collection":[{"href":"https:\/\/www.criadores.es\/pt-pt\/wp-json\/wp\/v2\/product"}],"about":[{"href":"https:\/\/www.criadores.es\/pt-pt\/wp-json\/wp\/v2\/types\/product"}],"replies":[{"embeddable":true,"href":"https:\/\/www.criadores.es\/pt-pt\/wp-json\/wp\/v2\/comments?post=2221"}],"wp:featuredmedia":[{"embeddable":true,"href":"https:\/\/www.criadores.es\/pt-pt\/wp-json\/wp\/v2\/media\/1776"}],"wp:attachment":[{"href":"https:\/\/www.criadores.es\/pt-pt\/wp-json\/wp\/v2\/media?parent=2221"}],"wp:term":[{"taxonomy":"product_brand","embeddable":true,"href":"https:\/\/www.criadores.es\/pt-pt\/wp-json\/wp\/v2\/product_brand?post=2221"},{"taxonomy":"product_cat","embeddable":true,"href":"https:\/\/www.criadores.es\/pt-pt\/wp-json\/wp\/v2\/product_cat?post=2221"},{"taxonomy":"product_tag","embeddable":true,"href":"https:\/\/www.criadores.es\/pt-pt\/wp-json\/wp\/v2\/product_tag?post=2221"}],"curies":[{"name":"wp","href":"https:\/\/api.w.org\/{rel}","templated":true}]}}