{"id":2223,"date":"2025-02-13T09:22:28","date_gmt":"2025-02-13T08:22:28","guid":{"rendered":"https:\/\/www.criadores.es\/producto\/criadores-snack-sticks-com-salmao-para-caes\/"},"modified":"2025-06-11T16:04:34","modified_gmt":"2025-06-11T14:04:34","slug":"criadores-snack-sticks-com-salmao-para-caes","status":"publish","type":"product","link":"https:\/\/www.criadores.es\/pt-pt\/producto\/criadores-snack-sticks-com-salmao-para-caes\/","title":{"rendered":"Criadores snack sticks com salm\u00e3o para c\u00e3es"},"content":{"rendered":"<h2>Snack super-premium semi-h\u00famido para c\u00e3o sabor salm\u00e3o com frango<\/h2>\n<p>Estas deliciosas sticks para c\u00e3es s\u00e3o um complemento alimentar ideal para cuidar da sa\u00fade do seu animal enquanto lhe oferece um petisco saboroso. Estas <strong>sticks suaves s\u00e3o elaboradas com ingredientes de elevada qualidade, com uma alta percentagem de carne<\/strong> (at\u00e9 70% de carne fresca na sua composi\u00e7\u00e3o), o que assegura um sabor natural sem aditivos artificiais. <strong>\u00c9 um produto fabricado em Espanha, com frescura e qualidade.<\/strong><\/p>\n<p>\u00c9 um mimo adequado para c\u00e3es desde cachorro at\u00e9 idosos, sendo <strong>apropriado para c\u00e3es de todas as idades e tamanhos<\/strong>. <strong>S\u00e3o extremamente tenros e f\u00e1ceis de dividir, naturalmente saborosos, apelativos e de f\u00e1cil digest\u00e3o<\/strong>. S\u00e3o perfeitos para dar como recompensa durante o treino ou simplesmente para mimar o seu c\u00e3o a qualquer momento.<\/p>\n<p><em>Ap\u00f3s a rece\u00e7\u00e3o, \u00e9 garantido um prazo de 3 meses at\u00e9 \u00e0 data de validade, ou de 1 m\u00eas no caso de produtos l\u00e1cteos e ra\u00e7\u00e3o org\u00e2nica.<\/em><\/p>\n","protected":false},"excerpt":{"rendered":"<p>Sticks de salm\u00e3o para c\u00e3es de todas as idades, possuem uma textura semi-h\u00famida e s\u00e3o ideais para oferecer como snack ou recompensa. Ricas em prote\u00ednas e baixas em gorduras.<\/p>\n","protected":false},"featured_media":1814,"comment_status":"open","ping_status":"closed","template":"","meta":{"_acf_changed":false},"product_brand":[],"product_cat":[92,98,101],"product_tag":[],"class_list":{"0":"post-2223","1":"product","2":"type-product","3":"status-publish","4":"has-post-thumbnail","6":"product_cat-cao","7":"product_cat-original-pt-pt","8":"product_cat-snacks-pt-pt","10":"first","11":"instock","12":"shipping-taxable","13":"product-type-simple"},"acf":[],"_links":{"self":[{"href":"https:\/\/www.criadores.es\/pt-pt\/wp-json\/wp\/v2\/product\/2223","targetHints":{"allow":["GET"]}}],"collection":[{"href":"https:\/\/www.criadores.es\/pt-pt\/wp-json\/wp\/v2\/product"}],"about":[{"href":"https:\/\/www.criadores.es\/pt-pt\/wp-json\/wp\/v2\/types\/product"}],"replies":[{"embeddable":true,"href":"https:\/\/www.criadores.es\/pt-pt\/wp-json\/wp\/v2\/comments?post=2223"}],"wp:featuredmedia":[{"embeddable":true,"href":"https:\/\/www.criadores.es\/pt-pt\/wp-json\/wp\/v2\/media\/1814"}],"wp:attachment":[{"href":"https:\/\/www.criadores.es\/pt-pt\/wp-json\/wp\/v2\/media?parent=2223"}],"wp:term":[{"taxonomy":"product_brand","embeddable":true,"href":"https:\/\/www.criadores.es\/pt-pt\/wp-json\/wp\/v2\/product_brand?post=2223"},{"taxonomy":"product_cat","embeddable":true,"href":"https:\/\/www.criadores.es\/pt-pt\/wp-json\/wp\/v2\/product_cat?post=2223"},{"taxonomy":"product_tag","embeddable":true,"href":"https:\/\/www.criadores.es\/pt-pt\/wp-json\/wp\/v2\/product_tag?post=2223"}],"curies":[{"name":"wp","href":"https:\/\/api.w.org\/{rel}","templated":true}]}}