{"id":2224,"date":"2025-02-14T09:22:41","date_gmt":"2025-02-14T08:22:41","guid":{"rendered":"https:\/\/www.criadores.es\/producto\/criadores-adulto-atum-com-frango-e-sardinha-em-pate-lata-para-gatos\/"},"modified":"2025-06-11T17:57:44","modified_gmt":"2025-06-11T15:57:44","slug":"criadores-adulto-atum-com-frango-e-sardinha-em-pate-lata-para-gatos","status":"publish","type":"product","link":"https:\/\/www.criadores.es\/pt-pt\/producto\/criadores-adulto-atum-com-frango-e-sardinha-em-pate-lata-para-gatos\/","title":{"rendered":"Criadores Adulto Atum com Frango e Sardinha em pat\u00ea lata para gatos"},"content":{"rendered":"<h2>Alimento h\u00famido para gatos Criadores<\/h2>\n<p>A superioridade de um produto alimentar reside na qualidade dos seus ingredientes e a melhor garantia numa comida para animais \u00e9 a origem dos mesmos. Por isso Criadores incorpora ingredientes que no in\u00edcio da cadeia produtiva eram adequados para o <strong>consumo humano<\/strong>, isto quer dizer que passaram por controlos exigentes de qualidade para assegurar a sua seguran\u00e7a e qualidade.<\/p>\n<p>Porque, ao contr\u00e1rio da alimenta\u00e7\u00e3o tradicional, em todos os produtos de Criadores h\u00e1 um controlo do processo de fabrico desde o in\u00edcio ate ao fim para assegurar o <strong>bem-estar do seu animal de estima\u00e7\u00e3o<\/strong>.<\/p>\n<p>\u00c9 o que acontece com o <strong>alimento h\u00famido para gatos Criadores atum com frango, sardinha e arroz 170 gr<\/strong>, elaborado \u00e0 base de <strong>ingredientes naturais<\/strong>, entre os quais se destaca o alto teor <strong>(58%) de atum e frango<\/strong>. \u00c9 Um alimento com uma suave textura e excelente sabor que assegura uma alta taxa de consumo. Alem disso os seus ingredientes selecionados s\u00e3o de muito f\u00e1cil digest\u00e3o.<\/p>\n<p>Este <strong>produto exclusivo da TiendAnimal<\/strong>, indicado para gatos adultos, n\u00e3o cont\u00e9m gl\u00faten nem organismos geneticamente modificados (OGM).<\/p>\n<p>Pode encontr\u00e1-lo em embalagens de 1, 6 e 12 unidades.<\/p>\n<p><em><strong>Os ingredientes naturais de origem adequada para o consumo humano do alimento h\u00famido para gatos Criadores atum com frango, sardinha e arroz 170 gr s\u00e3o a melhor garantia da sua qualidade. Com 58% de atum e frango, \u00e9 um produto livre de OGM com uma estrutura proteica n\u00e3o modificada.<\/strong><\/em><\/p>\n<p><em>A partir da data em que os receba \u00e9 garantido um prazo de 3 meses antes do vencimento da data de validade, ou de 1 m\u00eas no caso dos produtos l\u00b4cteos e a ra\u00e7\u00e3o ecol\u00f3gica.<\/em><\/p>\n","protected":false},"excerpt":{"rendered":"<p>A superioridade de um produto alimentar reside na qualidade dos seus ingredientes e a melhor garantia numa comida para animais \u00e9 a origem dos mesmos. Por isso Criadores incorpora ingredientes<\/p>\n","protected":false},"featured_media":2008,"comment_status":"open","ping_status":"closed","template":"","meta":{"_acf_changed":false},"product_brand":[],"product_cat":[110,111,106],"product_tag":[],"class_list":{"0":"post-2224","1":"product","2":"type-product","3":"status-publish","4":"has-post-thumbnail","6":"product_cat-comida-humida-pt","7":"product_cat-gatos","8":"product_cat-original-gato-pt-pt","10":"first","11":"instock","12":"shipping-taxable","13":"product-type-simple"},"acf":[],"_links":{"self":[{"href":"https:\/\/www.criadores.es\/pt-pt\/wp-json\/wp\/v2\/product\/2224","targetHints":{"allow":["GET"]}}],"collection":[{"href":"https:\/\/www.criadores.es\/pt-pt\/wp-json\/wp\/v2\/product"}],"about":[{"href":"https:\/\/www.criadores.es\/pt-pt\/wp-json\/wp\/v2\/types\/product"}],"replies":[{"embeddable":true,"href":"https:\/\/www.criadores.es\/pt-pt\/wp-json\/wp\/v2\/comments?post=2224"}],"wp:featuredmedia":[{"embeddable":true,"href":"https:\/\/www.criadores.es\/pt-pt\/wp-json\/wp\/v2\/media\/2008"}],"wp:attachment":[{"href":"https:\/\/www.criadores.es\/pt-pt\/wp-json\/wp\/v2\/media?parent=2224"}],"wp:term":[{"taxonomy":"product_brand","embeddable":true,"href":"https:\/\/www.criadores.es\/pt-pt\/wp-json\/wp\/v2\/product_brand?post=2224"},{"taxonomy":"product_cat","embeddable":true,"href":"https:\/\/www.criadores.es\/pt-pt\/wp-json\/wp\/v2\/product_cat?post=2224"},{"taxonomy":"product_tag","embeddable":true,"href":"https:\/\/www.criadores.es\/pt-pt\/wp-json\/wp\/v2\/product_tag?post=2224"}],"curies":[{"name":"wp","href":"https:\/\/api.w.org\/{rel}","templated":true}]}}