{"id":2228,"date":"2025-02-10T12:14:36","date_gmt":"2025-02-10T11:14:36","guid":{"rendered":"https:\/\/www.criadores.es\/producto\/criadores-adulto-salmao-e-arroz-racao-para-gatos\/"},"modified":"2025-02-10T12:14:36","modified_gmt":"2025-02-10T11:14:36","slug":"criadores-adulto-salmao-e-arroz-racao-para-gatos","status":"publish","type":"product","link":"https:\/\/www.criadores.es\/pt-pt\/producto\/criadores-adulto-salmao-e-arroz-racao-para-gatos\/","title":{"rendered":"Criadores Adulto Salm\u00e3o e Arroz ra\u00e7\u00e3o para gatos"},"content":{"rendered":"<h2>Ra\u00e7\u00e3o para Gatos Criadores Adulto<\/h2>\n<p>Conhe\u00e7a a nova f\u00f3rmula desta <strong>ra\u00e7\u00e3o super premium para gatos<\/strong>! A elevada quantidade de peixe na <strong>Criadores Adulto com salm\u00e3o<\/strong> facilita a digest\u00e3o do seu animal de estima\u00e7\u00e3o.<\/p>\n<p>Em gatos adultos, a digest\u00e3o \u00e9 um fator crucial, e por isso este alimento completo cont\u00e9m 65% de salm\u00e3o, sendo que <strong>33% \u00e9 peixe fresco<\/strong>.<\/p>\n<p><strong>Saborosa<\/strong> e com <strong>ingredientes suaves<\/strong> (salm\u00e3o e arroz), \u00e9 uma ra\u00e7\u00e3o de <strong>qualidade super premium<\/strong>.<\/p>\n<p>A sua receita inovadora inclui zinco, que contribui para a <strong>regenera\u00e7\u00e3o da pele<\/strong> do seu gato, e \u00e1cidos gordos essenciais para manter o <strong>pelo forte e luminoso<\/strong>.<\/p>\n<p>O <strong>efeito b\u00edfido<\/strong> dos prebi\u00f3ticos estimula a flora bacteriana ben\u00e9fica, potenciando assim a <strong>sa\u00fade intestinal<\/strong> do seu gato.<\/p>\n<p><img alt=\"\" \/>DHA: \u00e1cido docosa-hexaen\u00f3ico<\/p>\n<p><em><strong>O peixe \u00e9 uma fonte de prote\u00edna facilmente diger\u00edvel. \u00c9 precisamente o que os gatos adultos necessitam; por isso, a ra\u00e7\u00e3o para gatos Criadores Adulto com Salm\u00e3o cont\u00e9m 65% deste ingrediente. Ingredientes de alt\u00edssima qualidade que cuidam da pele e do pelo e promovem a sa\u00fade intestinal.<\/strong><\/em><\/p>\n<p><em>A partir da data de rece\u00e7\u00e3o, garante-se um prazo de 3 meses at\u00e9 ao vencimento da data de validade, ou de 1 m\u00eas no caso de produtos l\u00e1cteos e ra\u00e7\u00e3o org\u00e2nica.<\/em>&#8220;<\/p>\n","protected":false},"excerpt":{"rendered":"<p>Descubra a nova f\u00f3rmula desta ra\u00e7\u00e3o super premium para gatos! O grande quantidade de peixe presente na Criadores Adulto com salm\u00e3o, contribui para que o seu animal de estima\u00e7\u00e3o tenha uma boa digest\u00e3o.<\/p>\n","protected":false},"featured_media":1550,"comment_status":"open","ping_status":"closed","template":"","meta":{"_acf_changed":false},"product_brand":[],"product_cat":[105,111,106],"product_tag":[],"class_list":{"0":"post-2228","1":"product","2":"type-product","3":"status-publish","4":"has-post-thumbnail","6":"product_cat-alimentacao-seca-pt","7":"product_cat-gatos","8":"product_cat-original-gato-pt-pt","10":"first","11":"instock","12":"shipping-taxable","13":"product-type-simple"},"acf":[],"_links":{"self":[{"href":"https:\/\/www.criadores.es\/pt-pt\/wp-json\/wp\/v2\/product\/2228","targetHints":{"allow":["GET"]}}],"collection":[{"href":"https:\/\/www.criadores.es\/pt-pt\/wp-json\/wp\/v2\/product"}],"about":[{"href":"https:\/\/www.criadores.es\/pt-pt\/wp-json\/wp\/v2\/types\/product"}],"replies":[{"embeddable":true,"href":"https:\/\/www.criadores.es\/pt-pt\/wp-json\/wp\/v2\/comments?post=2228"}],"wp:featuredmedia":[{"embeddable":true,"href":"https:\/\/www.criadores.es\/pt-pt\/wp-json\/wp\/v2\/media\/1550"}],"wp:attachment":[{"href":"https:\/\/www.criadores.es\/pt-pt\/wp-json\/wp\/v2\/media?parent=2228"}],"wp:term":[{"taxonomy":"product_brand","embeddable":true,"href":"https:\/\/www.criadores.es\/pt-pt\/wp-json\/wp\/v2\/product_brand?post=2228"},{"taxonomy":"product_cat","embeddable":true,"href":"https:\/\/www.criadores.es\/pt-pt\/wp-json\/wp\/v2\/product_cat?post=2228"},{"taxonomy":"product_tag","embeddable":true,"href":"https:\/\/www.criadores.es\/pt-pt\/wp-json\/wp\/v2\/product_tag?post=2228"}],"curies":[{"name":"wp","href":"https:\/\/api.w.org\/{rel}","templated":true}]}}