{"id":2229,"date":"2025-02-13T12:06:12","date_gmt":"2025-02-13T11:06:12","guid":{"rendered":"https:\/\/www.criadores.es\/producto\/criadores-adulto-frango-e-arroz-racao-para-gatos\/"},"modified":"2025-06-12T12:10:25","modified_gmt":"2025-06-12T10:10:25","slug":"criadores-adulto-frango-e-arroz-racao-para-gatos","status":"publish","type":"product","link":"https:\/\/www.criadores.es\/pt-pt\/producto\/criadores-adulto-frango-e-arroz-racao-para-gatos\/","title":{"rendered":"Criadores Adulto Frango e Arroz ra\u00e7\u00e3o para gatos"},"content":{"rendered":"<h2>Alimento para Gatos Criadores Adulto<\/h2>\n<p>Agora com uma f\u00f3rmula aprimorada! A ra\u00e7\u00e3o Criadores Adulto sabor a frango \u00e9 a op\u00e7\u00e3o ideal para alimentar o seu gato. Com <strong>33% de carne de frango fresca<\/strong>, a <strong>ra\u00e7\u00e3o Criadores Adulto sabor a frango<\/strong> cont\u00e9m apenas <strong>ingredientes naturais de elevada qualidade<\/strong>.<\/p>\n<p>Com o avan\u00e7ar da idade, os gatos necessitam de cuidados adicionais na sua dieta para combater problemas relacionados ao envelhecimento. Este alimento proporciona um <strong>sabor irresist\u00edvel<\/strong> e, gra\u00e7as \u00e0 sua receita baseada em <strong>frango e arroz<\/strong>, oferece ao seu gato toda a <strong>prote\u00edna<\/strong> e <strong>nutrientes<\/strong> necess\u00e1rios para uma vida saud\u00e1vel.<\/p>\n<p>Esta ra\u00e7\u00e3o para gatos adultos protege <strong>dentes e gengivas<\/strong>, garantindo uma sa\u00fade oral \u00f3ptima. Tamb\u00e9m <strong>potencia a sa\u00fade cardiovascular<\/strong> e <strong>mant\u00e9m a pele e pelo<\/strong> do seu gato saud\u00e1veis, gra\u00e7as ao seu conte\u00fado rico em \u00e1cidos gordos e zinco.<\/p>\n<p>DHA: \u00e1cido docosa-hexaen\u00f3ico<\/p>\n<p><strong><em>Para que o seu animal de estima\u00e7\u00e3o mantenha a sua vitalidade ao longo dos anos, \u00e9 essencial fornecer-lhe um alimento adequado que o proteja. Com a ra\u00e7\u00e3o Criadores Adulto com frango, de alta qualidade, ir\u00e1 contribuir para uns dentes e gengivas saud\u00e1veis e um pelo brilhante e uma pele cuidada. <\/em><\/strong><\/p>\n<p><em>A partir da data em que os receber, \u00e9 garantido um prazo de 3 meses at\u00e9 \u00e0 data de validade, ou de 1 m\u00eas no caso de produtos l\u00e1cteos e ra\u00e7\u00e3o org\u00e2nica.<\/em>&#8220;<\/p>\n","protected":false},"excerpt":{"rendered":"<p>Agora, com uma f\u00f3rmula melhorada! A ra\u00e7\u00e3o para gatos Criadores Adulto com sabor a frango \u00e9 a melhor escolha para a alimenta\u00e7\u00e3o do seu animal de estima\u00e7\u00e3o<\/p>\n<p><img title=\"\" alt=\"\" \/><\/p>\n<p>&#8220;<\/p>\n","protected":false},"featured_media":1876,"comment_status":"open","ping_status":"closed","template":"","meta":{"_acf_changed":false},"product_brand":[],"product_cat":[105,111,106],"product_tag":[],"class_list":{"0":"post-2229","1":"product","2":"type-product","3":"status-publish","4":"has-post-thumbnail","6":"product_cat-alimentacao-seca-pt","7":"product_cat-gatos","8":"product_cat-original-gato-pt-pt","10":"first","11":"instock","12":"shipping-taxable","13":"product-type-simple"},"acf":[],"_links":{"self":[{"href":"https:\/\/www.criadores.es\/pt-pt\/wp-json\/wp\/v2\/product\/2229","targetHints":{"allow":["GET"]}}],"collection":[{"href":"https:\/\/www.criadores.es\/pt-pt\/wp-json\/wp\/v2\/product"}],"about":[{"href":"https:\/\/www.criadores.es\/pt-pt\/wp-json\/wp\/v2\/types\/product"}],"replies":[{"embeddable":true,"href":"https:\/\/www.criadores.es\/pt-pt\/wp-json\/wp\/v2\/comments?post=2229"}],"wp:featuredmedia":[{"embeddable":true,"href":"https:\/\/www.criadores.es\/pt-pt\/wp-json\/wp\/v2\/media\/1876"}],"wp:attachment":[{"href":"https:\/\/www.criadores.es\/pt-pt\/wp-json\/wp\/v2\/media?parent=2229"}],"wp:term":[{"taxonomy":"product_brand","embeddable":true,"href":"https:\/\/www.criadores.es\/pt-pt\/wp-json\/wp\/v2\/product_brand?post=2229"},{"taxonomy":"product_cat","embeddable":true,"href":"https:\/\/www.criadores.es\/pt-pt\/wp-json\/wp\/v2\/product_cat?post=2229"},{"taxonomy":"product_tag","embeddable":true,"href":"https:\/\/www.criadores.es\/pt-pt\/wp-json\/wp\/v2\/product_tag?post=2229"}],"curies":[{"name":"wp","href":"https:\/\/api.w.org\/{rel}","templated":true}]}}