{"id":2230,"date":"2025-02-10T12:08:10","date_gmt":"2025-02-10T11:08:10","guid":{"rendered":"https:\/\/www.criadores.es\/producto\/criadores-kitten-frango-e-arroz-racao-para-gatinhos\/"},"modified":"2025-02-10T12:08:10","modified_gmt":"2025-02-10T11:08:10","slug":"criadores-kitten-frango-e-arroz-racao-para-gatinhos","status":"publish","type":"product","link":"https:\/\/www.criadores.es\/pt-pt\/producto\/criadores-kitten-frango-e-arroz-racao-para-gatinhos\/","title":{"rendered":"Criadores Kitten Frango e Arroz ra\u00e7\u00e3o para gatinhos"},"content":{"rendered":"<h2>Ra\u00e7\u00e3o Criadores Kitten para gatos: alimento com frango e arroz<\/h2>\n<p>Experimente a f\u00f3rmula aprimorada da <strong>ra\u00e7\u00e3o para gatinhos Criadores<\/strong>! Os gatinhos pequenos em fase de crescimento est\u00e3o fortalecendo o seu sistema imunit\u00e1rio e podem ser mais suscet\u00edveis a doen\u00e7as. O mesmo se aplica ao seu <strong>sistema digestivo, vis\u00e3o e capacidade cognitiva<\/strong>, os quais devem desenvolver-se gradualmente. Por isso, n\u00e3o hesite em experimentar a <strong>ra\u00e7\u00e3o Kitten para gatos<\/strong>, ir\u00e1 apreciar como a sua sa\u00fade se fortalece dia ap\u00f3s dia.<\/p>\n<p>Nesta fase importante e delicada, a alimenta\u00e7\u00e3o do seu animal de estima\u00e7\u00e3o \u00e9 fundamental para que eles cres\u00e7am desfrutando de uma boa sa\u00fade, uma vez que uma boa alimenta\u00e7\u00e3o na idade precoce pode prevenir muitos problemas de sa\u00fade na fase adulta.<\/p>\n<p>A <strong>ra\u00e7\u00e3o para gatinhos Criadores Kitten<\/strong> com frango cont\u00e9m apenas ingredientes naturais de qualidade: 60% de frango, dos quais 30% s\u00e3o carne fresca. As <strong>prote\u00ednas do frango<\/strong> garantem que o seu gatinho desenvolva m\u00fasculos fortes. Os <strong>hidratos de carbono<\/strong> do arroz e do milho fornecem toda a energia de que um gatinho precisa ao longo do dia. As <strong>fibras sol\u00faveis<\/strong>, provenientes da polpa de beterraba, facilitam a motilidade intestinal e o crescimento de bact\u00e9rias ben\u00e9ficas no intestino, fundamentais para uma boa sa\u00fade digestiva.<\/p>\n<p>\u00c9 uma ra\u00e7\u00e3o completa e muito saborosa (elaborada com frango e arroz) indicada para <strong>gatos dos 2 aos 12 meses<\/strong>, f\u00eameas gestantes e em per\u00edodo de lacta\u00e7\u00e3o.<\/p>\n<p>Na f\u00f3rmula exclusiva da <strong>ra\u00e7\u00e3o Kitten para gatos<\/strong>, n\u00e3o poderia faltar a taurina, um amino\u00e1cido essencial que \u00e9 fundamental para um crescimento adequado. S\u00e3o os \u00e1cidos gordos \u00f3mega 3 e 6, provenientes de peixes, que cuidam da sa\u00fade da pele e do pelo, aumentam as defesas, protegem a sa\u00fade cardiovascular e preservam o sistema nervoso durante a gesta\u00e7\u00e3o e o crescimento.<\/p>\n<p>Gra\u00e7as ao fornecimento de <strong>prebi\u00f3ticos<\/strong> (efeito bifidus), a sa\u00fade intestinal do seu animal de estima\u00e7\u00e3o tamb\u00e9m ser\u00e1 mantida em bom estado, pois essa comida para gatos <strong>favorece a flora intestinal<\/strong> ben\u00e9fica do sistema digestivo.<\/p>\n<p>DHA: \u00e1cido docosahexaenoico.<\/p>\n<p>Para que o seu animal de estima\u00e7\u00e3o cres\u00e7a saud\u00e1vel e forte, \u00e9 importante selecionar um alimento que promova o seu desenvolvimento. Nada se compara \u00e0 ra\u00e7\u00e3o <strong>para gatinhos Criadores Kitten com frango<\/strong>, de qualidade super premium. Desta forma, ser\u00e1 poss\u00edvel proteger o seu sistema imunit\u00e1rio, nervoso e digestivo. Se desejar proporcionar o melhor ao seu gato, n\u00e3o hesite em incluir a comida Kitten na sua dieta.<\/p>\n<p>A partir da data de rece\u00e7\u00e3o do produto, \u00e9 garantido um<strong> prazo de 3 meses<\/strong> antes do seu prazo de validade, ou de 1 m\u00eas no caso de produtos l\u00e1cteos e ra\u00e7\u00e3o ecol\u00f3gica.<\/p>\n","protected":false},"excerpt":{"rendered":"<p>Experimente a f\u00f3rmula melhorada da ra\u00e7\u00e3o para gatinhos Criadores! Os gatos pequenos em idade de crescimento ainda est\u00e3o a desenvolver o sistema imunol\u00f3gico e podem &#8230;<\/p>\n","protected":false},"featured_media":1546,"comment_status":"open","ping_status":"closed","template":"","meta":{"_acf_changed":false},"product_brand":[],"product_cat":[105,111,106],"product_tag":[],"class_list":{"0":"post-2230","1":"product","2":"type-product","3":"status-publish","4":"has-post-thumbnail","6":"product_cat-alimentacao-seca-pt","7":"product_cat-gatos","8":"product_cat-original-gato-pt-pt","10":"first","11":"instock","12":"shipping-taxable","13":"product-type-simple"},"acf":[],"_links":{"self":[{"href":"https:\/\/www.criadores.es\/pt-pt\/wp-json\/wp\/v2\/product\/2230","targetHints":{"allow":["GET"]}}],"collection":[{"href":"https:\/\/www.criadores.es\/pt-pt\/wp-json\/wp\/v2\/product"}],"about":[{"href":"https:\/\/www.criadores.es\/pt-pt\/wp-json\/wp\/v2\/types\/product"}],"replies":[{"embeddable":true,"href":"https:\/\/www.criadores.es\/pt-pt\/wp-json\/wp\/v2\/comments?post=2230"}],"wp:featuredmedia":[{"embeddable":true,"href":"https:\/\/www.criadores.es\/pt-pt\/wp-json\/wp\/v2\/media\/1546"}],"wp:attachment":[{"href":"https:\/\/www.criadores.es\/pt-pt\/wp-json\/wp\/v2\/media?parent=2230"}],"wp:term":[{"taxonomy":"product_brand","embeddable":true,"href":"https:\/\/www.criadores.es\/pt-pt\/wp-json\/wp\/v2\/product_brand?post=2230"},{"taxonomy":"product_cat","embeddable":true,"href":"https:\/\/www.criadores.es\/pt-pt\/wp-json\/wp\/v2\/product_cat?post=2230"},{"taxonomy":"product_tag","embeddable":true,"href":"https:\/\/www.criadores.es\/pt-pt\/wp-json\/wp\/v2\/product_tag?post=2230"}],"curies":[{"name":"wp","href":"https:\/\/api.w.org\/{rel}","templated":true}]}}