{"id":2231,"date":"2025-02-13T12:17:10","date_gmt":"2025-02-13T11:17:10","guid":{"rendered":"https:\/\/www.criadores.es\/producto\/criadores-adulto-esterilizado-frango-racao-para-gatos\/"},"modified":"2025-06-11T15:34:48","modified_gmt":"2025-06-11T13:34:48","slug":"criadores-adulto-esterilizado-frango-racao-para-gatos","status":"publish","type":"product","link":"https:\/\/www.criadores.es\/pt-pt\/producto\/criadores-adulto-esterilizado-frango-racao-para-gatos\/","title":{"rendered":"Criadores Adulto Esterilizado Frango ra\u00e7\u00e3o para gatos"},"content":{"rendered":"<h2>Ra\u00e7\u00e3o da Criadores para gatos esterilizados<\/h2>\n<p>Ao esterilizar o seu gato, \u00e9 fundamental conhecer aspetos b\u00e1sicos, tais como a redu\u00e7\u00e3o da atividade, entre outros. Por isso, \u00e9 necess\u00e1rio saber que deve fornecer-lhe uma ra\u00e7\u00e3o espec\u00edfica para gatos esterilizados que tenha em considera\u00e7\u00e3o a tend\u00eancia o excesso de peso destes gatos, de forma a fornecer-lhes as vitaminas e minerais necess\u00e1rios para <strong>facilitar a digest\u00e3o e evitar infe\u00e7\u00f5es urin\u00e1rias.<\/strong><\/p>\n<p>A ra\u00e7\u00e3o da Criadores para gatos esterilizados \u00e9 elaborada com frango e arroz, para que seja muito nutritiva e <strong>digest\u00edvel<\/strong>, sem comprometer o sabor. Esta receita especial \u00e9 complementada com minerais e \u00f3leos com <strong>efeito regenerativo e que previnem a acumula\u00e7\u00e3o de sais na urina.<\/strong><\/p>\n<p>Esta ra\u00e7\u00e3o para gatos esterilizados da Criadores tem uma qualidade premium, garantindo um teor de 65% de frango, dos quais 33% s\u00e3o carne fresca. A carne de frango cont\u00e9m <strong>prote\u00ednas de f\u00e1cil assimila\u00e7\u00e3o e baixo teor de gordura,<\/strong> o que permitir\u00e1 que o seu gato mantenha o tecido muscular ao mesmo tempo que ingere uma menor quantidade de gorduras, evitando o excesso de peso.<\/p>\n<p>A ra\u00e7\u00e3o da marca Criadores para gatos esterilizados fornece ao seu animal de estima\u00e7\u00e3o uma elevada\u00a0<strong>quantidade de zinco e \u00e1cidos gordos<\/strong> provenientes do peixe, para manter a pele e o pelo fortes e saud\u00e1veis. Al\u00e9m disso, o teor de minerais \u00e9 adequado para proteger a sa\u00fade urin\u00e1ria do seu animal de estima\u00e7\u00e3o e, gra\u00e7as ao conte\u00fado de <strong>bifidus e probi\u00f3ticos<\/strong>, a flora intestinal do seu gato ficar\u00e1 em perfeito estado.<\/p>\n<p><em>Com esta ra\u00e7\u00e3o, conseguir\u00e1 amenizar os efeitos da esteriliza\u00e7\u00e3o para que o seu gato n\u00e3o perca vitalidade e continue a desfrutar de alimentos saborosos e saud\u00e1veis.<\/em><\/p>\n","protected":false},"excerpt":{"rendered":"<p>Ra\u00e7\u00e3o para gatos esterilizados com frango fresco para evitar o aumento de peso e com minerais para evitar infe\u00e7\u00f5es do trato urin\u00e1rio ou perda de vitalidade.<\/p>\n","protected":false},"featured_media":1880,"comment_status":"open","ping_status":"closed","template":"","meta":{"_acf_changed":false},"product_brand":[],"product_cat":[105,111,106],"product_tag":[],"class_list":{"0":"post-2231","1":"product","2":"type-product","3":"status-publish","4":"has-post-thumbnail","6":"product_cat-alimentacao-seca-pt","7":"product_cat-gatos","8":"product_cat-original-gato-pt-pt","10":"first","11":"instock","12":"shipping-taxable","13":"product-type-simple"},"acf":[],"_links":{"self":[{"href":"https:\/\/www.criadores.es\/pt-pt\/wp-json\/wp\/v2\/product\/2231","targetHints":{"allow":["GET"]}}],"collection":[{"href":"https:\/\/www.criadores.es\/pt-pt\/wp-json\/wp\/v2\/product"}],"about":[{"href":"https:\/\/www.criadores.es\/pt-pt\/wp-json\/wp\/v2\/types\/product"}],"replies":[{"embeddable":true,"href":"https:\/\/www.criadores.es\/pt-pt\/wp-json\/wp\/v2\/comments?post=2231"}],"wp:featuredmedia":[{"embeddable":true,"href":"https:\/\/www.criadores.es\/pt-pt\/wp-json\/wp\/v2\/media\/1880"}],"wp:attachment":[{"href":"https:\/\/www.criadores.es\/pt-pt\/wp-json\/wp\/v2\/media?parent=2231"}],"wp:term":[{"taxonomy":"product_brand","embeddable":true,"href":"https:\/\/www.criadores.es\/pt-pt\/wp-json\/wp\/v2\/product_brand?post=2231"},{"taxonomy":"product_cat","embeddable":true,"href":"https:\/\/www.criadores.es\/pt-pt\/wp-json\/wp\/v2\/product_cat?post=2231"},{"taxonomy":"product_tag","embeddable":true,"href":"https:\/\/www.criadores.es\/pt-pt\/wp-json\/wp\/v2\/product_tag?post=2231"}],"curies":[{"name":"wp","href":"https:\/\/api.w.org\/{rel}","templated":true}]}}