{"id":2232,"date":"2025-02-10T16:57:53","date_gmt":"2025-02-10T15:57:53","guid":{"rendered":"https:\/\/www.criadores.es\/producto\/criadores-dietetic-renal-comida-humida-para-caes\/"},"modified":"2025-06-11T17:38:33","modified_gmt":"2025-06-11T15:38:33","slug":"criadores-dietetic-renal-comida-humida-para-caes","status":"publish","type":"product","link":"https:\/\/www.criadores.es\/pt-pt\/producto\/criadores-dietetic-renal-comida-humida-para-caes\/","title":{"rendered":"Criadores Dietetic Renal comida h\u00famida para c\u00e3es"},"content":{"rendered":"<h2>Alimento h\u00famido Criadores para c\u00e3es com insufici\u00eancia renal<\/h2>\n<p>Criadores Renal \u00e9 um alimento diet\u00e9tico completo concebido para c\u00e3es adultos, com o intuito de assegurar o <strong>bom funcionamento dos rins<\/strong>. A sua f\u00f3rmula especial, rica em prote\u00ednas de alta qualidade e ingredientes criteriosamente selecionados, <strong>promove a fun\u00e7\u00e3o renal<\/strong> em c\u00e3es com insufici\u00eancia renal cr\u00f3nica. Para al\u00e9m dos seus benef\u00edcios para a sa\u00fade, o sabor e a textura s\u00e3o de tal forma apelativos que o seu patudo n\u00e3o lhe resistir\u00e1.<br \/>\nEste alimento h\u00famido renal da Criadores \u00e9 elaborada com <strong>frango e vitela<\/strong>, milhete e \u00f3leo de c\u00e1rtamo. Com 47% de carne na sua composi\u00e7\u00e3o, n\u00e3o s\u00f3 se torna bastante saborosa, como os ingredientes complementares beneficiam a sa\u00fade global do animal. O \u00f3leo de c\u00e1rtamo possui propriedades anti-inflamat\u00f3rias e \u00e9 <strong>rico em \u00e1cidos gordos essenciais<\/strong>, promovendo uma melhor circula\u00e7\u00e3o sangu\u00ednea e, consequentemente, uma melhor funcionalidade renal. O milhete, por sua vez, \u00e9 um cereal abundante em fibra, minerais e vitaminas, que ajuda a equilibrar o pH do organismo, sendo ainda isento de gl\u00faten. A f\u00f3rmula de Criadores n\u00e3o s\u00f3 <strong>favorece a sa\u00fade renal, como tamb\u00e9m a digestiva<\/strong>. A modera\u00e7\u00e3o nas prote\u00ednas e no f\u00f3sforo assegura um suporte nutricional apropriado para os c\u00e3es com esta condi\u00e7\u00e3o.<br \/>\nA <strong>insufici\u00eancia renal cr\u00f3nica<\/strong> caracteriza-se por uma perda progressiva e irrevers\u00edvel da fun\u00e7\u00e3o renal, manifestando-se quando o c\u00e3o j\u00e1 perdeu cerca de 75% do seu tecido renal saud\u00e1vel. Esta condi\u00e7\u00e3o \u00e9 frequentemente observada em animais mais idosos. Um <strong>regime alimentar adequado, aliado ao tratamento m\u00e9dico<\/strong>, \u00e9 fundamental para garantir uma boa qualidade de vida a estes animais. Os sintomas mais comuns desta patologia incluem: aumento do consumo de \u00e1gua e da quantidade de urina, perda de apetite, v\u00f3mitos, diarreia, anemia e deteriora\u00e7\u00e3o neurol\u00f3gica.<\/p>\n<p><em>O <strong>alimento diet\u00e9tico Criadores Renal <\/strong>contribui para o bom funcionamento dos rins.<\/em><\/p>\n<p><em>A partir da data em que os receber, \u00e9 garantido um prazo de 3 meses antes do fim da data de validade, ou de 1 m\u00eas no caso dos produtos l\u00e1cteos e da ra\u00e7\u00e3o org\u00e2nica.<\/em><\/p>\n","protected":false},"excerpt":{"rendered":"<p>Criadores Renal \u00e9 um alimento diet\u00e9tico completo para c\u00e3es adultos que ajuda a manter o bom funcionamento dos rins. A sua f\u00f3rmula especial com prote\u00ednas de alta&#8230;<\/p>\n","protected":false},"featured_media":1614,"comment_status":"open","ping_status":"closed","template":"","meta":{"_acf_changed":false},"product_brand":[],"product_cat":[92,94,98],"product_tag":[],"class_list":{"0":"post-2232","1":"product","2":"type-product","3":"status-publish","4":"has-post-thumbnail","6":"product_cat-cao","7":"product_cat-comida-humida","8":"product_cat-original-pt-pt","10":"first","11":"instock","12":"shipping-taxable","13":"product-type-simple"},"acf":[],"_links":{"self":[{"href":"https:\/\/www.criadores.es\/pt-pt\/wp-json\/wp\/v2\/product\/2232","targetHints":{"allow":["GET"]}}],"collection":[{"href":"https:\/\/www.criadores.es\/pt-pt\/wp-json\/wp\/v2\/product"}],"about":[{"href":"https:\/\/www.criadores.es\/pt-pt\/wp-json\/wp\/v2\/types\/product"}],"replies":[{"embeddable":true,"href":"https:\/\/www.criadores.es\/pt-pt\/wp-json\/wp\/v2\/comments?post=2232"}],"wp:featuredmedia":[{"embeddable":true,"href":"https:\/\/www.criadores.es\/pt-pt\/wp-json\/wp\/v2\/media\/1614"}],"wp:attachment":[{"href":"https:\/\/www.criadores.es\/pt-pt\/wp-json\/wp\/v2\/media?parent=2232"}],"wp:term":[{"taxonomy":"product_brand","embeddable":true,"href":"https:\/\/www.criadores.es\/pt-pt\/wp-json\/wp\/v2\/product_brand?post=2232"},{"taxonomy":"product_cat","embeddable":true,"href":"https:\/\/www.criadores.es\/pt-pt\/wp-json\/wp\/v2\/product_cat?post=2232"},{"taxonomy":"product_tag","embeddable":true,"href":"https:\/\/www.criadores.es\/pt-pt\/wp-json\/wp\/v2\/product_tag?post=2232"}],"curies":[{"name":"wp","href":"https:\/\/api.w.org\/{rel}","templated":true}]}}