{"id":2233,"date":"2025-02-14T11:29:55","date_gmt":"2025-02-14T10:29:55","guid":{"rendered":"https:\/\/www.criadores.es\/producto\/criadores-biscoitos-vegetarianos-em-forma-de-ursos-para-caes\/"},"modified":"2025-06-11T16:58:42","modified_gmt":"2025-06-11T14:58:42","slug":"criadores-biscoitos-vegetarianos-em-forma-de-ursos-para-caes","status":"publish","type":"product","link":"https:\/\/www.criadores.es\/pt-pt\/producto\/criadores-biscoitos-vegetarianos-em-forma-de-ursos-para-caes\/","title":{"rendered":"Criadores Biscoitos Vegetarianos em forma de ursos para c\u00e3es"},"content":{"rendered":"<h2>Ursinhos de biscoito para c\u00e3es Criadores Veggie Lovers Teddy<\/h2>\n<p>Os biscoitos vegetarianos Criadores Lovers Teddy s\u00e3o uma op\u00e7\u00e3o estupenda para recompensar o seu animal de companhia. <strong>Crocantes, saborosos e feitos com ingredientes 100% vegetais.<\/strong> Se quiseres oferecer ao seu c\u00e3o um pr\u00e9mio vegetal, sem carnes nem subprodutos de origem animal, estes biscoitos s\u00e3o o pr\u00e9mio que procurava. <strong>Recomendados para c\u00e3es com intoler\u00e2ncias \u00e0 carne<\/strong> e ao peixe.<\/p>\n<p>Os ursinhos de biscoito s\u00e3o um alimento complement\u00e1rio ideal para c\u00e3es adultos de todas as ra\u00e7as e tamanhos. Com eles poder\u00e1 mimar o seu pequeno em qualquer momento do dia ao mesmo tempo em que cuida da sua sa\u00fade, j\u00e1 que est\u00e3o <strong>enriquecidos com vitamina A, D3, E e B12<\/strong> para fortalecer as suas defesas.<\/p>\n<p>Experimente os diferentes<strong> biscoitos vegetarianos de Criadores Lovers<\/strong>: ossinho com aroma a hortel\u00e3, especialmente recomendados para cachorros e rolinhos recheados de verduras, com um sabor irresist\u00edvel.<\/p>\n<p><strong><em>Ofere\u00e7a ao seu c\u00e3o um pr\u00e9mio delicioso, saud\u00e1vel e 100% vegetal com os biscoitos vegetarianos Criadores Lovers Teddy.<\/em><\/strong><\/p>\n","protected":false},"excerpt":{"rendered":"<p>Biscoitos vegetarianos para c\u00e3es, com sabores de legumes variados, s\u00e3o crocantes e revestidos com sementes de papoila, ideais para oferecer como recompensa ou lanche, s\u00e3o f\u00e1ceis de digerir.<\/p>\n","protected":false},"featured_media":2035,"comment_status":"open","ping_status":"closed","template":"","meta":{"_acf_changed":false},"product_brand":[],"product_cat":[92,98,101],"product_tag":[],"class_list":{"0":"post-2233","1":"product","2":"type-product","3":"status-publish","4":"has-post-thumbnail","6":"product_cat-cao","7":"product_cat-original-pt-pt","8":"product_cat-snacks-pt-pt","10":"first","11":"instock","12":"shipping-taxable","13":"product-type-simple"},"acf":[],"_links":{"self":[{"href":"https:\/\/www.criadores.es\/pt-pt\/wp-json\/wp\/v2\/product\/2233","targetHints":{"allow":["GET"]}}],"collection":[{"href":"https:\/\/www.criadores.es\/pt-pt\/wp-json\/wp\/v2\/product"}],"about":[{"href":"https:\/\/www.criadores.es\/pt-pt\/wp-json\/wp\/v2\/types\/product"}],"replies":[{"embeddable":true,"href":"https:\/\/www.criadores.es\/pt-pt\/wp-json\/wp\/v2\/comments?post=2233"}],"wp:featuredmedia":[{"embeddable":true,"href":"https:\/\/www.criadores.es\/pt-pt\/wp-json\/wp\/v2\/media\/2035"}],"wp:attachment":[{"href":"https:\/\/www.criadores.es\/pt-pt\/wp-json\/wp\/v2\/media?parent=2233"}],"wp:term":[{"taxonomy":"product_brand","embeddable":true,"href":"https:\/\/www.criadores.es\/pt-pt\/wp-json\/wp\/v2\/product_brand?post=2233"},{"taxonomy":"product_cat","embeddable":true,"href":"https:\/\/www.criadores.es\/pt-pt\/wp-json\/wp\/v2\/product_cat?post=2233"},{"taxonomy":"product_tag","embeddable":true,"href":"https:\/\/www.criadores.es\/pt-pt\/wp-json\/wp\/v2\/product_tag?post=2233"}],"curies":[{"name":"wp","href":"https:\/\/api.w.org\/{rel}","templated":true}]}}