{"id":2234,"date":"2025-02-11T09:40:04","date_gmt":"2025-02-11T08:40:04","guid":{"rendered":"https:\/\/www.criadores.es\/producto\/criadores-dietetic-dermatosis-humida-para-caes\/"},"modified":"2025-06-12T13:57:12","modified_gmt":"2025-06-12T11:57:12","slug":"criadores-dietetic-dermatosis-humida-para-caes","status":"publish","type":"product","link":"https:\/\/www.criadores.es\/pt-pt\/producto\/criadores-dietetic-dermatosis-humida-para-caes\/","title":{"rendered":"Criadores Dietetic Dermatosis h\u00famida para c\u00e3es"},"content":{"rendered":"<h2>Comida h\u00famida para c\u00e3es Criadores para o cuidado da pele<\/h2>\n<p>O alimento h\u00famido Criadores Dermatose \u00e9 uma receita formulada por veterin\u00e1rios especialistas na nutri\u00e7\u00e3o animal que <strong>favorece a sa\u00fade da pele<\/strong>. \u00c9 uma f\u00f3rmula completa e equilibrada adequada para todos os c\u00e3es adultos, mas, principalmente, para aqueles mais sens\u00edveis. A sua composi\u00e7\u00e3o ajuda em casos de dermatose e perda de pelo, al\u00e9m de favorecer uma <strong>digest\u00e3o \u00f3tima <\/strong>e a absor\u00e7\u00e3o dos seus nutrientes.<\/p>\n<p>Criadores Dermatose \u00e9 elaborada com <strong>70% de carne de frango e porco<\/strong>, que oferece prote\u00ednas de alta qualidade. Al\u00e9m da deliciosa carne, incorpora outros super ingredientes que contribuem para que os c\u00e3es tenham uma boa sa\u00fade: \u00f3leo de salm\u00e3o, \u00f3leo de c\u00e1rtamo e levedura de cerveja. \u00c9 uma receita rica em <strong>\u00e1cidos gordos \u00f3mega 3 e \u00f3mega 6 <\/strong>que ajudam a manter a pele e o pelo saud\u00e1veis. A levedura de cerveja proporciona vitaminas, minerais e tamb\u00e9m contribui para o fortalecimento do pelo, al\u00e9m de refor\u00e7ar o sistema imunol\u00f3gico.<\/p>\n<p>A dermatose \u00e9 um conceito que inclui todas as doen\u00e7as da pele, das unhas e do pelo. Com uma alimenta\u00e7\u00e3o adequada pode prevenir ou melhorar os sintomas de doen\u00e7as dermatol\u00f3gicas causadas por desequil\u00edbrios nutricionais, dermatite, atopia, alergias \u00e0 picada de pulgas ou alergia alimentar. Alguns dos sintomas da dermatose s\u00e3o: comich\u00e3o, descama\u00e7\u00e3o, arranhar e lamber em excesso, pelo quebradi\u00e7o e queda.<\/p>\n<p><em>Cuide da pele do seu c\u00e3o com o delicioso <strong>alimento diet\u00e9tico Criadores Dermatose<\/strong>.<\/em><\/p>\n<p><em>A partir da data em que os receba \u00e9 garantido um prazo de 3 meses antes do vencimento da data de validade, ou de 1 m\u00eas no caso dos produtos l\u00b4cteos e a ra\u00e7\u00e3o ecol\u00f3gica.<\/em><\/p>\n","protected":false},"excerpt":{"rendered":"<p>O alimento h\u00famido Criadores Dermatose \u00e9 uma receita formulada por veterin\u00e1rios especialistas na nutri\u00e7\u00e3o animal que favorece a sa\u00fade da pele . \u00c9 uma&#8230;<\/p>\n","protected":false},"featured_media":1645,"comment_status":"open","ping_status":"closed","template":"","meta":{"_acf_changed":false},"product_brand":[],"product_cat":[92,94,95],"product_tag":[],"class_list":{"0":"post-2234","1":"product","2":"type-product","3":"status-publish","4":"has-post-thumbnail","6":"product_cat-cao","7":"product_cat-comida-humida","8":"product_cat-dietas-veterinarias-pt-pt","10":"first","11":"instock","12":"shipping-taxable","13":"product-type-simple"},"acf":[],"_links":{"self":[{"href":"https:\/\/www.criadores.es\/pt-pt\/wp-json\/wp\/v2\/product\/2234","targetHints":{"allow":["GET"]}}],"collection":[{"href":"https:\/\/www.criadores.es\/pt-pt\/wp-json\/wp\/v2\/product"}],"about":[{"href":"https:\/\/www.criadores.es\/pt-pt\/wp-json\/wp\/v2\/types\/product"}],"replies":[{"embeddable":true,"href":"https:\/\/www.criadores.es\/pt-pt\/wp-json\/wp\/v2\/comments?post=2234"}],"wp:featuredmedia":[{"embeddable":true,"href":"https:\/\/www.criadores.es\/pt-pt\/wp-json\/wp\/v2\/media\/1645"}],"wp:attachment":[{"href":"https:\/\/www.criadores.es\/pt-pt\/wp-json\/wp\/v2\/media?parent=2234"}],"wp:term":[{"taxonomy":"product_brand","embeddable":true,"href":"https:\/\/www.criadores.es\/pt-pt\/wp-json\/wp\/v2\/product_brand?post=2234"},{"taxonomy":"product_cat","embeddable":true,"href":"https:\/\/www.criadores.es\/pt-pt\/wp-json\/wp\/v2\/product_cat?post=2234"},{"taxonomy":"product_tag","embeddable":true,"href":"https:\/\/www.criadores.es\/pt-pt\/wp-json\/wp\/v2\/product_tag?post=2234"}],"curies":[{"name":"wp","href":"https:\/\/api.w.org\/{rel}","templated":true}]}}