{"id":2235,"date":"2025-02-10T16:12:29","date_gmt":"2025-02-10T15:12:29","guid":{"rendered":"https:\/\/www.criadores.es\/producto\/criadores-dietetic-gastrointestinal-humida-caes\/"},"modified":"2025-06-11T17:41:37","modified_gmt":"2025-06-11T15:41:37","slug":"criadores-dietetic-gastrointestinal-humida-caes","status":"publish","type":"product","link":"https:\/\/www.criadores.es\/pt-pt\/producto\/criadores-dietetic-gastrointestinal-humida-caes\/","title":{"rendered":"Criadores Dietetic Gastrointestinal h\u00famida c\u00e3es"},"content":{"rendered":"<h2>Comida h\u00famida Criadores Gastrointestinal para a sa\u00fade digestiva<\/h2>\n<p>O alimento h\u00famido Criadores Dietetic Gastrointestinal est\u00e1 elaborado de forma espec\u00edfica para evitar os problemas digestivos e conseguir uma <strong>digest\u00e3o saud\u00e1vel <\/strong>do alimento. Os seus ingredientes selecionados s\u00e3o diger\u00edveis, de <strong>f\u00e1cil absor\u00e7\u00e3o <\/strong>e t\u00eam um maior conte\u00fado em eletr\u00f3litos para recuperar a sa\u00fade intestinal.<\/p>\n<p>A comida h\u00famida Gastrointestinal \u00e9 elaborada com <strong>50% de cordeiro <\/strong>acompanhada de batatas e \u00f3leo de c\u00e1rtamo. Este \u00faltimo ingrediente, \u00e9 rico em \u00e1cidos gordos <strong>\u00f3mega 6<\/strong> e tem um efeito anti-inflamat\u00f3rio que contribui para cuidar da pele e pelagem. A f\u00f3rmula de Criadores preocupa-se pelos animais mais sens\u00edveis, e oferece um alimento que reduz os transtornos agudos do intestino para conseguir uma <strong>\u00f3tima sa\u00fade digestiva<\/strong>. Isto deve-se ao facto do cordeiro e a batata serem dois alimentos altamente diger\u00edveis e favorecem a absor\u00e7\u00e3o dos nutrientes.<\/p>\n<p>A diarreia \u00e9 um <strong>sintoma gastrointestinal <\/strong>que pode estar provocado por diferentes causas e <strong>pode ser aguda ou cr\u00f3nica<\/strong>. Uma nutri\u00e7\u00e3o adequada, enquanto \u00e9 identificada a causa, \u00e9 imprescind\u00edvel para evitar problemas de sa\u00fade e favorecer a recupera\u00e7\u00e3o da fun\u00e7\u00e3o intestinal normal. As diarreias agudas caracterizam-se por uma r\u00e1pida apari\u00e7\u00e3o, dor abdominal, desidrata\u00e7\u00e3o e desequil\u00edbrios eletrol\u00edticos, al\u00e9m de desaparecer por si s\u00f3.<\/p>\n<p><em>O <strong>alimento diet\u00e9tico Criadores Gastrointestinal<\/strong> cuida da sa\u00fade digestiva do seu c\u00e3o e ajuda a reduzir as diarreias.<\/em><\/p>\n<p><em>A partir da data em que os receba \u00e9 garantido um prazo de 3 meses antes do vencimento da data de validade, ou de 1 m\u00eas no caso dos produtos l\u00b4cteos e a ra\u00e7\u00e3o ecol\u00f3gica.<\/em><\/p>\n","protected":false},"excerpt":{"rendered":"<p>O alimento h\u00famido Criadores Dietetic Gastrointestinal est\u00e1 elaborado de forma espec\u00edfica para evitar os problemas digestivos e conseguir uma digest\u00e3o saud\u00e1vel do &#8230;<\/p>\n","protected":false},"featured_media":1607,"comment_status":"open","ping_status":"closed","template":"","meta":{"_acf_changed":false},"product_brand":[],"product_cat":[92,94,95],"product_tag":[],"class_list":{"0":"post-2235","1":"product","2":"type-product","3":"status-publish","4":"has-post-thumbnail","6":"product_cat-cao","7":"product_cat-comida-humida","8":"product_cat-dietas-veterinarias-pt-pt","10":"first","11":"instock","12":"shipping-taxable","13":"product-type-simple"},"acf":[],"_links":{"self":[{"href":"https:\/\/www.criadores.es\/pt-pt\/wp-json\/wp\/v2\/product\/2235","targetHints":{"allow":["GET"]}}],"collection":[{"href":"https:\/\/www.criadores.es\/pt-pt\/wp-json\/wp\/v2\/product"}],"about":[{"href":"https:\/\/www.criadores.es\/pt-pt\/wp-json\/wp\/v2\/types\/product"}],"replies":[{"embeddable":true,"href":"https:\/\/www.criadores.es\/pt-pt\/wp-json\/wp\/v2\/comments?post=2235"}],"wp:featuredmedia":[{"embeddable":true,"href":"https:\/\/www.criadores.es\/pt-pt\/wp-json\/wp\/v2\/media\/1607"}],"wp:attachment":[{"href":"https:\/\/www.criadores.es\/pt-pt\/wp-json\/wp\/v2\/media?parent=2235"}],"wp:term":[{"taxonomy":"product_brand","embeddable":true,"href":"https:\/\/www.criadores.es\/pt-pt\/wp-json\/wp\/v2\/product_brand?post=2235"},{"taxonomy":"product_cat","embeddable":true,"href":"https:\/\/www.criadores.es\/pt-pt\/wp-json\/wp\/v2\/product_cat?post=2235"},{"taxonomy":"product_tag","embeddable":true,"href":"https:\/\/www.criadores.es\/pt-pt\/wp-json\/wp\/v2\/product_tag?post=2235"}],"curies":[{"name":"wp","href":"https:\/\/api.w.org\/{rel}","templated":true}]}}