{"id":2236,"date":"2025-02-07T13:12:40","date_gmt":"2025-02-07T12:12:40","guid":{"rendered":"https:\/\/www.criadores.es\/producto\/criadores-dietetic-hipoalergenico-comida-humida-caes\/"},"modified":"2025-06-12T09:28:54","modified_gmt":"2025-06-12T07:28:54","slug":"criadores-dietetic-hipoalergenico-comida-humida-caes","status":"publish","type":"product","link":"https:\/\/www.criadores.es\/pt-pt\/producto\/criadores-dietetic-hipoalergenico-comida-humida-caes\/","title":{"rendered":"Criadores Dietetic Hipoalerg\u00e9nico comida h\u00famida c\u00e3es"},"content":{"rendered":"<h2>Alimento h\u00famido hipoalerg\u00e9nico Criadores com carne de canguru<\/h2>\n<p>O alimento h\u00famido da Criadores Dietetic hipoalerg\u00e9nica \u00e0 base de canguru \u00e9 uma receita completa especialmente concebida para c\u00e3es. \u00c9 elaborado a partir de ingredientes cuidadosamente selecionados para <strong>minimizar poss\u00edveis intoler\u00e2ncias alimentares<\/strong>. Esta \u00e9 uma op\u00e7\u00e3o ideal tanto para cachorros como para c\u00e3es adultos que s\u00e3o sens\u00edveis ou t\u00eam alergias, pois \u00e9 <strong>monoproteica e hipoalerg\u00e9nica<\/strong>. Utilizando exclusivamente carne de canguru e batata-doce como fontes de prote\u00edna e hidratos de carbono, esta receita ajuda a controlar as intoler\u00e2ncias alimentares.<\/p>\n<p>Esta variedade de alimento h\u00famido da Criadores foi desenvolvida por veterin\u00e1rios para zelar pela sa\u00fade dos nossos animais de estima\u00e7\u00e3o. Caracteriza-se pela sua composi\u00e7\u00e3o \u00e0 base de carne de canguru, que \u00e9 <strong>baixa em gorduras e rica em prote\u00ednas de elevado valor biol\u00f3gico<\/strong>. Al\u00e9m disso, \u00e9 rica em minerais e \u00e1cido linoleico conjugado, um \u00e1cido gordo essencial extremamente ben\u00e9fico tanto para animais como para humanos. Com 65% de sua composi\u00e7\u00e3o sendo carne de canguru, este alimento n\u00e3o s\u00f3 proporciona um <strong>sabor naturalmente delicioso<\/strong>, como tamb\u00e9m favorece uma \u00f3tima digest\u00e3o e absor\u00e7\u00e3o de nutrientes.<\/p>\n<p>\u00c9 cada vez mais comum observar <strong>alergias alimentares ou hipersensibilidades<\/strong> em c\u00e3es, resultantes de rea\u00e7\u00f5es adversas a componentes do alimento, normalmente prote\u00ednas. Esta condi\u00e7\u00e3o \u00e9 considerada a terceira causa mais comum de <strong>doen\u00e7as cut\u00e2neas<\/strong> em c\u00e3es e gatos. Os sintomas das alergias alimentares podem manifestar-se na pele, provocando comich\u00e3o, perda de pelo e lambedura excessiva, ou ainda no sistema digestivo, causando v\u00f3mitos e diarreias.<\/p>\n<h3><em style=\"font-size: 16px;\">O <strong>alimento diet\u00e9tico Criadores Hipoalerg\u00e9nico \u00e0 base de canguru<\/strong> \u00e9 uma receita exclusiva e deliciosa da Tiendanimal.<\/em><\/h3>\n<p><em>Garante-se que, a partir da data de rece\u00e7\u00e3o, os produtos ter\u00e3o pelo menos 3 meses at\u00e9 ao fim do prazo de validade. No caso dos produtos l\u00e1cteos e da ra\u00e7\u00e3o org\u00e2nica, esse prazo \u00e9 de 1 m\u00eas.<\/em><\/p>\n","protected":false},"excerpt":{"rendered":"<p>O alimento h\u00famido Criadores Dietetic hipoalerg\u00e9nico com canguru \u00e9 uma receita muito completa para c\u00e3es, que est\u00e1 elaborada com ingredientes selecionados com o fim &#8230;<\/p>\n","protected":false},"featured_media":1530,"comment_status":"open","ping_status":"closed","template":"","meta":{"_acf_changed":false},"product_brand":[],"product_cat":[92,94,95],"product_tag":[],"class_list":{"0":"post-2236","1":"product","2":"type-product","3":"status-publish","4":"has-post-thumbnail","6":"product_cat-cao","7":"product_cat-comida-humida","8":"product_cat-dietas-veterinarias-pt-pt","10":"first","11":"instock","12":"shipping-taxable","13":"product-type-simple"},"acf":[],"_links":{"self":[{"href":"https:\/\/www.criadores.es\/pt-pt\/wp-json\/wp\/v2\/product\/2236","targetHints":{"allow":["GET"]}}],"collection":[{"href":"https:\/\/www.criadores.es\/pt-pt\/wp-json\/wp\/v2\/product"}],"about":[{"href":"https:\/\/www.criadores.es\/pt-pt\/wp-json\/wp\/v2\/types\/product"}],"replies":[{"embeddable":true,"href":"https:\/\/www.criadores.es\/pt-pt\/wp-json\/wp\/v2\/comments?post=2236"}],"wp:featuredmedia":[{"embeddable":true,"href":"https:\/\/www.criadores.es\/pt-pt\/wp-json\/wp\/v2\/media\/1530"}],"wp:attachment":[{"href":"https:\/\/www.criadores.es\/pt-pt\/wp-json\/wp\/v2\/media?parent=2236"}],"wp:term":[{"taxonomy":"product_brand","embeddable":true,"href":"https:\/\/www.criadores.es\/pt-pt\/wp-json\/wp\/v2\/product_brand?post=2236"},{"taxonomy":"product_cat","embeddable":true,"href":"https:\/\/www.criadores.es\/pt-pt\/wp-json\/wp\/v2\/product_cat?post=2236"},{"taxonomy":"product_tag","embeddable":true,"href":"https:\/\/www.criadores.es\/pt-pt\/wp-json\/wp\/v2\/product_tag?post=2236"}],"curies":[{"name":"wp","href":"https:\/\/api.w.org\/{rel}","templated":true}]}}