{"id":2240,"date":"2025-02-12T13:41:15","date_gmt":"2025-02-12T12:41:15","guid":{"rendered":"https:\/\/www.criadores.es\/producto\/criadores-dietetic-sensitive-comida-humida-caes\/"},"modified":"2025-06-11T16:33:15","modified_gmt":"2025-06-11T14:33:15","slug":"criadores-dietetic-sensitive-comida-humida-caes","status":"publish","type":"product","link":"https:\/\/www.criadores.es\/pt-pt\/producto\/criadores-dietetic-sensitive-comida-humida-caes\/","title":{"rendered":"Criadores Dietetic Sensitive comida h\u00famida c\u00e3es"},"content":{"rendered":"<h2>Comida h\u00famida Criadores Sensitive para c\u00e3es com intoler\u00e2ncias<\/h2>\n<p>O alimento h\u00famido Criadores Sensitive frango e batata doce \u00e9 uma receita completa para c\u00e3es formulada especialmente para <strong>reduzir as intoler\u00e2ncias alimentares<\/strong>. \u00c9 uma comida h\u00famida <strong>monoprot\u00eaica e hipoalerg\u00e9nica <\/strong>que favorece uma digest\u00e3o saud\u00e1vel. Os ingredientes selecionados oferecem uma combina\u00e7\u00e3o de prote\u00ednas e hidratos de carbono equilibrada que diminui a intoler\u00e2ncia ao alimento e, por tanto, os problemas digestivos.<\/p>\n<p>Criadores Sensitive est\u00e1 elaborado com uma \u00fanica fonte de prote\u00edna animal, <strong>65% de frango<\/strong>, acompanhado de batata doce e \u00f3leo de linha\u00e7a. Ao diminuir a quantidade de ingredientes e utilizar uma \u00fanica fonte de prote\u00ednas e hidratos de carbono, aumenta a aceita\u00e7\u00e3o e diminui o risco de alergias. Al\u00e9m disso, o \u00f3leo de linha\u00e7a \u00e9 rico em \u00e1cidos gordos <strong>\u00f3mega 3 e \u00f3mega 6<\/strong> que cuidam da sa\u00fade da pele e da pelagem. Criadores Sensitive \u00e9 um alimento h\u00famido ideal para cachorros e c\u00e3es adultos, e est\u00e1 dispon\u00edvel em <strong>tr\u00eas variedades: frango, vitela e cordeiro<\/strong>, acompanhados de batata doce.<\/p>\n<p>A <strong>intoler\u00e2ncia aos alimentos <\/strong>produz nos animais uma resposta adversa a alguns componentes da dieta, sem provocar a resposta imunit\u00e1ria; pelo contr\u00e1rio, as alergias alimentares produzem esta resposta no sistema. As intoler\u00e2ncias produzem <strong>sintomas digestivos e cut\u00e2neos <\/strong>como os v\u00f3mitos e diarreias, a perda de pelo, a comich\u00e3o e o excessivo lambido.<\/p>\n<p><em>O <strong>alimento h\u00famido Criadores Sensitive frango e batata doce<\/strong> \u00e9 ideal para os c\u00e3es mais sens\u00edveis.<\/em><\/p>\n<p><em>A partir da data em que os receba \u00e9 garantido um prazo de 3 meses antes do vencimento da data de validade, ou de 1 m\u00eas no caso dos produtos l\u00b4cteos e a ra\u00e7\u00e3o ecol\u00f3gica.<\/em><\/p>\n","protected":false},"excerpt":{"rendered":"<p>O alimento h\u00famido Criadores Sensitive frango e batata doce \u00e9 uma receita completa para c\u00e3es formulada especialmente para reduzir as intoler\u00e2ncias alimentares . \u00c9 uma&#8230;<\/p>\n","protected":false},"featured_media":1740,"comment_status":"open","ping_status":"closed","template":"","meta":{"_acf_changed":false},"product_brand":[],"product_cat":[92,94,95],"product_tag":[],"class_list":{"0":"post-2240","1":"product","2":"type-product","3":"status-publish","4":"has-post-thumbnail","6":"product_cat-cao","7":"product_cat-comida-humida","8":"product_cat-dietas-veterinarias-pt-pt","10":"first","11":"instock","12":"shipping-taxable","13":"product-type-simple"},"acf":[],"_links":{"self":[{"href":"https:\/\/www.criadores.es\/pt-pt\/wp-json\/wp\/v2\/product\/2240","targetHints":{"allow":["GET"]}}],"collection":[{"href":"https:\/\/www.criadores.es\/pt-pt\/wp-json\/wp\/v2\/product"}],"about":[{"href":"https:\/\/www.criadores.es\/pt-pt\/wp-json\/wp\/v2\/types\/product"}],"replies":[{"embeddable":true,"href":"https:\/\/www.criadores.es\/pt-pt\/wp-json\/wp\/v2\/comments?post=2240"}],"wp:featuredmedia":[{"embeddable":true,"href":"https:\/\/www.criadores.es\/pt-pt\/wp-json\/wp\/v2\/media\/1740"}],"wp:attachment":[{"href":"https:\/\/www.criadores.es\/pt-pt\/wp-json\/wp\/v2\/media?parent=2240"}],"wp:term":[{"taxonomy":"product_brand","embeddable":true,"href":"https:\/\/www.criadores.es\/pt-pt\/wp-json\/wp\/v2\/product_brand?post=2240"},{"taxonomy":"product_cat","embeddable":true,"href":"https:\/\/www.criadores.es\/pt-pt\/wp-json\/wp\/v2\/product_cat?post=2240"},{"taxonomy":"product_tag","embeddable":true,"href":"https:\/\/www.criadores.es\/pt-pt\/wp-json\/wp\/v2\/product_tag?post=2240"}],"curies":[{"name":"wp","href":"https:\/\/api.w.org\/{rel}","templated":true}]}}