{"id":2241,"date":"2025-02-14T12:41:58","date_gmt":"2025-02-14T11:41:58","guid":{"rendered":"https:\/\/www.criadores.es\/producto\/criadores-biscoitos-humidos-frango-para-caes\/"},"modified":"2025-06-11T13:39:06","modified_gmt":"2025-06-11T11:39:06","slug":"criadores-biscoitos-humidos-frango-para-caes","status":"publish","type":"product","link":"https:\/\/www.criadores.es\/pt-pt\/producto\/criadores-biscoitos-humidos-frango-para-caes\/","title":{"rendered":"Criadores Biscoitos H\u00famidos Frango para c\u00e3es"},"content":{"rendered":"<h2>Snacks semi-h\u00famidos para c\u00e3es.<\/h2>\n<p>Estes deliciosos snacks para c\u00e3es representam um complemento alimentar ideal para cuidar da sa\u00fade do seu patudo. <strong>Elaborados com ingredientes de elevada qualidade e com um elevado teor de carne<\/strong> (at\u00e9 70% de carne fresca na sua composi\u00e7\u00e3o), garantem um sabor natural, sem recurso a aditivos artificiais. <strong>\u00c9 um produto fabricado em Espanha, o que \u00e9 uma garantia de frescura e qualidade.<\/strong><\/p>\n<p>Estes snacks s\u00e3o <strong>naturalmente saborosos, muito apetitosos e de f\u00e1cil digest\u00e3o<\/strong>. S\u00e3o perfeitos para dar como recompensa durante o treino ou simplesmente como um mimo para o seu c\u00e3o em qualquer momento do dia.<\/p>\n<p><em>A partir da data em que os receber, \u00e9 garantido um prazo de 3 meses antes do fim da data de validade, ou de 1 m\u00eas no caso dos produtos l\u00e1cteos e da ra\u00e7\u00e3o org\u00e2nica.<\/em><\/p>\n","protected":false},"excerpt":{"rendered":"<p>Snacks de frango para c\u00e3es de todas as idades, sem gl\u00faten, com uma consist\u00eancia macia para uma melhor mastiga\u00e7\u00e3o, ricos em prote\u00ednas e com baixo teor de gordura.<\/p>\n","protected":false},"featured_media":2052,"comment_status":"open","ping_status":"closed","template":"","meta":{"_acf_changed":false},"product_brand":[],"product_cat":[92,98,101],"product_tag":[],"class_list":{"0":"post-2241","1":"product","2":"type-product","3":"status-publish","4":"has-post-thumbnail","6":"product_cat-cao","7":"product_cat-original-pt-pt","8":"product_cat-snacks-pt-pt","10":"first","11":"instock","12":"shipping-taxable","13":"product-type-simple"},"acf":[],"_links":{"self":[{"href":"https:\/\/www.criadores.es\/pt-pt\/wp-json\/wp\/v2\/product\/2241","targetHints":{"allow":["GET"]}}],"collection":[{"href":"https:\/\/www.criadores.es\/pt-pt\/wp-json\/wp\/v2\/product"}],"about":[{"href":"https:\/\/www.criadores.es\/pt-pt\/wp-json\/wp\/v2\/types\/product"}],"replies":[{"embeddable":true,"href":"https:\/\/www.criadores.es\/pt-pt\/wp-json\/wp\/v2\/comments?post=2241"}],"wp:featuredmedia":[{"embeddable":true,"href":"https:\/\/www.criadores.es\/pt-pt\/wp-json\/wp\/v2\/media\/2052"}],"wp:attachment":[{"href":"https:\/\/www.criadores.es\/pt-pt\/wp-json\/wp\/v2\/media?parent=2241"}],"wp:term":[{"taxonomy":"product_brand","embeddable":true,"href":"https:\/\/www.criadores.es\/pt-pt\/wp-json\/wp\/v2\/product_brand?post=2241"},{"taxonomy":"product_cat","embeddable":true,"href":"https:\/\/www.criadores.es\/pt-pt\/wp-json\/wp\/v2\/product_cat?post=2241"},{"taxonomy":"product_tag","embeddable":true,"href":"https:\/\/www.criadores.es\/pt-pt\/wp-json\/wp\/v2\/product_tag?post=2241"}],"curies":[{"name":"wp","href":"https:\/\/api.w.org\/{rel}","templated":true}]}}