{"id":2242,"date":"2025-02-11T15:19:53","date_gmt":"2025-02-11T14:19:53","guid":{"rendered":"https:\/\/www.criadores.es\/producto\/criadores-adulto-esterilizados-hairball-racao-para-gatos\/"},"modified":"2025-06-12T13:41:21","modified_gmt":"2025-06-12T11:41:21","slug":"criadores-adulto-esterilizados-hairball-racao-para-gatos","status":"publish","type":"product","link":"https:\/\/www.criadores.es\/pt-pt\/producto\/criadores-adulto-esterilizados-hairball-racao-para-gatos\/","title":{"rendered":"Criadores Adulto Esterilizados hairball ra\u00e7\u00e3o para gatos"},"content":{"rendered":"<h2>Ra\u00e7\u00e3o Criadores Sterilized Hairball para gatos esterilizados com frango fresco<\/h2>\n<p>A ra\u00e7\u00e3o Criadores Esterilizado Hairball \u00e9 um <strong>alimento completo e equilibrado<\/strong> para gatos adultos a partir dos 12 meses de idade. Est\u00e1 especialmente desenhada para gatos esterilizados e para controlar as bolas de pelo. Os croquetes, extrudidos e enriquecidos com carne fresca, oferecem uma <strong>elevada palatabilidade<\/strong>.<\/p>\n<p>Esta variedade espec\u00edfica da ra\u00e7\u00e3o Criadores foi concebida por veterin\u00e1rios para responder a todas as necessidades nutricionais particulares dos felinos. A sua f\u00f3rmula proporciona <strong>tr\u00eas benef\u00edcios essenciais<\/strong>: <strong>controlo das bolas de pelo, cuidado urin\u00e1rio e manuten\u00e7\u00e3o do peso ideal<\/strong>. Estes benef\u00edcios s\u00e3o alcan\u00e7ados gra\u00e7as a uma sele\u00e7\u00e3o criteriosa de ingredientes valiosos, como o extrato de malte, a metionina e a L-carnitina.<\/p>\n<p>A <strong>ra\u00e7\u00e3o Criadores Esterilizado Hairball<\/strong> recorre a uma combina\u00e7\u00e3o especial de psyllium e extrato de malte. Esta mistura ajuda a prevenir a forma\u00e7\u00e3o das bolas de pelo e facilita a sua expuls\u00e3o naturalmente, garantindo que o seu gato n\u00e3o sofre de obstru\u00e7\u00f5es intestinais, beneficiando assim de uma <strong>digest\u00e3o mais eficiente<\/strong> e um bem-estar acentuado. A metionina e o bissulfato de s\u00f3dio atuam para acidificar a urina, diminuindo o risco de forma\u00e7\u00e3o de c\u00e1lculos urin\u00e1rios e promovendo a sua dissolu\u00e7\u00e3o. Adicionalmente, para contrariar o habitual aumento de peso ap\u00f3s a esteriliza\u00e7\u00e3o, esta ra\u00e7\u00e3o possui um <strong>teor adaptado de gorduras<\/strong> e \u00e9 enriquecida com L-carnitina. Este amino\u00e1cido ajuda a manter o peso ideal, convertendo dep\u00f3sitos de gordura em energia.<\/p>\n<p>Contudo, as vantagens desta ra\u00e7\u00e3o n\u00e3o se ficam por aqui. A sua composi\u00e7\u00e3o \u00e9 de alt\u00edssima qualidade. Cont\u00e9m <strong>54% de frango<\/strong>: 33% de frango fresco, que \u00e9 o primeiro ingrediente da receita; 18% de frango desidratado; e 3% de hidrolisado de f\u00edgado de frango. Esta combina\u00e7\u00e3o n\u00e3o s\u00f3 fornece prote\u00ednas de excel\u00eancia ao seu gato, como tamb\u00e9m confere \u00e0 ra\u00e7\u00e3o um <strong>sabor naturalmente delicioso<\/strong> e irresist\u00edvel.<\/p>\n<p><strong><em>A ra\u00e7\u00e3o Criadores Esterilizado hairball para gatos cuida da sa\u00fade do seu felino com uma receita de alta qualidade adaptada \u00e0s suas necessidades nutricionais espec\u00edficas.<\/em><\/strong><\/p>\n<p><em>A partir da data em que os receber, \u00e9 garantido um prazo de 3 meses antes do fim da data de validade, ou de 1 m\u00eas no caso dos produtos l\u00e1cteos e a ra\u00e7\u00e3o org\u00e2nica.<\/em><\/p>\n","protected":false},"excerpt":{"rendered":"<p>Criadores Esterilizado hairball \u00e9 um alimento completo e equilibrado para gatos adultos a partir dos 12 meses de idade. Est\u00e1 especialmente formulado para gatos esterilizados e para o &#8230;<\/p>\n","protected":false},"featured_media":1693,"comment_status":"open","ping_status":"closed","template":"","meta":{"_acf_changed":false},"product_brand":[],"product_cat":[105,111,106],"product_tag":[],"class_list":{"0":"post-2242","1":"product","2":"type-product","3":"status-publish","4":"has-post-thumbnail","6":"product_cat-alimentacao-seca-pt","7":"product_cat-gatos","8":"product_cat-original-gato-pt-pt","10":"first","11":"instock","12":"shipping-taxable","13":"product-type-simple"},"acf":[],"_links":{"self":[{"href":"https:\/\/www.criadores.es\/pt-pt\/wp-json\/wp\/v2\/product\/2242","targetHints":{"allow":["GET"]}}],"collection":[{"href":"https:\/\/www.criadores.es\/pt-pt\/wp-json\/wp\/v2\/product"}],"about":[{"href":"https:\/\/www.criadores.es\/pt-pt\/wp-json\/wp\/v2\/types\/product"}],"replies":[{"embeddable":true,"href":"https:\/\/www.criadores.es\/pt-pt\/wp-json\/wp\/v2\/comments?post=2242"}],"wp:featuredmedia":[{"embeddable":true,"href":"https:\/\/www.criadores.es\/pt-pt\/wp-json\/wp\/v2\/media\/1693"}],"wp:attachment":[{"href":"https:\/\/www.criadores.es\/pt-pt\/wp-json\/wp\/v2\/media?parent=2242"}],"wp:term":[{"taxonomy":"product_brand","embeddable":true,"href":"https:\/\/www.criadores.es\/pt-pt\/wp-json\/wp\/v2\/product_brand?post=2242"},{"taxonomy":"product_cat","embeddable":true,"href":"https:\/\/www.criadores.es\/pt-pt\/wp-json\/wp\/v2\/product_cat?post=2242"},{"taxonomy":"product_tag","embeddable":true,"href":"https:\/\/www.criadores.es\/pt-pt\/wp-json\/wp\/v2\/product_tag?post=2242"}],"curies":[{"name":"wp","href":"https:\/\/api.w.org\/{rel}","templated":true}]}}