{"id":2243,"date":"2025-02-11T17:04:34","date_gmt":"2025-02-11T16:04:34","guid":{"rendered":"https:\/\/www.criadores.es\/producto\/criadores-senior-frango-racao-para-gatos\/"},"modified":"2025-06-12T13:32:30","modified_gmt":"2025-06-12T11:32:30","slug":"criadores-senior-frango-racao-para-gatos","status":"publish","type":"product","link":"https:\/\/www.criadores.es\/pt-pt\/producto\/criadores-senior-frango-racao-para-gatos\/","title":{"rendered":"Criadores Senior Frango ra\u00e7\u00e3o para gatos"},"content":{"rendered":"<h2>Ra\u00e7\u00e3o Criadores S\u00e9nior para gatos idosos<\/h2>\n<p>A ra\u00e7\u00e3o Criadores S\u00e9nior para gatos \u00e9 um <strong>alimento completo e equilibrado<\/strong> desenhado para cuidar da sa\u00fade do seu gato idoso. Esta f\u00f3rmula ajuda a manter a sua vitalidade e a <strong>atenuar os sintomas do envelhecimento<\/strong>. Para al\u00e9m disso, os seus croquetes, ricos em carne fresca, s\u00e3o muito saborosos, incentivando o seu gato a comer com entusiasmo.<\/p>\n<p>Esta ra\u00e7\u00e3o para gatos \u00e9 elaborada com <strong>58% de frango<\/strong>, sendo que mais de metade \u00e9 fresco; o restante frango \u00e9 desidratado e hidrolisado de f\u00edgado de frango. Al\u00e9m disso, a receita inclui ingredientes de alto valor nutricional, como \u00f3leo de peixe, leveduras, metionina e extratos naturais de tocofer\u00f3is.<\/p>\n<p><strong>Criadores S\u00e9nior<\/strong> oferece <strong>tr\u00eas benef\u00edcios chave para gatos com mais de 8 anos<\/strong>. Em primeiro lugar, <strong>protege o sistema renal e urin\u00e1rio<\/strong> atrav\u00e9s de um baixo teor de f\u00f3sforo inorg\u00e2nico e ingredientes como a metionina e o bissulfato de s\u00f3dio, que reduzem a forma\u00e7\u00e3o de c\u00e1lculos urin\u00e1rios e ajudam na sua dissolu\u00e7\u00e3o. Al\u00e9m disso, favorece a <strong>sa\u00fade das articula\u00e7\u00f5es<\/strong> gra\u00e7as \u00e0 presen\u00e7a de glucosamina e sulfato de condroitina, que ajudam a manter a funcionalidade das cartilagens. Finalmente, ajuda a garantir um <strong>envelhecimento saud\u00e1vel<\/strong> devido \u00e0 inclus\u00e3o de antioxidantes naturais que combatem o envelhecimento celular, bem como as vitaminas E e C.<\/p>\n<p><strong><em>Cuide da sa\u00fade do seu gato nesta nova fase da vida com uma ra\u00e7\u00e3o adaptada \u00e0s suas necessidades nutricionais.<\/em><\/strong><\/p>\n<p><em>Desde a data de rece\u00e7\u00e3o, garantimos um prazo de 3 meses at\u00e9 ao vencimento da data de validade ou de 1 m\u00eas no caso de produtos l\u00e1cteos e ra\u00e7\u00e3o org\u00e2nica.<\/em><\/p>\n","protected":false},"excerpt":{"rendered":"<p>A ra\u00e7\u00e3o Criadores S\u00e9nior para gatos \u00e9 um alimento completo e equilibrado que cuida da sa\u00fade do seu gato idoso. Uma f\u00f3rmula que ajuda a manter a sua &#8230;<\/p>\n","protected":false},"featured_media":1701,"comment_status":"open","ping_status":"closed","template":"","meta":{"_acf_changed":false},"product_brand":[],"product_cat":[105,111,106],"product_tag":[],"class_list":{"0":"post-2243","1":"product","2":"type-product","3":"status-publish","4":"has-post-thumbnail","6":"product_cat-alimentacao-seca-pt","7":"product_cat-gatos","8":"product_cat-original-gato-pt-pt","10":"first","11":"instock","12":"shipping-taxable","13":"product-type-simple"},"acf":[],"_links":{"self":[{"href":"https:\/\/www.criadores.es\/pt-pt\/wp-json\/wp\/v2\/product\/2243","targetHints":{"allow":["GET"]}}],"collection":[{"href":"https:\/\/www.criadores.es\/pt-pt\/wp-json\/wp\/v2\/product"}],"about":[{"href":"https:\/\/www.criadores.es\/pt-pt\/wp-json\/wp\/v2\/types\/product"}],"replies":[{"embeddable":true,"href":"https:\/\/www.criadores.es\/pt-pt\/wp-json\/wp\/v2\/comments?post=2243"}],"wp:featuredmedia":[{"embeddable":true,"href":"https:\/\/www.criadores.es\/pt-pt\/wp-json\/wp\/v2\/media\/1701"}],"wp:attachment":[{"href":"https:\/\/www.criadores.es\/pt-pt\/wp-json\/wp\/v2\/media?parent=2243"}],"wp:term":[{"taxonomy":"product_brand","embeddable":true,"href":"https:\/\/www.criadores.es\/pt-pt\/wp-json\/wp\/v2\/product_brand?post=2243"},{"taxonomy":"product_cat","embeddable":true,"href":"https:\/\/www.criadores.es\/pt-pt\/wp-json\/wp\/v2\/product_cat?post=2243"},{"taxonomy":"product_tag","embeddable":true,"href":"https:\/\/www.criadores.es\/pt-pt\/wp-json\/wp\/v2\/product_tag?post=2243"}],"curies":[{"name":"wp","href":"https:\/\/api.w.org\/{rel}","templated":true}]}}