{"id":2244,"date":"2025-02-11T12:44:16","date_gmt":"2025-02-11T11:44:16","guid":{"rendered":"https:\/\/www.criadores.es\/producto\/criadores-selva-snacks-para-cao\/"},"modified":"2025-06-11T17:19:11","modified_gmt":"2025-06-11T15:19:11","slug":"criadores-selva-snacks-para-cao","status":"publish","type":"product","link":"https:\/\/www.criadores.es\/pt-pt\/producto\/criadores-selva-snacks-para-cao\/","title":{"rendered":"Criadores Selva snacks para c\u00e3o"},"content":{"rendered":"<h2>Criadores Selva snack para roer de farinha de batata doce e ervilha<\/h2>\n<p>Os snacks dentais Criadores Selva s\u00e3o uns pr\u00e9mios para o seu c\u00e3o que <strong>proporcionam uma grande divers\u00e3o <\/strong>ao mesmo tempo em que contribuem para a sua<strong> sa\u00fade dent\u00e1ria<\/strong>. Est\u00e3o especialmente desenhados para ajudar na limpeza dos dentes dos c\u00e3es, enquanto os roem. Para isso, t\u00eam uma<strong> consist\u00eancia dura e muito atrativa<\/strong> que satisfaz o seu desejo de morder, com relevos que massageiam as gengivas.<\/p>\n<p>Estes snacks n\u00e3o s\u00f3 s\u00e3o <strong>irresist\u00edveis e estimulantes <\/strong>para os c\u00e3es, mas tamb\u00e9m promovem uma boca saud\u00e1vel e sem placa bacteriana. As linhas e relevos deste snack <strong>limpam o t\u00e1rtaro<\/strong> que se acumula perto das gengivas, combatendo tamb\u00e9m assim o mau h\u00e1lito. Ser\u00e1 uma estupenda alternativa aos tradicionais ossos de pele. E t\u00eam uma<strong> longa dura\u00e7\u00e3o!<\/strong><\/p>\n<p>Criadores Selva est\u00e3o elaborados com ingredientes selecionados de alta qualidade. Est\u00e3o feitos \u00e0 base de farinha de batata doce e de ervilhas,<strong> com frango, manteiga de amendoim e menta<\/strong> para melhorar o seu sabor e fazer com que sejam ainda mais deliciosos. S\u00e3o uns snacks<strong> livres de cereais, gl\u00faten e a\u00e7\u00facares<\/strong>, ideais para c\u00e3es com intoler\u00e2ncia a estes ingredientes. Al\u00e9m do mais, s\u00e3o baixos em gorduras, por tanto poder\u00e1 oferecer sem remorso.<\/p>\n<p>A sua embalagem \u00e9 um pr\u00e1tico frasco de 195 g com divertidas<strong> formas de animais:<\/strong> gorila, rinoceronte e le\u00e3o.<\/p>\n<p><strong><em>Cuide dos dentes do seu c\u00e3o enquanto ele desfruta de um pr\u00e9mio delicioso e de longa dura\u00e7\u00e3o com os snacks dentais Criadores Selva.<\/em><\/strong><\/p>\n","protected":false},"excerpt":{"rendered":"<p>Snacks dentais para c\u00e3es, t\u00eam consist\u00eancia dura e longa dura\u00e7\u00e3o, sua forma \u00e9 irregular e tem relevos para limpar os dentes e gengivas, feitas com ingredientes naturais, mantendo o c\u00e3o entretido.<\/p>\n","protected":false},"featured_media":1671,"comment_status":"open","ping_status":"closed","template":"","meta":{"_acf_changed":false},"product_brand":[],"product_cat":[92,98,101],"product_tag":[],"class_list":{"0":"post-2244","1":"product","2":"type-product","3":"status-publish","4":"has-post-thumbnail","6":"product_cat-cao","7":"product_cat-original-pt-pt","8":"product_cat-snacks-pt-pt","10":"first","11":"instock","12":"shipping-taxable","13":"product-type-simple"},"acf":[],"_links":{"self":[{"href":"https:\/\/www.criadores.es\/pt-pt\/wp-json\/wp\/v2\/product\/2244","targetHints":{"allow":["GET"]}}],"collection":[{"href":"https:\/\/www.criadores.es\/pt-pt\/wp-json\/wp\/v2\/product"}],"about":[{"href":"https:\/\/www.criadores.es\/pt-pt\/wp-json\/wp\/v2\/types\/product"}],"replies":[{"embeddable":true,"href":"https:\/\/www.criadores.es\/pt-pt\/wp-json\/wp\/v2\/comments?post=2244"}],"wp:featuredmedia":[{"embeddable":true,"href":"https:\/\/www.criadores.es\/pt-pt\/wp-json\/wp\/v2\/media\/1671"}],"wp:attachment":[{"href":"https:\/\/www.criadores.es\/pt-pt\/wp-json\/wp\/v2\/media?parent=2244"}],"wp:term":[{"taxonomy":"product_brand","embeddable":true,"href":"https:\/\/www.criadores.es\/pt-pt\/wp-json\/wp\/v2\/product_brand?post=2244"},{"taxonomy":"product_cat","embeddable":true,"href":"https:\/\/www.criadores.es\/pt-pt\/wp-json\/wp\/v2\/product_cat?post=2244"},{"taxonomy":"product_tag","embeddable":true,"href":"https:\/\/www.criadores.es\/pt-pt\/wp-json\/wp\/v2\/product_tag?post=2244"}],"curies":[{"name":"wp","href":"https:\/\/api.w.org\/{rel}","templated":true}]}}