{"id":2245,"date":"2025-02-11T10:36:31","date_gmt":"2025-02-11T09:36:31","guid":{"rendered":"https:\/\/www.criadores.es\/producto\/criadores-marina-snack-para-caes\/"},"modified":"2025-06-11T17:31:18","modified_gmt":"2025-06-11T15:31:18","slug":"criadores-marina-snack-para-caes","status":"publish","type":"product","link":"https:\/\/www.criadores.es\/pt-pt\/producto\/criadores-marina-snack-para-caes\/","title":{"rendered":"Criadores Marina Snack para\u00a0c\u00e3es"},"content":{"rendered":"<h2>Criadores Marina snack para roer de farinha de batata doce e ervilha<\/h2>\n<p>Os snacks dentais Criadores Marina s\u00e3o um alimento complementar ideal para o seu c\u00e3o. S\u00e3o deliciosos, saud\u00e1veis e <strong>ajudam a manter os dentes limpos<\/strong>. Al\u00e9m do mais, proporcionam um grande entretenimento j\u00e1 que s\u00e3o de<strong> longa dura\u00e7\u00e3o<\/strong>. A sua consist\u00eancia dura e mastig\u00e1vel vai satisfazer o desejo de roer do seu peludo e far\u00e1 com que seja o seu pr\u00e9mio favorito.<\/p>\n<p>Estes snacks est\u00e3o feitos com farinha de batata doce, farinha de ervilhas, peixe, frango, algas, colorau e tinta de s\u00e9pia. Ingredientes cuidadosamente selecionados e de alta qualidade que cuidam da sa\u00fade do seu animal de estima\u00e7\u00e3o, para que possa premi\u00e1-lo sem culpa. <strong>N\u00e3o cont\u00eam cereais, nem gl\u00faten nem a\u00e7\u00facares<\/strong><strong> e s\u00e3o <\/strong><strong>baixos em gorduras<\/strong><strong>.<\/strong><\/p>\n<p>Criadores Marina v\u00eam um pr\u00e1tico frasco de 195 g com v\u00e1rios snacks em <strong>forma de animais<\/strong> marinhos, como o peixe-bal\u00e3o, a estrela-do-mar e o cavalo-marinho. Al\u00e9m da sua consist\u00eancia dura, t\u00eam relevo em forma de linhas e bolinhas que<strong> promovem a limpeza dos dentes<\/strong>, que ajudam arrastar o t\u00e1rtaro e prevenir a placa bacteriana. E tudo isso enquanto o seu c\u00e3ozinho desfruta de um irresist\u00edvel snack.<\/p>\n<p><strong><em>Com os snacks dentais Criadores Marina o seu c\u00e3o passar\u00e1 um momento divertido a roer enquanto limpa os seus dentes.<\/em><\/strong><\/p>\n","protected":false},"excerpt":{"rendered":"<p>Snacks dentais para c\u00e3es acima de 4 meses de idade, feitos com ingredientes naturais, sem gl\u00faten, em forma de animais marinhos e ajudam a limpar os dentes e gengivas.<\/p>\n","protected":false},"featured_media":1656,"comment_status":"open","ping_status":"closed","template":"","meta":{"_acf_changed":false},"product_brand":[],"product_cat":[92,98,101],"product_tag":[],"class_list":{"0":"post-2245","1":"product","2":"type-product","3":"status-publish","4":"has-post-thumbnail","6":"product_cat-cao","7":"product_cat-original-pt-pt","8":"product_cat-snacks-pt-pt","10":"first","11":"instock","12":"shipping-taxable","13":"product-type-simple"},"acf":[],"_links":{"self":[{"href":"https:\/\/www.criadores.es\/pt-pt\/wp-json\/wp\/v2\/product\/2245","targetHints":{"allow":["GET"]}}],"collection":[{"href":"https:\/\/www.criadores.es\/pt-pt\/wp-json\/wp\/v2\/product"}],"about":[{"href":"https:\/\/www.criadores.es\/pt-pt\/wp-json\/wp\/v2\/types\/product"}],"replies":[{"embeddable":true,"href":"https:\/\/www.criadores.es\/pt-pt\/wp-json\/wp\/v2\/comments?post=2245"}],"wp:featuredmedia":[{"embeddable":true,"href":"https:\/\/www.criadores.es\/pt-pt\/wp-json\/wp\/v2\/media\/1656"}],"wp:attachment":[{"href":"https:\/\/www.criadores.es\/pt-pt\/wp-json\/wp\/v2\/media?parent=2245"}],"wp:term":[{"taxonomy":"product_brand","embeddable":true,"href":"https:\/\/www.criadores.es\/pt-pt\/wp-json\/wp\/v2\/product_brand?post=2245"},{"taxonomy":"product_cat","embeddable":true,"href":"https:\/\/www.criadores.es\/pt-pt\/wp-json\/wp\/v2\/product_cat?post=2245"},{"taxonomy":"product_tag","embeddable":true,"href":"https:\/\/www.criadores.es\/pt-pt\/wp-json\/wp\/v2\/product_tag?post=2245"}],"curies":[{"name":"wp","href":"https:\/\/api.w.org\/{rel}","templated":true}]}}