{"id":2246,"date":"2025-02-14T09:36:14","date_gmt":"2025-02-14T08:36:14","guid":{"rendered":"https:\/\/www.criadores.es\/producto\/criadores-biscoitos-vegetarianos-para-cachorros\/"},"modified":"2025-06-11T13:55:11","modified_gmt":"2025-06-11T11:55:11","slug":"criadores-biscoitos-vegetarianos-para-cachorros","status":"publish","type":"product","link":"https:\/\/www.criadores.es\/pt-pt\/producto\/criadores-biscoitos-vegetarianos-para-cachorros\/","title":{"rendered":"Criadores Biscoitos Vegetarianos para cachorros"},"content":{"rendered":"<h2>Ossinhos de biscoitos com aroma a hortel\u00e3 para cachorros Criadores Veggie Lovers<\/h2>\n<p>Os biscoitos vegetarianos Criadores Lovers Puppy s\u00e3o um alimento complement\u00e1rio ideal para mimar o seu cachorro. Um<strong> delicioso snack com forma de osso <\/strong>formulado especialmente para os c\u00e3es em crescimento, com uma receita adaptada \u00e0s suas necessidades. Com eles poder\u00e1 premiar o seu cachorro sem remorso, j\u00e1 que s\u00e3o saud\u00e1veis e n\u00e3o colocar\u00e1 em risco o seu desenvolvimento.<\/p>\n<p>Os ossinhos est\u00e3o elaborados com<strong> ingredientes completamente vegetais<\/strong>, sem adicionar carnes. S\u00e3o uma op\u00e7\u00e3o perfeita se quiser alimentar o seu cachorro sem ingredientes de origem animal ou se sofre de algum tipo de intoler\u00e2ncia \u00e0 carne. Um snack <strong>muito saboroso<\/strong> que o vai adorar e, al\u00e9m do mais, favorecer\u00e1 a sua sa\u00fade oral. A textura contribui para a limpeza dos seus dentes e, al\u00e9m do mais, t\u00eam <strong>aroma a hortel\u00e3<\/strong> para deixar uma sensa\u00e7\u00e3o refrescante na boca do seu cachorro.<\/p>\n<p>Conhe\u00e7a os demais <strong>biscoitos vegetarianos da gama Criadores Lovers<\/strong>, como os ursinhos de cores ou os rolinhos recheados de verduras.<\/p>\n<p><strong><em>Premie e mime o seu cachorro com um snack 100% vegetal e saud\u00e1vel como os biscoitos com forma de ossinho Criadores Lovers Puppy.<\/em><\/strong><\/p>\n","protected":false},"excerpt":{"rendered":"<p>Bolinhos vegetarianos para c\u00e3es, t\u00eam a forma de ossinhos e sabor de menta, s\u00e3o crocantes e f\u00e1ceis de digerir, ideais para oferecer como recompensa ou lanche.<\/p>\n","protected":false},"featured_media":2015,"comment_status":"open","ping_status":"closed","template":"","meta":{"_acf_changed":false},"product_brand":[],"product_cat":[92,98,101],"product_tag":[],"class_list":{"0":"post-2246","1":"product","2":"type-product","3":"status-publish","4":"has-post-thumbnail","6":"product_cat-cao","7":"product_cat-original-pt-pt","8":"product_cat-snacks-pt-pt","10":"first","11":"instock","12":"shipping-taxable","13":"product-type-simple"},"acf":[],"_links":{"self":[{"href":"https:\/\/www.criadores.es\/pt-pt\/wp-json\/wp\/v2\/product\/2246","targetHints":{"allow":["GET"]}}],"collection":[{"href":"https:\/\/www.criadores.es\/pt-pt\/wp-json\/wp\/v2\/product"}],"about":[{"href":"https:\/\/www.criadores.es\/pt-pt\/wp-json\/wp\/v2\/types\/product"}],"replies":[{"embeddable":true,"href":"https:\/\/www.criadores.es\/pt-pt\/wp-json\/wp\/v2\/comments?post=2246"}],"wp:featuredmedia":[{"embeddable":true,"href":"https:\/\/www.criadores.es\/pt-pt\/wp-json\/wp\/v2\/media\/2015"}],"wp:attachment":[{"href":"https:\/\/www.criadores.es\/pt-pt\/wp-json\/wp\/v2\/media?parent=2246"}],"wp:term":[{"taxonomy":"product_brand","embeddable":true,"href":"https:\/\/www.criadores.es\/pt-pt\/wp-json\/wp\/v2\/product_brand?post=2246"},{"taxonomy":"product_cat","embeddable":true,"href":"https:\/\/www.criadores.es\/pt-pt\/wp-json\/wp\/v2\/product_cat?post=2246"},{"taxonomy":"product_tag","embeddable":true,"href":"https:\/\/www.criadores.es\/pt-pt\/wp-json\/wp\/v2\/product_tag?post=2246"}],"curies":[{"name":"wp","href":"https:\/\/api.w.org\/{rel}","templated":true}]}}