{"id":2247,"date":"2025-02-14T11:26:15","date_gmt":"2025-02-14T10:26:15","guid":{"rendered":"https:\/\/www.criadores.es\/producto\/criadores-biscoitos-carne-para-caes\/"},"modified":"2025-06-11T17:00:40","modified_gmt":"2025-06-11T15:00:40","slug":"criadores-biscoitos-carne-para-caes","status":"publish","type":"product","link":"https:\/\/www.criadores.es\/pt-pt\/producto\/criadores-biscoitos-carne-para-caes\/","title":{"rendered":"Criadores Biscoitos carne para c\u00e3es"},"content":{"rendered":"<h2>Biscoitos para c\u00e3es com muita carne Criadores Meat Lovers<\/h2>\n<p>Os biscoitos Criadores Meat Lovers s\u00e3o um alimento complement\u00e1rio para c\u00e3es <strong>elaborado com ingredientes selecionados<\/strong>. O seu delicioso sabor a carne e a sua textura crocante conquistar\u00e1 o paladar do seu c\u00e3o desde o primeiro bocado. Uma forma estupenda de recompens\u00e1-lo pelo seu bom comportamento ou um mimo sempre que quiser.<\/p>\n<p>Estes deliciosos biscoitos t\u00eam um<strong> alto conte\u00fado de carne<\/strong>. Est\u00e3o feitos com carne de porco e gordura de frango, o que faz com que tenham um<strong> intenso sabor<\/strong>. Al\u00e9m do mais, t\u00eam um irresist\u00edvel <strong>aroma a bacon<\/strong> que o seu c\u00e3o reconhecer\u00e1 no momento. Aportam um extra de nutrientes e prote\u00ednas \u00e0 dieta do seu peludo. Um pr\u00e9mio delicioso e saud\u00e1vel adequado para c\u00e3es de todas as ra\u00e7as e tamanhos.<\/p>\n","protected":false},"excerpt":{"rendered":"<p>Biscoitos para c\u00e3es de todas as idades, ricos em prote\u00ednas de carne e com pouca gordura, s\u00e3o f\u00e1ceis de digerir e entret\u00eam a mascote, perfeitos para lanches ou recompensa.<\/p>\n","protected":false},"featured_media":2034,"comment_status":"open","ping_status":"closed","template":"","meta":{"_acf_changed":false},"product_brand":[],"product_cat":[92,98,101],"product_tag":[],"class_list":{"0":"post-2247","1":"product","2":"type-product","3":"status-publish","4":"has-post-thumbnail","6":"product_cat-cao","7":"product_cat-original-pt-pt","8":"product_cat-snacks-pt-pt","10":"first","11":"instock","12":"shipping-taxable","13":"product-type-simple"},"acf":[],"_links":{"self":[{"href":"https:\/\/www.criadores.es\/pt-pt\/wp-json\/wp\/v2\/product\/2247","targetHints":{"allow":["GET"]}}],"collection":[{"href":"https:\/\/www.criadores.es\/pt-pt\/wp-json\/wp\/v2\/product"}],"about":[{"href":"https:\/\/www.criadores.es\/pt-pt\/wp-json\/wp\/v2\/types\/product"}],"replies":[{"embeddable":true,"href":"https:\/\/www.criadores.es\/pt-pt\/wp-json\/wp\/v2\/comments?post=2247"}],"wp:featuredmedia":[{"embeddable":true,"href":"https:\/\/www.criadores.es\/pt-pt\/wp-json\/wp\/v2\/media\/2034"}],"wp:attachment":[{"href":"https:\/\/www.criadores.es\/pt-pt\/wp-json\/wp\/v2\/media?parent=2247"}],"wp:term":[{"taxonomy":"product_brand","embeddable":true,"href":"https:\/\/www.criadores.es\/pt-pt\/wp-json\/wp\/v2\/product_brand?post=2247"},{"taxonomy":"product_cat","embeddable":true,"href":"https:\/\/www.criadores.es\/pt-pt\/wp-json\/wp\/v2\/product_cat?post=2247"},{"taxonomy":"product_tag","embeddable":true,"href":"https:\/\/www.criadores.es\/pt-pt\/wp-json\/wp\/v2\/product_tag?post=2247"}],"curies":[{"name":"wp","href":"https:\/\/api.w.org\/{rel}","templated":true}]}}