{"id":2248,"date":"2025-02-13T17:01:06","date_gmt":"2025-02-13T16:01:06","guid":{"rendered":"https:\/\/www.criadores.es\/producto\/criadores-barrinhas-pato-para-caes\/"},"modified":"2025-06-12T10:21:03","modified_gmt":"2025-06-12T08:21:03","slug":"criadores-barrinhas-pato-para-caes","status":"publish","type":"product","link":"https:\/\/www.criadores.es\/pt-pt\/producto\/criadores-barrinhas-pato-para-caes\/","title":{"rendered":"Criadores Barrinhas Pato para c\u00e3es"},"content":{"rendered":"<h2>Sticks semi-h\u00famidas para c\u00e3es Criadores sabor pato<\/h2>\n<p>Criadores Stick de Pato para c\u00e3es s\u00e3o uns<strong> deliciosos snacks naturais <\/strong>que seu c\u00e3ozinho de certeza vai adorar. Tenras sticks de carne e peixe frescos com um sabor e um aroma irresist\u00edveis. Al\u00e9m do mais, <strong>livres de cereais <\/strong>para favorecer uma boa digest\u00e3o e evitar as intoler\u00e2ncias alimentares. Uma op\u00e7\u00e3o perfeita para todos os c\u00e3es, especialmente para aqueles com o est\u00f4mago sens\u00edvel ou um paladar muito exigente.<\/p>\n<p>As sticks Criadores Stick t\u00eam uma<strong> textura muito tenra<\/strong> que faz com que sejam muito f\u00e1ceis de partir e mastigar, portanto ser\u00e1 o snack preferido de todos os c\u00e3es. Mas, o melhor de tudo, \u00e9 a sua composi\u00e7\u00e3o e a sua elabora\u00e7\u00e3o. Est\u00e3o feitas com ingredientes naturais prensados em frio, sem aditivos. Cont\u00eam, nem mais nem menos que, <strong>85% de carne e peixe frescos<\/strong>, aportando prote\u00ednas de alto valor biol\u00f3gico.<\/p>\n<p>O <strong>prensado em frio<\/strong> \u00e9 uma t\u00e9cnica mediante a qual os ingredientes s\u00e3o preparados a uma temperatura muito baixa. Isto, al\u00e9m de manter todo o seu sabor natural, permite conservar todas as suas propriedades nutricionais, evita as contamina\u00e7\u00f5es ambientais e faz com que o alimento seja muito mais<strong> f\u00e1cil de digerir<\/strong>.<\/p>\n<p>As sticks v\u00eam embaladas individualmente em uma<strong> r\u00e9stia de 8 unidades<\/strong> para que possa oferecer sempre que quiser. Est\u00e3o dispon\u00edveis em v\u00e1rios sabores: <strong>porco, pato, peru e peixe.<\/strong> Qual ser\u00e1 o favorito do seu c\u00e3o?<\/p>\n<p><strong><em>Ofere\u00e7a ao seu c\u00e3o um snack natural, saboroso e de alta qualidade com as sticks Criadores Stick.<\/em><\/strong><\/p>\n<p><em>A partir da data em que os receba \u00e9 garantido um prazo de 3 meses antes do vencimento da data de validade, ou de 1 m\u00eas no caso dos produtos l\u00e1cteos e da ra\u00e7\u00e3o ecol\u00f3gica.<\/em><\/p>\n","protected":false},"excerpt":{"rendered":"<p>Barras de pato para c\u00e3es, s\u00e3o semi \u00famidas e ricas em prote\u00ednas, sem gl\u00faten, s\u00e3o f\u00e1ceis de digerir e adequadas para animais de estima\u00e7\u00e3o com intoler\u00e2ncia ou alergias alimentares.<\/p>\n","protected":false},"featured_media":1963,"comment_status":"open","ping_status":"closed","template":"","meta":{"_acf_changed":false},"product_brand":[],"product_cat":[92,98,101],"product_tag":[],"class_list":{"0":"post-2248","1":"product","2":"type-product","3":"status-publish","4":"has-post-thumbnail","6":"product_cat-cao","7":"product_cat-original-pt-pt","8":"product_cat-snacks-pt-pt","10":"first","11":"instock","12":"shipping-taxable","13":"product-type-simple"},"acf":[],"_links":{"self":[{"href":"https:\/\/www.criadores.es\/pt-pt\/wp-json\/wp\/v2\/product\/2248","targetHints":{"allow":["GET"]}}],"collection":[{"href":"https:\/\/www.criadores.es\/pt-pt\/wp-json\/wp\/v2\/product"}],"about":[{"href":"https:\/\/www.criadores.es\/pt-pt\/wp-json\/wp\/v2\/types\/product"}],"replies":[{"embeddable":true,"href":"https:\/\/www.criadores.es\/pt-pt\/wp-json\/wp\/v2\/comments?post=2248"}],"wp:featuredmedia":[{"embeddable":true,"href":"https:\/\/www.criadores.es\/pt-pt\/wp-json\/wp\/v2\/media\/1963"}],"wp:attachment":[{"href":"https:\/\/www.criadores.es\/pt-pt\/wp-json\/wp\/v2\/media?parent=2248"}],"wp:term":[{"taxonomy":"product_brand","embeddable":true,"href":"https:\/\/www.criadores.es\/pt-pt\/wp-json\/wp\/v2\/product_brand?post=2248"},{"taxonomy":"product_cat","embeddable":true,"href":"https:\/\/www.criadores.es\/pt-pt\/wp-json\/wp\/v2\/product_cat?post=2248"},{"taxonomy":"product_tag","embeddable":true,"href":"https:\/\/www.criadores.es\/pt-pt\/wp-json\/wp\/v2\/product_tag?post=2248"}],"curies":[{"name":"wp","href":"https:\/\/api.w.org\/{rel}","templated":true}]}}