{"id":2249,"date":"2025-02-11T09:03:26","date_gmt":"2025-02-11T08:03:26","guid":{"rendered":"https:\/\/www.criadores.es\/producto\/criadores-stick-peixe-barras-snack-para-gatos\/"},"modified":"2025-06-12T14:07:18","modified_gmt":"2025-06-12T12:07:18","slug":"criadores-stick-peixe-barras-snack-para-gatos","status":"publish","type":"product","link":"https:\/\/www.criadores.es\/pt-pt\/producto\/criadores-stick-peixe-barras-snack-para-gatos\/","title":{"rendered":"Criadores Stick Peixe barras snack para gatos"},"content":{"rendered":"<h2>Sticks semi-h\u00famidas para gatos Criadores sabor peixe<\/h2>\n<p>Criadores Stick de Peixe para gatos s\u00e3o uns<strong> snacks naturais elaborados com 85% de carne e peixe frescos.<\/strong> Uma del\u00edcia irresist\u00edvel para qualquer felino com uma textura muito tenra e suculenta que o seu gato vai adorar. Sem d\u00favida alguma, estas sticks ser\u00e3o o pr\u00e9mio favorito do seu gato!<\/p>\n<p>Estes snacks para gatos s\u00e3o uma das melhores op\u00e7\u00f5es para mim\u00e1-los sem remorso. Al\u00e9m de incorporar um alto conte\u00fado de carne fresca,<strong> n\u00e3o cont\u00eam cereais<\/strong>, por tanto s\u00e3o perfeitos para gatos com o est\u00f4mago delicado ou com alergia ao gr\u00e3o. As sticks est\u00e3o <strong>prensadas em frio<\/strong>, um m\u00e9todo de elabora\u00e7\u00e3o que consiste em cozinhar e comprimir os ingredientes a uma temperatura muito baixa, conservando desta forma todas as suas propriedades nutricionais intatas e mantendo todo o<strong> sabor natural da carne<\/strong>. Al\u00e9m do mais, tamb\u00e9m fazem com que o alimento seja mais diger\u00edvel.<\/p>\n<p>Estas sticks de carne s\u00e3o<strong> muito saborosas<\/strong> e t\u00eam um aroma intenso que ativar\u00e1 imediatamente o olfato do seu gato. Al\u00e9m do mais, t\u00eam uma <strong>consist\u00eancia mastig\u00e1vel <\/strong>que faz com que sejam muito f\u00e1ceis de comer. Tamb\u00e9m permite dividi-las em v\u00e1rios pedacinhos com a m\u00e3o, para poder oferecer mais vezes. Na embalagem h\u00e1 uma<strong> r\u00e9stia com 8 unidades individuais<\/strong> para mant\u00ea-las frescas e tenras durante muito mais tempo.<\/p>\n<p>Experimente as diferentes<strong> variedades de Criadores Sticks:<\/strong> <strong>porco, pato, peru e peixe.<\/strong><\/p>\n<p><strong><em>Surpreenda o seu felino com as deliciosas sticks de carne Criadores Stick, com um sabor, um aroma e uma textura irresist\u00edveis.<\/em><\/strong><\/p>\n<p><em>A partir da data em que os receba \u00e9 garantido um prazo de 3 meses antes do vencimento da data de validade, ou de 1 m\u00eas no caso dos produtos l\u00e1cteos e da ra\u00e7\u00e3o ecol\u00f3gica.<\/em><\/p>\n","protected":false},"excerpt":{"rendered":"<p>Criadores Stick de Peixe para gatos s\u00e3o uns snacks naturais elaborados com 85% de carne e peixe frescos. Uma del\u00edcia irresist\u00edvel para qualquer felino com uma textura muito tenra &#8230;<\/p>\n","protected":false},"featured_media":1637,"comment_status":"open","ping_status":"closed","template":"","meta":{"_acf_changed":false},"product_brand":[],"product_cat":[111,106,103],"product_tag":[],"class_list":{"0":"post-2249","1":"product","2":"type-product","3":"status-publish","4":"has-post-thumbnail","6":"product_cat-gatos","7":"product_cat-original-gato-pt-pt","8":"product_cat-snacks-pt","10":"first","11":"instock","12":"shipping-taxable","13":"product-type-simple"},"acf":[],"_links":{"self":[{"href":"https:\/\/www.criadores.es\/pt-pt\/wp-json\/wp\/v2\/product\/2249","targetHints":{"allow":["GET"]}}],"collection":[{"href":"https:\/\/www.criadores.es\/pt-pt\/wp-json\/wp\/v2\/product"}],"about":[{"href":"https:\/\/www.criadores.es\/pt-pt\/wp-json\/wp\/v2\/types\/product"}],"replies":[{"embeddable":true,"href":"https:\/\/www.criadores.es\/pt-pt\/wp-json\/wp\/v2\/comments?post=2249"}],"wp:featuredmedia":[{"embeddable":true,"href":"https:\/\/www.criadores.es\/pt-pt\/wp-json\/wp\/v2\/media\/1637"}],"wp:attachment":[{"href":"https:\/\/www.criadores.es\/pt-pt\/wp-json\/wp\/v2\/media?parent=2249"}],"wp:term":[{"taxonomy":"product_brand","embeddable":true,"href":"https:\/\/www.criadores.es\/pt-pt\/wp-json\/wp\/v2\/product_brand?post=2249"},{"taxonomy":"product_cat","embeddable":true,"href":"https:\/\/www.criadores.es\/pt-pt\/wp-json\/wp\/v2\/product_cat?post=2249"},{"taxonomy":"product_tag","embeddable":true,"href":"https:\/\/www.criadores.es\/pt-pt\/wp-json\/wp\/v2\/product_tag?post=2249"}],"curies":[{"name":"wp","href":"https:\/\/api.w.org\/{rel}","templated":true}]}}