{"id":2251,"date":"2025-02-12T17:02:36","date_gmt":"2025-02-12T16:02:36","guid":{"rendered":"https:\/\/www.criadores.es\/producto\/criadores-snack-humido-ossinhos-frango-para-caes-2\/"},"modified":"2025-06-12T12:48:21","modified_gmt":"2025-06-12T10:48:21","slug":"criadores-snack-humido-ossinhos-frango-para-caes-2","status":"publish","type":"product","link":"https:\/\/www.criadores.es\/pt-pt\/producto\/criadores-snack-humido-ossinhos-frango-para-caes-2\/","title":{"rendered":"Criadores snack h\u00famido ossinhos frango para c\u00e3es"},"content":{"rendered":"<h2>Alimento complementar semi-h\u00famido para c\u00e3es.<\/h2>\n<p>Estes deliciosos snacks em forma de osso s\u00e3o um suplemento ideal para cuidar da sa\u00fade do seu c\u00e3o ao mesmo tempo que recebe um petisco suculento.<strong> S\u00e3o guloseimas adequadas para c\u00e3es de todas as idades e tamanhos, desde cachorros at\u00e9 c\u00e3es mais velhos<\/strong>. S\u00e3o molinhas, saborosas, apetitosas e perfeitas para dar-las como recompensa nas sess\u00f5es de treino ou simplesmente como pr\u00eamio a qualquer hora.<\/p>\n<p><em>A partir da data em que os receba \u00e9 garantido um prazo de 3 meses antes do vencimento da data de validade, ou de 1 m\u00eas no caso dos produtos l\u00b4cteos e a ra\u00e7\u00e3o ecol\u00f3gica.<\/em><\/p>\n","protected":false},"excerpt":{"rendered":"<p>Ossinhos semi \u00famidos de frango para c\u00e3es de todas as idades, s\u00e3o um petisco feito com ingredientes naturais, ideais para oferecer como recompensa nos treinos ou como lanche, s\u00e3o muito f\u00e1ceis de digerir.<\/p>\n","protected":false},"featured_media":1777,"comment_status":"open","ping_status":"closed","template":"","meta":{"_acf_changed":false},"product_brand":[],"product_cat":[92,98,101],"product_tag":[],"class_list":{"0":"post-2251","1":"product","2":"type-product","3":"status-publish","4":"has-post-thumbnail","6":"product_cat-cao","7":"product_cat-original-pt-pt","8":"product_cat-snacks-pt-pt","10":"first","11":"instock","12":"shipping-taxable","13":"product-type-simple"},"acf":[],"_links":{"self":[{"href":"https:\/\/www.criadores.es\/pt-pt\/wp-json\/wp\/v2\/product\/2251","targetHints":{"allow":["GET"]}}],"collection":[{"href":"https:\/\/www.criadores.es\/pt-pt\/wp-json\/wp\/v2\/product"}],"about":[{"href":"https:\/\/www.criadores.es\/pt-pt\/wp-json\/wp\/v2\/types\/product"}],"replies":[{"embeddable":true,"href":"https:\/\/www.criadores.es\/pt-pt\/wp-json\/wp\/v2\/comments?post=2251"}],"wp:featuredmedia":[{"embeddable":true,"href":"https:\/\/www.criadores.es\/pt-pt\/wp-json\/wp\/v2\/media\/1777"}],"wp:attachment":[{"href":"https:\/\/www.criadores.es\/pt-pt\/wp-json\/wp\/v2\/media?parent=2251"}],"wp:term":[{"taxonomy":"product_brand","embeddable":true,"href":"https:\/\/www.criadores.es\/pt-pt\/wp-json\/wp\/v2\/product_brand?post=2251"},{"taxonomy":"product_cat","embeddable":true,"href":"https:\/\/www.criadores.es\/pt-pt\/wp-json\/wp\/v2\/product_cat?post=2251"},{"taxonomy":"product_tag","embeddable":true,"href":"https:\/\/www.criadores.es\/pt-pt\/wp-json\/wp\/v2\/product_tag?post=2251"}],"curies":[{"name":"wp","href":"https:\/\/api.w.org\/{rel}","templated":true}]}}