{"id":2256,"date":"2025-02-11T12:52:26","date_gmt":"2025-02-11T11:52:26","guid":{"rendered":"https:\/\/www.criadores.es\/producto\/criadores-snack-humido-mini-coracoes-para-caes\/"},"modified":"2025-06-11T17:18:36","modified_gmt":"2025-06-11T15:18:36","slug":"criadores-snack-humido-mini-coracoes-para-caes","status":"publish","type":"product","link":"https:\/\/www.criadores.es\/pt-pt\/producto\/criadores-snack-humido-mini-coracoes-para-caes\/","title":{"rendered":"Criadores snack h\u00famido mini cora\u00e7\u00f5es para c\u00e3es"},"content":{"rendered":"<h2>Alimento complementar semi-h\u00famido para c\u00e3es.<\/h2>\n<p>Estas deliciosas guloseimas em forma de cora\u00e7\u00e3o s\u00e3o um alimento complementar ideal para cuidar da sa\u00fade do seu c\u00e3o ao mesmo tempo que recebe um petisco suculento. S\u00e3o guloseimas adequadas para <b>c\u00e3es de todas as idades e tamanhos, desde cachorros at\u00e9 c\u00e3es mais velhos.<\/b> S\u00e3o muito molinhas, saborosas e apetitosas. S\u00e3o <b>perfeitas para d\u00e1-las como recompensa nas sess\u00f5es de treino ou simplesmente como pr\u00e9mio<\/b> a qualquer hora.<\/p>\n<p><em>A partir da data em que os receba \u00e9 garantido um prazo de 3 meses antes do vencimento da data de validade, ou de 1 m\u00eas no caso dos produtos l\u00b4cteos e a ra\u00e7\u00e3o ecol\u00f3gica.<\/em><\/p>\n","protected":false},"excerpt":{"rendered":"<p>Biscoitos em forma de cora\u00e7\u00e3o para c\u00e3es de todas as idades, s\u00e3o semi-midos e preparados com carne, cereais e derivados vegetais. Cont\u00eam \u00f3leo de salm\u00e3o rico em \u00d4mega 3 e 6, para uma pele e pelagem macias e brilhantes.<\/p>\n","protected":false},"featured_media":1673,"comment_status":"open","ping_status":"closed","template":"","meta":{"_acf_changed":false},"product_brand":[],"product_cat":[92,98,101],"product_tag":[],"class_list":{"0":"post-2256","1":"product","2":"type-product","3":"status-publish","4":"has-post-thumbnail","6":"product_cat-cao","7":"product_cat-original-pt-pt","8":"product_cat-snacks-pt-pt","10":"first","11":"instock","12":"shipping-taxable","13":"product-type-simple"},"acf":[],"_links":{"self":[{"href":"https:\/\/www.criadores.es\/pt-pt\/wp-json\/wp\/v2\/product\/2256","targetHints":{"allow":["GET"]}}],"collection":[{"href":"https:\/\/www.criadores.es\/pt-pt\/wp-json\/wp\/v2\/product"}],"about":[{"href":"https:\/\/www.criadores.es\/pt-pt\/wp-json\/wp\/v2\/types\/product"}],"replies":[{"embeddable":true,"href":"https:\/\/www.criadores.es\/pt-pt\/wp-json\/wp\/v2\/comments?post=2256"}],"wp:featuredmedia":[{"embeddable":true,"href":"https:\/\/www.criadores.es\/pt-pt\/wp-json\/wp\/v2\/media\/1673"}],"wp:attachment":[{"href":"https:\/\/www.criadores.es\/pt-pt\/wp-json\/wp\/v2\/media?parent=2256"}],"wp:term":[{"taxonomy":"product_brand","embeddable":true,"href":"https:\/\/www.criadores.es\/pt-pt\/wp-json\/wp\/v2\/product_brand?post=2256"},{"taxonomy":"product_cat","embeddable":true,"href":"https:\/\/www.criadores.es\/pt-pt\/wp-json\/wp\/v2\/product_cat?post=2256"},{"taxonomy":"product_tag","embeddable":true,"href":"https:\/\/www.criadores.es\/pt-pt\/wp-json\/wp\/v2\/product_tag?post=2256"}],"curies":[{"name":"wp","href":"https:\/\/api.w.org\/{rel}","templated":true}]}}